{"id":3229,"date":"2025-04-17T23:18:20","date_gmt":"2025-04-17T21:18:20","guid":{"rendered":"https:\/\/www.regionalis.shop\/ricardart\/product\/wickelarmband-rosenquarz-mandala-lebensbaum-gold\/"},"modified":"2025-04-17T23:18:20","modified_gmt":"2025-04-17T21:18:20","slug":"wickelarmband-rosenquarz-mandala-lebensbaum-gold","status":"publish","type":"product","link":"https:\/\/www.regionalis.shop\/ricardart\/shop\/wickelarmband-rosenquarz-mandala-lebensbaum-gold\/","title":{"rendered":"WICKELARMBAND Rosenquarz Mandala &#8211; Lebensbaum gold"},"content":{"rendered":"<p>Extralanges Edelsteinband von Hand gefertigt aus gewachstem, sehr strapazierf\u00e4higem Makrameegarn (wasserfest), best\u00fcckt mit nat\u00fcrlichem Rosenquarz, kleinen Messingperlen &#038; Lebensbaumperle aus H\u00e4matit.<br \/>\nZum Wickeln ums Handgelenk, den Kn\u00f6chel oder auch um den Hals.<br \/>\nL\u00e4nge: mind. 60cm<\/p>\n","protected":false},"excerpt":{"rendered":"<p>Extralanges Edelsteinband von Hand gefertigt aus gewachstem, sehr strapazierf\u00e4higem Makrameegarn (wasserfest), best\u00fcckt mit nat\u00fcrlichem Rosenquarz, kleinen Messingperlen &#038; Lebensbaumperle aus H\u00e4matit. Zum Wickeln ums Handgelenk, den Kn\u00f6chel oder auch um den Hals. L\u00e4nge: mind. 60cm<\/p>\n","protected":false},"featured_media":3230,"template":"","meta":{"_acf_changed":false},"product_brand":[],"product_cat":[110,70],"product_tag":[],"class_list":{"0":"post-3229","1":"product","2":"type-product","3":"status-publish","4":"has-post-thumbnail","6":"product_cat-armbaender","7":"product_cat-schmuck","9":"first","10":"instock","11":"purchasable","12":"product-type-simple"},"acf":[],"_links":{"self":[{"href":"https:\/\/www.regionalis.shop\/ricardart\/wp-json\/wp\/v2\/product\/3229","targetHints":{"allow":["GET"]}}],"collection":[{"href":"https:\/\/www.regionalis.shop\/ricardart\/wp-json\/wp\/v2\/product"}],"about":[{"href":"https:\/\/www.regionalis.shop\/ricardart\/wp-json\/wp\/v2\/types\/product"}],"wp:featuredmedia":[{"embeddable":true,"href":"https:\/\/www.regionalis.shop\/ricardart\/wp-json\/wp\/v2\/media\/3230"}],"wp:attachment":[{"href":"https:\/\/www.regionalis.shop\/ricardart\/wp-json\/wp\/v2\/media?parent=3229"}],"wp:term":[{"taxonomy":"product_brand","embeddable":true,"href":"https:\/\/www.regionalis.shop\/ricardart\/wp-json\/wp\/v2\/product_brand?post=3229"},{"taxonomy":"product_cat","embeddable":true,"href":"https:\/\/www.regionalis.shop\/ricardart\/wp-json\/wp\/v2\/product_cat?post=3229"},{"taxonomy":"product_tag","embeddable":true,"href":"https:\/\/www.regionalis.shop\/ricardart\/wp-json\/wp\/v2\/product_tag?post=3229"}],"curies":[{"name":"wp","href":"https:\/\/api.w.org\/{rel}","templated":true}]}}