{"id":3234,"date":"2025-04-17T23:18:20","date_gmt":"2025-04-17T21:18:20","guid":{"rendered":"https:\/\/www.regionalis.shop\/ricardart\/product\/rhodonit-rhodochrosit-doppelarmband-lebensblume\/"},"modified":"2025-04-17T23:18:20","modified_gmt":"2025-04-17T21:18:20","slug":"rhodonit-rhodochrosit-doppelarmband-lebensblume","status":"publish","type":"product","link":"https:\/\/www.regionalis.shop\/ricardart\/shop\/rhodonit-rhodochrosit-doppelarmband-lebensblume\/","title":{"rendered":"Rhodonit-Rhodochrosit Doppelarmband *LEBENSBLUME*"},"content":{"rendered":"<p>Handgefertigtes Lebendblumearmband (20mm Durchmesser) aus wasserfestem Makrameegarn (gewachst &#038; strapazierf\u00e4hig), mit nat\u00fcrlichen Rhodochrositperlen (4 &#038; 6mm) &#038; l\u00e4ngenverstellbarem Schiebeverschluss zum individuellen anpassen<\/p>\n<p>RHODOCHROSIT \u00a0(Herz-, &#038; Wurzelchakra)<br \/>\nKreativit\u00e4t ~ Lebensfreude ~ Wandel ~ Vitalit\u00e4t ~ Sexualit\u00e4t<br \/>\nSchenkt dir neue Perspektiven &#038; ist in Zeiten des Wandels ein treuer und unterst\u00fctzender Begleiter  Vitalit\u00e4t &#038; Lebensfreude werden gest\u00e4rkt und die positiven Dinge des Lebens r\u00fccken mit diesem rosaroten Schatz immer mehr in den Vordergrund \u00a0<\/p>\n<p>*du bekommst dein Schmuckst\u00fcck h\u00fcbsch verpackt in einem handbedruckten Naturleinenbeutel &#038; mit pers\u00f6nlichem Steckbrief beigelegt auf dem du die wichtigsten Infos zu deinem neuen Begleiter nachlesen kannst<\/p>\n","protected":false},"excerpt":{"rendered":"<p>Handgefertigtes Lebendblumearmband (20mm Durchmesser) aus wasserfestem Makrameegarn (gewachst &#038; strapazierf\u00e4hig), mit nat\u00fcrlichen Rhodochrositperlen (4 &#038; 6mm) &#038; l\u00e4ngenverstellbarem Schiebeverschluss zum individuellen anpassen RHODOCHROSIT \u00a0(Herz-, &#038; Wurzelchakra) Kreativit\u00e4t ~ Lebensfreude ~ Wandel ~ Vitalit\u00e4t ~ Sexualit\u00e4t Schenkt dir neue Perspektiven &#038; ist in Zeiten des Wandels ein treuer und unterst\u00fctzender Begleiter Vitalit\u00e4t &#038; Lebensfreude werden gest\u00e4rkt &hellip; <a href=\"https:\/\/www.regionalis.shop\/ricardart\/shop\/rhodonit-rhodochrosit-doppelarmband-lebensblume\/\">Continued<\/a><\/p>\n","protected":false},"featured_media":3235,"template":"","meta":{"_acf_changed":false},"product_brand":[],"product_cat":[110,70],"product_tag":[],"class_list":{"0":"post-3234","1":"product","2":"type-product","3":"status-publish","4":"has-post-thumbnail","6":"product_cat-armbaender","7":"product_cat-schmuck","9":"first","10":"instock","11":"purchasable","12":"product-type-simple"},"acf":[],"_links":{"self":[{"href":"https:\/\/www.regionalis.shop\/ricardart\/wp-json\/wp\/v2\/product\/3234","targetHints":{"allow":["GET"]}}],"collection":[{"href":"https:\/\/www.regionalis.shop\/ricardart\/wp-json\/wp\/v2\/product"}],"about":[{"href":"https:\/\/www.regionalis.shop\/ricardart\/wp-json\/wp\/v2\/types\/product"}],"wp:featuredmedia":[{"embeddable":true,"href":"https:\/\/www.regionalis.shop\/ricardart\/wp-json\/wp\/v2\/media\/3235"}],"wp:attachment":[{"href":"https:\/\/www.regionalis.shop\/ricardart\/wp-json\/wp\/v2\/media?parent=3234"}],"wp:term":[{"taxonomy":"product_brand","embeddable":true,"href":"https:\/\/www.regionalis.shop\/ricardart\/wp-json\/wp\/v2\/product_brand?post=3234"},{"taxonomy":"product_cat","embeddable":true,"href":"https:\/\/www.regionalis.shop\/ricardart\/wp-json\/wp\/v2\/product_cat?post=3234"},{"taxonomy":"product_tag","embeddable":true,"href":"https:\/\/www.regionalis.shop\/ricardart\/wp-json\/wp\/v2\/product_tag?post=3234"}],"curies":[{"name":"wp","href":"https:\/\/api.w.org\/{rel}","templated":true}]}}