{"id":3238,"date":"2025-04-17T23:17:26","date_gmt":"2025-04-17T21:17:26","guid":{"rendered":"https:\/\/www.regionalis.shop\/ricardart\/product\/rosenquarz-makrameekette-nature\/"},"modified":"2025-04-17T23:17:26","modified_gmt":"2025-04-17T21:17:26","slug":"rosenquarz-makrameekette-nature","status":"publish","type":"product","link":"https:\/\/www.regionalis.shop\/ricardart\/shop\/rosenquarz-makrameekette-nature\/","title":{"rendered":"Rosenquarz Makrameekette &#8217;nature&#8216;"},"content":{"rendered":"<p>Handgekn\u00fcpfte Halskette aus gewachstem Makrameegarn (strapazierf\u00e4hig &#038; wasserabweisend) mit antiallergenem Edelstahlverschluss (Karabiner &#038; Verl\u00e4ngerungskettche) und nat\u00fcrlichen Rosenquarzperlen (Herzchakra harmonisierend)<\/p>\n","protected":false},"excerpt":{"rendered":"<p>Handgekn\u00fcpfte Halskette aus gewachstem Makrameegarn (strapazierf\u00e4hig &#038; wasserabweisend) mit antiallergenem Edelstahlverschluss (Karabiner &#038; Verl\u00e4ngerungskettche) und nat\u00fcrlichen Rosenquarzperlen (Herzchakra harmonisierend)<\/p>\n","protected":false},"featured_media":3239,"template":"","meta":{"_acf_changed":false},"product_brand":[],"product_cat":[141,70],"product_tag":[],"class_list":{"0":"post-3238","1":"product","2":"type-product","3":"status-publish","4":"has-post-thumbnail","6":"product_cat-halsketten","7":"product_cat-schmuck","9":"first","10":"instock","11":"purchasable","12":"product-type-simple"},"acf":[],"_links":{"self":[{"href":"https:\/\/www.regionalis.shop\/ricardart\/wp-json\/wp\/v2\/product\/3238","targetHints":{"allow":["GET"]}}],"collection":[{"href":"https:\/\/www.regionalis.shop\/ricardart\/wp-json\/wp\/v2\/product"}],"about":[{"href":"https:\/\/www.regionalis.shop\/ricardart\/wp-json\/wp\/v2\/types\/product"}],"wp:featuredmedia":[{"embeddable":true,"href":"https:\/\/www.regionalis.shop\/ricardart\/wp-json\/wp\/v2\/media\/3239"}],"wp:attachment":[{"href":"https:\/\/www.regionalis.shop\/ricardart\/wp-json\/wp\/v2\/media?parent=3238"}],"wp:term":[{"taxonomy":"product_brand","embeddable":true,"href":"https:\/\/www.regionalis.shop\/ricardart\/wp-json\/wp\/v2\/product_brand?post=3238"},{"taxonomy":"product_cat","embeddable":true,"href":"https:\/\/www.regionalis.shop\/ricardart\/wp-json\/wp\/v2\/product_cat?post=3238"},{"taxonomy":"product_tag","embeddable":true,"href":"https:\/\/www.regionalis.shop\/ricardart\/wp-json\/wp\/v2\/product_tag?post=3238"}],"curies":[{"name":"wp","href":"https:\/\/api.w.org\/{rel}","templated":true}]}}