{"id":3241,"date":"2025-04-17T23:17:20","date_gmt":"2025-04-17T21:17:20","guid":{"rendered":"https:\/\/www.regionalis.shop\/ricardart\/product\/tigerauge-halskette\/"},"modified":"2025-04-17T23:17:20","modified_gmt":"2025-04-17T21:17:20","slug":"tigerauge-halskette","status":"publish","type":"product","link":"https:\/\/www.regionalis.shop\/ricardart\/shop\/tigerauge-halskette\/","title":{"rendered":"TIGERAUGE Halskette"},"content":{"rendered":"<p>Kraftvolle Tigerauge Halskette aus gewachstem, sehr strapazierf\u00e4higem Makrameegarn (wasserfest) mit l\u00e4ngenverstellbarem Schiebeverschluss zum individuellen Anpassen.<br \/>\nGr\u00f6\u00dfe Tigerauge: ~ 60mm*40mm<\/p>\n<p>*du bekommst dein Schmuckst\u00fcck h\u00fcbsch verpackt in einer handbedruckten Box aus recyceltem Altpapier, mit pers\u00f6nlichem Steckbrief beigelegt auf dem du die wichtigsten Infos zu deinem neuen Begleiter nachlesen kannst<\/p>\n<p>TIGERAUGE\u00a0(Solarplexuschakra\/ Manip\u016bra)<br \/>\nMut ~ Durchblick &#8211; Optimismus\u00a0<br \/>\nDer &#8218;Entscheidungs-Stein&#8216;<br \/>\nMit ihm f\u00e4llt es leichter klare Entscheidungen zu treffen.<br \/>\nDas Tigerauge schafft &#8218;Ordnung im Chaos&#8216;. In un\u00fcberschaubaren Situationen und wenn du dir einmal unsicher bist, unterst\u00fctzt es dabei den Fokus zu bewahren.<br \/>\nAls Talisman ein wunderbarer Wegbegleiter auf Reisen und unterwegs<\/p>\n","protected":false},"excerpt":{"rendered":"<p>Kraftvolle Tigerauge Halskette aus gewachstem, sehr strapazierf\u00e4higem Makrameegarn (wasserfest) mit l\u00e4ngenverstellbarem Schiebeverschluss zum individuellen Anpassen. Gr\u00f6\u00dfe Tigerauge: ~ 60mm*40mm *du bekommst dein Schmuckst\u00fcck h\u00fcbsch verpackt in einer handbedruckten Box aus recyceltem Altpapier, mit pers\u00f6nlichem Steckbrief beigelegt auf dem du die wichtigsten Infos zu deinem neuen Begleiter nachlesen kannst TIGERAUGE\u00a0(Solarplexuschakra\/ Manip\u016bra) Mut ~ Durchblick &#8211; Optimismus\u00a0 &hellip; <a href=\"https:\/\/www.regionalis.shop\/ricardart\/shop\/tigerauge-halskette\/\">Continued<\/a><\/p>\n","protected":false},"featured_media":3242,"template":"","meta":{"_acf_changed":false},"product_brand":[],"product_cat":[141,70],"product_tag":[],"class_list":{"0":"post-3241","1":"product","2":"type-product","3":"status-publish","4":"has-post-thumbnail","6":"product_cat-halsketten","7":"product_cat-schmuck","9":"first","10":"instock","11":"purchasable","12":"product-type-simple"},"acf":[],"_links":{"self":[{"href":"https:\/\/www.regionalis.shop\/ricardart\/wp-json\/wp\/v2\/product\/3241","targetHints":{"allow":["GET"]}}],"collection":[{"href":"https:\/\/www.regionalis.shop\/ricardart\/wp-json\/wp\/v2\/product"}],"about":[{"href":"https:\/\/www.regionalis.shop\/ricardart\/wp-json\/wp\/v2\/types\/product"}],"wp:featuredmedia":[{"embeddable":true,"href":"https:\/\/www.regionalis.shop\/ricardart\/wp-json\/wp\/v2\/media\/3242"}],"wp:attachment":[{"href":"https:\/\/www.regionalis.shop\/ricardart\/wp-json\/wp\/v2\/media?parent=3241"}],"wp:term":[{"taxonomy":"product_brand","embeddable":true,"href":"https:\/\/www.regionalis.shop\/ricardart\/wp-json\/wp\/v2\/product_brand?post=3241"},{"taxonomy":"product_cat","embeddable":true,"href":"https:\/\/www.regionalis.shop\/ricardart\/wp-json\/wp\/v2\/product_cat?post=3241"},{"taxonomy":"product_tag","embeddable":true,"href":"https:\/\/www.regionalis.shop\/ricardart\/wp-json\/wp\/v2\/product_tag?post=3241"}],"curies":[{"name":"wp","href":"https:\/\/api.w.org\/{rel}","templated":true}]}}