{"id":3247,"date":"2025-04-17T23:16:32","date_gmt":"2025-04-17T21:16:32","guid":{"rendered":"https:\/\/www.regionalis.shop\/ricardart\/product\/kauri-muschel-sommer-baender\/"},"modified":"2025-04-17T23:16:32","modified_gmt":"2025-04-17T21:16:32","slug":"kauri-muschel-sommer-baender","status":"publish","type":"product","link":"https:\/\/www.regionalis.shop\/ricardart\/shop\/kauri-muschel-sommer-baender\/","title":{"rendered":"Kauri &#8211;  Muschel Sommer  B\u00e4nder"},"content":{"rendered":"<p>&#8211; aus gewachstem &#038; wassertauglichem Makrameegarn (sehr strapazierf\u00e4hig)<br \/>\n&#8211; in vielen verschiedenen Farben mit oder ohne Edelsteine<br \/>\n&#8211; f\u00fcr Arm, Bein oder Hals<br \/>\n&#8211; zum selbst verknoten oder mit l\u00e4ngenverstellbarem Schiebeverschluss<\/p>\n","protected":false},"excerpt":{"rendered":"<p>&#8211; aus gewachstem &#038; wassertauglichem Makrameegarn (sehr strapazierf\u00e4hig) &#8211; in vielen verschiedenen Farben mit oder ohne Edelsteine &#8211; f\u00fcr Arm, Bein oder Hals &#8211; zum selbst verknoten oder mit l\u00e4ngenverstellbarem Schiebeverschluss<\/p>\n","protected":false},"featured_media":3248,"template":"","meta":{"_acf_changed":false},"product_brand":[],"product_cat":[110,70],"product_tag":[],"class_list":{"0":"post-3247","1":"product","2":"type-product","3":"status-publish","4":"has-post-thumbnail","6":"product_cat-armbaender","7":"product_cat-schmuck","9":"first","10":"instock","11":"purchasable","12":"product-type-simple"},"acf":[],"_links":{"self":[{"href":"https:\/\/www.regionalis.shop\/ricardart\/wp-json\/wp\/v2\/product\/3247","targetHints":{"allow":["GET"]}}],"collection":[{"href":"https:\/\/www.regionalis.shop\/ricardart\/wp-json\/wp\/v2\/product"}],"about":[{"href":"https:\/\/www.regionalis.shop\/ricardart\/wp-json\/wp\/v2\/types\/product"}],"wp:featuredmedia":[{"embeddable":true,"href":"https:\/\/www.regionalis.shop\/ricardart\/wp-json\/wp\/v2\/media\/3248"}],"wp:attachment":[{"href":"https:\/\/www.regionalis.shop\/ricardart\/wp-json\/wp\/v2\/media?parent=3247"}],"wp:term":[{"taxonomy":"product_brand","embeddable":true,"href":"https:\/\/www.regionalis.shop\/ricardart\/wp-json\/wp\/v2\/product_brand?post=3247"},{"taxonomy":"product_cat","embeddable":true,"href":"https:\/\/www.regionalis.shop\/ricardart\/wp-json\/wp\/v2\/product_cat?post=3247"},{"taxonomy":"product_tag","embeddable":true,"href":"https:\/\/www.regionalis.shop\/ricardart\/wp-json\/wp\/v2\/product_tag?post=3247"}],"curies":[{"name":"wp","href":"https:\/\/api.w.org\/{rel}","templated":true}]}}