{"id":3252,"date":"2025-04-17T23:16:32","date_gmt":"2025-04-17T21:16:32","guid":{"rendered":"https:\/\/www.regionalis.shop\/ricardart\/product\/fusskettchen-seed-of-life-natur-gold\/"},"modified":"2025-04-17T23:16:32","modified_gmt":"2025-04-17T21:16:32","slug":"fusskettchen-seed-of-life-natur-gold","status":"publish","type":"product","link":"https:\/\/www.regionalis.shop\/ricardart\/shop\/fusskettchen-seed-of-life-natur-gold\/","title":{"rendered":"Fu\u00dfkettchen &#8218;Seed of Life&#8216; natur \/ gold"},"content":{"rendered":"<p>Fu\u00dfkettchen in 2 Varianten mit nickelfreien Messinganh\u00e4nger &#8218;Seed of Life&#8216; &#8211; Anh\u00e4ngern (Saat des Lebens) &#038; Gl\u00f6ckchen in gold.<br \/>\nDer l\u00e4ngenverstellbare Schiebeknoten l\u00e4sst sich an jedes Bein individuell anpassen. Das verwendete Makrameegarn aus Polyester ist gewachst, sehr strapazierf\u00e4hig und darf auch nass werden. Perfekt also f\u00fcr den Sommer und f\u00fcr dauerhaftes Tragen \ud83d\ude42<\/p>\n","protected":false},"excerpt":{"rendered":"<p>Fu\u00dfkettchen in 2 Varianten mit nickelfreien Messinganh\u00e4nger &#8218;Seed of Life&#8216; &#8211; Anh\u00e4ngern (Saat des Lebens) &#038; Gl\u00f6ckchen in gold. Der l\u00e4ngenverstellbare Schiebeknoten l\u00e4sst sich an jedes Bein individuell anpassen. Das verwendete Makrameegarn aus Polyester ist gewachst, sehr strapazierf\u00e4hig und darf auch nass werden. Perfekt also f\u00fcr den Sommer und f\u00fcr dauerhaftes Tragen \ud83d\ude42<\/p>\n","protected":false},"featured_media":3253,"template":"","meta":{"_acf_changed":false},"product_brand":[],"product_cat":[154,70],"product_tag":[],"class_list":{"0":"post-3252","1":"product","2":"type-product","3":"status-publish","4":"has-post-thumbnail","6":"product_cat-koerperschmuck","7":"product_cat-schmuck","9":"first","10":"instock","11":"purchasable","12":"product-type-simple"},"acf":[],"_links":{"self":[{"href":"https:\/\/www.regionalis.shop\/ricardart\/wp-json\/wp\/v2\/product\/3252","targetHints":{"allow":["GET"]}}],"collection":[{"href":"https:\/\/www.regionalis.shop\/ricardart\/wp-json\/wp\/v2\/product"}],"about":[{"href":"https:\/\/www.regionalis.shop\/ricardart\/wp-json\/wp\/v2\/types\/product"}],"wp:featuredmedia":[{"embeddable":true,"href":"https:\/\/www.regionalis.shop\/ricardart\/wp-json\/wp\/v2\/media\/3253"}],"wp:attachment":[{"href":"https:\/\/www.regionalis.shop\/ricardart\/wp-json\/wp\/v2\/media?parent=3252"}],"wp:term":[{"taxonomy":"product_brand","embeddable":true,"href":"https:\/\/www.regionalis.shop\/ricardart\/wp-json\/wp\/v2\/product_brand?post=3252"},{"taxonomy":"product_cat","embeddable":true,"href":"https:\/\/www.regionalis.shop\/ricardart\/wp-json\/wp\/v2\/product_cat?post=3252"},{"taxonomy":"product_tag","embeddable":true,"href":"https:\/\/www.regionalis.shop\/ricardart\/wp-json\/wp\/v2\/product_tag?post=3252"}],"curies":[{"name":"wp","href":"https:\/\/api.w.org\/{rel}","templated":true}]}}