{"id":1062,"date":"2025-04-28T04:19:23","date_gmt":"2025-04-28T02:19:23","guid":{"rendered":"https:\/\/www.regionalis.shop\/rosarium-cosmetics\/product\/seife-rose-65-g\/"},"modified":"2025-04-28T04:19:23","modified_gmt":"2025-04-28T02:19:23","slug":"seife-rose-65-g","status":"publish","type":"product","link":"https:\/\/www.regionalis.shop\/rosarium-cosmetics\/shop\/seife-rose-65-g\/","title":{"rendered":"Seife Rose 65 g"},"content":{"rendered":"<p>Reinigt, pflegt, spendet Feuchtigkeit auf nat\u00fcrliche Art und verzaubert mit einem wundersch\u00f6nen Duft. <\/p>\n<p>Wirkung:<br \/>\n&#8211; reinigt<br \/>\n&#8211; spendet Feuchtigkeit<br \/>\n&#8211; parf\u00fcmiert<\/p>\n<p>Ingredients: Glycerin, Aqua, Sodium Stearate, Propylene Glycol, Sorbitol, Sodium Laurate, Sodium Laureth Sulfate, Sodium Chloride, Sodium Lauryl Sulfate, Stearic Acid, Lauric Acid, Pentasodium Pentetate, Tetrasodium Etidronate, CI 14720, CI 28440, Aroma<\/p>\n<p>Beinhaltet: Geraniol, Linalol<\/p>\n","protected":false},"excerpt":{"rendered":"<p>Reinigt, pflegt, spendet Feuchtigkeit auf nat\u00fcrliche Art und verzaubert mit einem wundersch\u00f6nen Duft. Wirkung: &#8211; reinigt &#8211; spendet Feuchtigkeit &#8211; parf\u00fcmiert Ingredients: Glycerin, Aqua, Sodium Stearate, Propylene Glycol, Sorbitol, Sodium Laurate, Sodium Laureth Sulfate, Sodium Chloride, Sodium Lauryl Sulfate, Stearic Acid, Lauric Acid, Pentasodium Pentetate, Tetrasodium Etidronate, CI 14720, CI 28440, Aroma Beinhaltet: Geraniol, Linalol<\/p>\n","protected":false},"featured_media":1063,"template":"","meta":{"_acf_changed":false},"product_brand":[],"product_cat":[52,76],"product_tag":[],"class_list":{"0":"post-1062","1":"product","2":"type-product","3":"status-publish","4":"has-post-thumbnail","6":"product_cat-kosmetika","7":"product_cat-seifen","9":"first","10":"instock","11":"purchasable","12":"product-type-simple"},"acf":[],"_links":{"self":[{"href":"https:\/\/www.regionalis.shop\/rosarium-cosmetics\/wp-json\/wp\/v2\/product\/1062","targetHints":{"allow":["GET"]}}],"collection":[{"href":"https:\/\/www.regionalis.shop\/rosarium-cosmetics\/wp-json\/wp\/v2\/product"}],"about":[{"href":"https:\/\/www.regionalis.shop\/rosarium-cosmetics\/wp-json\/wp\/v2\/types\/product"}],"wp:featuredmedia":[{"embeddable":true,"href":"https:\/\/www.regionalis.shop\/rosarium-cosmetics\/wp-json\/wp\/v2\/media\/1063"}],"wp:attachment":[{"href":"https:\/\/www.regionalis.shop\/rosarium-cosmetics\/wp-json\/wp\/v2\/media?parent=1062"}],"wp:term":[{"taxonomy":"product_brand","embeddable":true,"href":"https:\/\/www.regionalis.shop\/rosarium-cosmetics\/wp-json\/wp\/v2\/product_brand?post=1062"},{"taxonomy":"product_cat","embeddable":true,"href":"https:\/\/www.regionalis.shop\/rosarium-cosmetics\/wp-json\/wp\/v2\/product_cat?post=1062"},{"taxonomy":"product_tag","embeddable":true,"href":"https:\/\/www.regionalis.shop\/rosarium-cosmetics\/wp-json\/wp\/v2\/product_tag?post=1062"}],"curies":[{"name":"wp","href":"https:\/\/api.w.org\/{rel}","templated":true}]}}