{"id":1066,"date":"2025-04-28T04:19:23","date_gmt":"2025-04-28T02:19:23","guid":{"rendered":"https:\/\/www.regionalis.shop\/rosarium-cosmetics\/product\/badesalz-magnesium-rosenblueten-300-ml\/"},"modified":"2025-04-28T04:19:23","modified_gmt":"2025-04-28T02:19:23","slug":"badesalz-magnesium-rosenblueten-300-ml","status":"publish","type":"product","link":"https:\/\/www.regionalis.shop\/rosarium-cosmetics\/shop\/badesalz-magnesium-rosenblueten-300-ml\/","title":{"rendered":"Badesalz Magnesium &#038; Rosenbl\u00fcten 300 ml"},"content":{"rendered":"<p>Magnesiumreich; wirkt revitalisierend, entspannend und regenerierend f\u00fcr deine Haut und dein K\u00f6rper. <\/p>\n<p>Wirkung:<br \/>\n&#8211; entspannt und belebt<br \/>\n&#8211; Hilft gegen Kr\u00e4mpfe und Muskelschmerzen<br \/>\n&#8211; unterst\u00fctzt die Erholung nach dem Sport und hilft gegen Ersch\u00f6pfung<br \/>\n&#8211; erweicht und gl\u00e4ttet trockene Haut<br \/>\n&#8211; unterst\u00fctzt Regeneration der Hautzellen <\/p>\n<p>Achtung: Kontakt mit wunder Haut vermeiden<\/p>\n<p>Ingredients: Maris Sal, Magnesium Sulfate, Rosa Centifolia Flower, Aroma<\/p>\n<p>Beinhaltet: Linalol<\/p>\n","protected":false},"excerpt":{"rendered":"<p>Magnesiumreich; wirkt revitalisierend, entspannend und regenerierend f\u00fcr deine Haut und dein K\u00f6rper. Wirkung: &#8211; entspannt und belebt &#8211; Hilft gegen Kr\u00e4mpfe und Muskelschmerzen &#8211; unterst\u00fctzt die Erholung nach dem Sport und hilft gegen Ersch\u00f6pfung &#8211; erweicht und gl\u00e4ttet trockene Haut &#8211; unterst\u00fctzt Regeneration der Hautzellen Achtung: Kontakt mit wunder Haut vermeiden Ingredients: Maris Sal, Magnesium &hellip; <a href=\"https:\/\/www.regionalis.shop\/rosarium-cosmetics\/shop\/badesalz-magnesium-rosenblueten-300-ml\/\">Continued<\/a><\/p>\n","protected":false},"featured_media":1067,"template":"","meta":{"_acf_changed":false},"product_brand":[],"product_cat":[153,52],"product_tag":[],"class_list":{"0":"post-1066","1":"product","2":"type-product","3":"status-publish","4":"has-post-thumbnail","6":"product_cat-koerperpflege","7":"product_cat-kosmetika","9":"first","10":"instock","11":"purchasable","12":"product-type-simple"},"acf":[],"_links":{"self":[{"href":"https:\/\/www.regionalis.shop\/rosarium-cosmetics\/wp-json\/wp\/v2\/product\/1066","targetHints":{"allow":["GET"]}}],"collection":[{"href":"https:\/\/www.regionalis.shop\/rosarium-cosmetics\/wp-json\/wp\/v2\/product"}],"about":[{"href":"https:\/\/www.regionalis.shop\/rosarium-cosmetics\/wp-json\/wp\/v2\/types\/product"}],"wp:featuredmedia":[{"embeddable":true,"href":"https:\/\/www.regionalis.shop\/rosarium-cosmetics\/wp-json\/wp\/v2\/media\/1067"}],"wp:attachment":[{"href":"https:\/\/www.regionalis.shop\/rosarium-cosmetics\/wp-json\/wp\/v2\/media?parent=1066"}],"wp:term":[{"taxonomy":"product_brand","embeddable":true,"href":"https:\/\/www.regionalis.shop\/rosarium-cosmetics\/wp-json\/wp\/v2\/product_brand?post=1066"},{"taxonomy":"product_cat","embeddable":true,"href":"https:\/\/www.regionalis.shop\/rosarium-cosmetics\/wp-json\/wp\/v2\/product_cat?post=1066"},{"taxonomy":"product_tag","embeddable":true,"href":"https:\/\/www.regionalis.shop\/rosarium-cosmetics\/wp-json\/wp\/v2\/product_tag?post=1066"}],"curies":[{"name":"wp","href":"https:\/\/api.w.org\/{rel}","templated":true}]}}