{"id":1081,"date":"2025-04-28T04:19:23","date_gmt":"2025-04-28T02:19:23","guid":{"rendered":"https:\/\/www.regionalis.shop\/rosarium-cosmetics\/product\/koerperbalsam-rose-120ml\/"},"modified":"2025-04-28T04:19:23","modified_gmt":"2025-04-28T02:19:23","slug":"koerperbalsam-rose-120ml","status":"publish","type":"product","link":"https:\/\/www.regionalis.shop\/rosarium-cosmetics\/shop\/koerperbalsam-rose-120ml\/","title":{"rendered":"K\u00f6rperbalsam Rose 120ml"},"content":{"rendered":"<p>Deine Haut bekommt eine erneute Chance sich gepflegt, befeuchtet und beruhigt zu f\u00fchlen; sie wird weich und geschmeidig wiedergeboren. Ihr Duft verzaubert und macht die Sinne gl\u00fccklich.<\/p>\n<p>Wirkung:<br \/>\n&#8211; beruhigt Deine Haut und st\u00e4rkt die Hautelastizit\u00e4t<br \/>\n&#8211; repariert und regeneriert<br \/>\n&#8211; spendet Feuchtigkeit<br \/>\n&#8211; wirkt Beruhigend bei Hautreizungen<\/p>\n<p>Aufbewahrungshinweis: Aufbewahrungstemperatur max. 23\u00b0<\/p>\n<p>Ingredients: Theobroma Cacao Seed Butter, Cocos Nucifera Oil, Helianthus Annuus Seed Oil, Beeswax, Cetyl Alcohol, Cetearyl Olivate, Sorbitan Olivate, Rosa Damascena Flower \/ Rosa Centifolia Flower, Tocopherol (Vit. E), Aroma<\/p>\n<p>Beinhaltet: Linalool, Geraniol, Benzyl Benzoate, Limonene<\/p>\n","protected":false},"excerpt":{"rendered":"<p>Deine Haut bekommt eine erneute Chance sich gepflegt, befeuchtet und beruhigt zu f\u00fchlen; sie wird weich und geschmeidig wiedergeboren. Ihr Duft verzaubert und macht die Sinne gl\u00fccklich. Wirkung: &#8211; beruhigt Deine Haut und st\u00e4rkt die Hautelastizit\u00e4t &#8211; repariert und regeneriert &#8211; spendet Feuchtigkeit &#8211; wirkt Beruhigend bei Hautreizungen Aufbewahrungshinweis: Aufbewahrungstemperatur max. 23\u00b0 Ingredients: Theobroma Cacao &hellip; <a href=\"https:\/\/www.regionalis.shop\/rosarium-cosmetics\/shop\/koerperbalsam-rose-120ml\/\">Continued<\/a><\/p>\n","protected":false},"featured_media":1082,"template":"","meta":{"_acf_changed":false},"product_brand":[],"product_cat":[153,52],"product_tag":[],"class_list":{"0":"post-1081","1":"product","2":"type-product","3":"status-publish","4":"has-post-thumbnail","6":"product_cat-koerperpflege","7":"product_cat-kosmetika","9":"first","10":"instock","11":"purchasable","12":"product-type-simple"},"acf":[],"_links":{"self":[{"href":"https:\/\/www.regionalis.shop\/rosarium-cosmetics\/wp-json\/wp\/v2\/product\/1081","targetHints":{"allow":["GET"]}}],"collection":[{"href":"https:\/\/www.regionalis.shop\/rosarium-cosmetics\/wp-json\/wp\/v2\/product"}],"about":[{"href":"https:\/\/www.regionalis.shop\/rosarium-cosmetics\/wp-json\/wp\/v2\/types\/product"}],"wp:featuredmedia":[{"embeddable":true,"href":"https:\/\/www.regionalis.shop\/rosarium-cosmetics\/wp-json\/wp\/v2\/media\/1082"}],"wp:attachment":[{"href":"https:\/\/www.regionalis.shop\/rosarium-cosmetics\/wp-json\/wp\/v2\/media?parent=1081"}],"wp:term":[{"taxonomy":"product_brand","embeddable":true,"href":"https:\/\/www.regionalis.shop\/rosarium-cosmetics\/wp-json\/wp\/v2\/product_brand?post=1081"},{"taxonomy":"product_cat","embeddable":true,"href":"https:\/\/www.regionalis.shop\/rosarium-cosmetics\/wp-json\/wp\/v2\/product_cat?post=1081"},{"taxonomy":"product_tag","embeddable":true,"href":"https:\/\/www.regionalis.shop\/rosarium-cosmetics\/wp-json\/wp\/v2\/product_tag?post=1081"}],"curies":[{"name":"wp","href":"https:\/\/api.w.org\/{rel}","templated":true}]}}