{"id":1085,"date":"2025-04-28T04:19:23","date_gmt":"2025-04-28T02:19:23","guid":{"rendered":"https:\/\/www.regionalis.shop\/rosarium-cosmetics\/product\/koerperpeeling-rohrzucker-rosenblueten-150ml\/"},"modified":"2025-04-28T04:19:23","modified_gmt":"2025-04-28T02:19:23","slug":"koerperpeeling-rohrzucker-rosenblueten-150ml","status":"publish","type":"product","link":"https:\/\/www.regionalis.shop\/rosarium-cosmetics\/shop\/koerperpeeling-rohrzucker-rosenblueten-150ml\/","title":{"rendered":"K\u00f6rperpeeling Rohrzucker &#038; Rosenbl\u00fcten 150ml"},"content":{"rendered":"<p>Deine Haut wird gereinigt, erneuert, gegl\u00e4ttet und bekommt eine frische Ausstrahlung. Keine weitere Verwendung von Hautcremen ist notwendig<\/p>\n<p>Wirkung:<br \/>\n&#8211; reinigt tief<br \/>\n&#8211; erweicht, gl\u00e4ttet und verfeinert<br \/>\n&#8211; spendet Feuchtigkeit und fettet ein<br \/>\n&#8211; Verbessert die Hautstrahlung<\/p>\n<p>Ingredients: Sucrose, Cocos Nucifera Oil, Helianthus Annuus Seed Oil, Mel, Cetyl Alcohol, Mauritia Flexuosa Fruit Oil, Rose Flower, Tocopherol (Vit. E), Aroma<\/p>\n<p>Beinhaltet: Linalool<\/p>\n","protected":false},"excerpt":{"rendered":"<p>Deine Haut wird gereinigt, erneuert, gegl\u00e4ttet und bekommt eine frische Ausstrahlung. Keine weitere Verwendung von Hautcremen ist notwendig Wirkung: &#8211; reinigt tief &#8211; erweicht, gl\u00e4ttet und verfeinert &#8211; spendet Feuchtigkeit und fettet ein &#8211; Verbessert die Hautstrahlung Ingredients: Sucrose, Cocos Nucifera Oil, Helianthus Annuus Seed Oil, Mel, Cetyl Alcohol, Mauritia Flexuosa Fruit Oil, Rose Flower, &hellip; <a href=\"https:\/\/www.regionalis.shop\/rosarium-cosmetics\/shop\/koerperpeeling-rohrzucker-rosenblueten-150ml\/\">Continued<\/a><\/p>\n","protected":false},"featured_media":1086,"template":"","meta":{"_acf_changed":false},"product_brand":[],"product_cat":[153,52],"product_tag":[],"class_list":{"0":"post-1085","1":"product","2":"type-product","3":"status-publish","4":"has-post-thumbnail","6":"product_cat-koerperpflege","7":"product_cat-kosmetika","9":"first","10":"instock","11":"purchasable","12":"product-type-simple"},"acf":[],"_links":{"self":[{"href":"https:\/\/www.regionalis.shop\/rosarium-cosmetics\/wp-json\/wp\/v2\/product\/1085","targetHints":{"allow":["GET"]}}],"collection":[{"href":"https:\/\/www.regionalis.shop\/rosarium-cosmetics\/wp-json\/wp\/v2\/product"}],"about":[{"href":"https:\/\/www.regionalis.shop\/rosarium-cosmetics\/wp-json\/wp\/v2\/types\/product"}],"wp:featuredmedia":[{"embeddable":true,"href":"https:\/\/www.regionalis.shop\/rosarium-cosmetics\/wp-json\/wp\/v2\/media\/1086"}],"wp:attachment":[{"href":"https:\/\/www.regionalis.shop\/rosarium-cosmetics\/wp-json\/wp\/v2\/media?parent=1085"}],"wp:term":[{"taxonomy":"product_brand","embeddable":true,"href":"https:\/\/www.regionalis.shop\/rosarium-cosmetics\/wp-json\/wp\/v2\/product_brand?post=1085"},{"taxonomy":"product_cat","embeddable":true,"href":"https:\/\/www.regionalis.shop\/rosarium-cosmetics\/wp-json\/wp\/v2\/product_cat?post=1085"},{"taxonomy":"product_tag","embeddable":true,"href":"https:\/\/www.regionalis.shop\/rosarium-cosmetics\/wp-json\/wp\/v2\/product_tag?post=1085"}],"curies":[{"name":"wp","href":"https:\/\/api.w.org\/{rel}","templated":true}]}}