{"id":1090,"date":"2025-04-28T04:19:23","date_gmt":"2025-04-28T02:19:23","guid":{"rendered":"https:\/\/www.regionalis.shop\/rosarium-cosmetics\/product\/koerperpeeling-himalaya-salz-rosenblueten-150ml\/"},"modified":"2025-04-28T04:19:23","modified_gmt":"2025-04-28T02:19:23","slug":"koerperpeeling-himalaya-salz-rosenblueten-150ml","status":"publish","type":"product","link":"https:\/\/www.regionalis.shop\/rosarium-cosmetics\/shop\/koerperpeeling-himalaya-salz-rosenblueten-150ml\/","title":{"rendered":"K\u00f6rperpeeling Himalaya Salz &#038; Rosenbl\u00fcten 150ml"},"content":{"rendered":"<p>Deine Haut wird tiefgehend gereinigt, erneuert und gegl\u00e4ttet. Keine weitere Verwendung von Hautcremen ist notwendig<\/p>\n<p>Wirkung:<br \/>\n&#8211; reinigt tief und entgiftet Deine Haut<br \/>\n&#8211; erweicht , gl\u00e4ttet und verfeinert<br \/>\n&#8211; verbessert der Hautaustrahlung<br \/>\n&#8211; wirkt antiseptisch und sch\u00fctzt vor Hautinfektionen<\/p>\n<p>Achtung: Kontakt mit wunder Haut vermeiden.<\/p>\n<p>Ingredients: Sodium Chloride, Cocos Nucifera Oil, Helianthus Annuus Seed Oil, Cetyl Alcohol, Rose Flower, Tocopherol (Vit. E), Aroma<\/p>\n<p>Beinhaltet: Linalool<\/p>\n","protected":false},"excerpt":{"rendered":"<p>Deine Haut wird tiefgehend gereinigt, erneuert und gegl\u00e4ttet. Keine weitere Verwendung von Hautcremen ist notwendig Wirkung: &#8211; reinigt tief und entgiftet Deine Haut &#8211; erweicht , gl\u00e4ttet und verfeinert &#8211; verbessert der Hautaustrahlung &#8211; wirkt antiseptisch und sch\u00fctzt vor Hautinfektionen Achtung: Kontakt mit wunder Haut vermeiden. Ingredients: Sodium Chloride, Cocos Nucifera Oil, Helianthus Annuus Seed &hellip; <a href=\"https:\/\/www.regionalis.shop\/rosarium-cosmetics\/shop\/koerperpeeling-himalaya-salz-rosenblueten-150ml\/\">Continued<\/a><\/p>\n","protected":false},"featured_media":1091,"template":"","meta":{"_acf_changed":false},"product_brand":[],"product_cat":[153,52],"product_tag":[],"class_list":{"0":"post-1090","1":"product","2":"type-product","3":"status-publish","4":"has-post-thumbnail","6":"product_cat-koerperpflege","7":"product_cat-kosmetika","9":"first","10":"instock","11":"purchasable","12":"product-type-simple"},"acf":[],"_links":{"self":[{"href":"https:\/\/www.regionalis.shop\/rosarium-cosmetics\/wp-json\/wp\/v2\/product\/1090","targetHints":{"allow":["GET"]}}],"collection":[{"href":"https:\/\/www.regionalis.shop\/rosarium-cosmetics\/wp-json\/wp\/v2\/product"}],"about":[{"href":"https:\/\/www.regionalis.shop\/rosarium-cosmetics\/wp-json\/wp\/v2\/types\/product"}],"wp:featuredmedia":[{"embeddable":true,"href":"https:\/\/www.regionalis.shop\/rosarium-cosmetics\/wp-json\/wp\/v2\/media\/1091"}],"wp:attachment":[{"href":"https:\/\/www.regionalis.shop\/rosarium-cosmetics\/wp-json\/wp\/v2\/media?parent=1090"}],"wp:term":[{"taxonomy":"product_brand","embeddable":true,"href":"https:\/\/www.regionalis.shop\/rosarium-cosmetics\/wp-json\/wp\/v2\/product_brand?post=1090"},{"taxonomy":"product_cat","embeddable":true,"href":"https:\/\/www.regionalis.shop\/rosarium-cosmetics\/wp-json\/wp\/v2\/product_cat?post=1090"},{"taxonomy":"product_tag","embeddable":true,"href":"https:\/\/www.regionalis.shop\/rosarium-cosmetics\/wp-json\/wp\/v2\/product_tag?post=1090"}],"curies":[{"name":"wp","href":"https:\/\/api.w.org\/{rel}","templated":true}]}}