{"id":1099,"date":"2025-04-28T04:19:23","date_gmt":"2025-04-28T02:19:23","guid":{"rendered":"https:\/\/www.regionalis.shop\/rosarium-cosmetics\/product\/gesichtsserum-15-ml\/"},"modified":"2025-04-28T04:19:23","modified_gmt":"2025-04-28T02:19:23","slug":"gesichtsserum-15-ml","status":"publish","type":"product","link":"https:\/\/www.regionalis.shop\/rosarium-cosmetics\/shop\/gesichtsserum-15-ml\/","title":{"rendered":"Gesichtsserum 15 ml"},"content":{"rendered":"<p>F\u00fcr Gesicht und Dekollet\u00e9.<\/p>\n<p>Deine Haut bekommt eine Chance sich j\u00fcnger, glatter, gestrafft und vitaler zu f\u00fchlen; Hautverf\u00e4rbungen werden erhellt. <\/p>\n<p>Wirkung:<br \/>\n&#8211; wirkt revitalisierend und regenerierend auf die Gesichtshaut<br \/>\n&#8211; gl\u00e4ttet und beruhigt<br \/>\n&#8211; sch\u00fctzt die Haut vor dem Austrocknen und vor freien Radikalen<br \/>\n&#8211; verbessert die Hautfarbe und Ausstrahlung<\/p>\n<p>Aufbewahrungshinweis: Aufbewahrungstemperatur max. 23\u00b0<\/p>\n<p>Ingredients: Argania Spinosa Kernel Oil, Rosa Canina Seed Oil, Squalane, Tocopherol (Vit. E), Helianthus Annuus Seed Oil, Aroma<\/p>\n<p>Beinhaltet: Limonene, Linalool, Geraniol, Citral, Farnesol<\/p>\n","protected":false},"excerpt":{"rendered":"<p>F\u00fcr Gesicht und Dekollet\u00e9. Deine Haut bekommt eine Chance sich j\u00fcnger, glatter, gestrafft und vitaler zu f\u00fchlen; Hautverf\u00e4rbungen werden erhellt. Wirkung: &#8211; wirkt revitalisierend und regenerierend auf die Gesichtshaut &#8211; gl\u00e4ttet und beruhigt &#8211; sch\u00fctzt die Haut vor dem Austrocknen und vor freien Radikalen &#8211; verbessert die Hautfarbe und Ausstrahlung Aufbewahrungshinweis: Aufbewahrungstemperatur max. 23\u00b0 Ingredients: &hellip; <a href=\"https:\/\/www.regionalis.shop\/rosarium-cosmetics\/shop\/gesichtsserum-15-ml\/\">Continued<\/a><\/p>\n","protected":false},"featured_media":1100,"template":"","meta":{"_acf_changed":false},"product_brand":[],"product_cat":[138,52],"product_tag":[],"class_list":{"0":"post-1099","1":"product","2":"type-product","3":"status-publish","4":"has-post-thumbnail","6":"product_cat-gesichtspflege","7":"product_cat-kosmetika","9":"first","10":"instock","11":"purchasable","12":"product-type-simple"},"acf":[],"_links":{"self":[{"href":"https:\/\/www.regionalis.shop\/rosarium-cosmetics\/wp-json\/wp\/v2\/product\/1099","targetHints":{"allow":["GET"]}}],"collection":[{"href":"https:\/\/www.regionalis.shop\/rosarium-cosmetics\/wp-json\/wp\/v2\/product"}],"about":[{"href":"https:\/\/www.regionalis.shop\/rosarium-cosmetics\/wp-json\/wp\/v2\/types\/product"}],"wp:featuredmedia":[{"embeddable":true,"href":"https:\/\/www.regionalis.shop\/rosarium-cosmetics\/wp-json\/wp\/v2\/media\/1100"}],"wp:attachment":[{"href":"https:\/\/www.regionalis.shop\/rosarium-cosmetics\/wp-json\/wp\/v2\/media?parent=1099"}],"wp:term":[{"taxonomy":"product_brand","embeddable":true,"href":"https:\/\/www.regionalis.shop\/rosarium-cosmetics\/wp-json\/wp\/v2\/product_brand?post=1099"},{"taxonomy":"product_cat","embeddable":true,"href":"https:\/\/www.regionalis.shop\/rosarium-cosmetics\/wp-json\/wp\/v2\/product_cat?post=1099"},{"taxonomy":"product_tag","embeddable":true,"href":"https:\/\/www.regionalis.shop\/rosarium-cosmetics\/wp-json\/wp\/v2\/product_tag?post=1099"}],"curies":[{"name":"wp","href":"https:\/\/api.w.org\/{rel}","templated":true}]}}