{"id":1107,"date":"2025-04-28T04:16:07","date_gmt":"2025-04-28T02:16:07","guid":{"rendered":"https:\/\/www.regionalis.shop\/rosarium-cosmetics\/product\/gesichtswasser-rose-100-ml\/"},"modified":"2025-04-28T04:16:07","modified_gmt":"2025-04-28T02:16:07","slug":"gesichtswasser-rose-100-ml","status":"publish","type":"product","link":"https:\/\/www.regionalis.shop\/rosarium-cosmetics\/shop\/gesichtswasser-rose-100-ml\/","title":{"rendered":"Gesichtswasser Rose 100 ml"},"content":{"rendered":"<p>Das Rosenhydrolat zeigt eine harmonisierende, zellerneuernde sowie hautberuhigende Wirkung und tr\u00e4gt zur Verlangsamung des Alterungsprozesses der Haut bei. Es bewirkt ein Gl\u00e4tten der Gesichtshaut, erhellt Verf\u00e4rbungen und zeigt eine gute Wirkung bei problematischer Haut. <\/p>\n<p>Wirkung:<br \/>\n&#8211; reinigt<br \/>\n&#8211; spendet Feuchtigkeit und sch\u00fctzt vor Austrocknung<br \/>\n&#8211; wirkt straffend<br \/>\n&#8211; pflegt, erfrischt und belebt<br \/>\n&#8211; beruhigt; empfohlen f\u00fcr empfindliche oder problematische Haut<\/p>\n<p>Aufbewahrungshinweis: Aufbewahrungstemperatur max. 23\u00b0<\/p>\n<p>Ingredients: Rosa Damascena Flower Water, Citric Acid<br \/>\nBeinhaltet: Citronellol, Geraniol, Eugenol<\/p>\n","protected":false},"excerpt":{"rendered":"<p>Das Rosenhydrolat zeigt eine harmonisierende, zellerneuernde sowie hautberuhigende Wirkung und tr\u00e4gt zur Verlangsamung des Alterungsprozesses der Haut bei. Es bewirkt ein Gl\u00e4tten der Gesichtshaut, erhellt Verf\u00e4rbungen und zeigt eine gute Wirkung bei problematischer Haut. Wirkung: &#8211; reinigt &#8211; spendet Feuchtigkeit und sch\u00fctzt vor Austrocknung &#8211; wirkt straffend &#8211; pflegt, erfrischt und belebt &#8211; beruhigt; empfohlen &hellip; <a href=\"https:\/\/www.regionalis.shop\/rosarium-cosmetics\/shop\/gesichtswasser-rose-100-ml\/\">Continued<\/a><\/p>\n","protected":false},"featured_media":1108,"template":"","meta":{"_acf_changed":false},"product_brand":[],"product_cat":[138,52],"product_tag":[],"class_list":{"0":"post-1107","1":"product","2":"type-product","3":"status-publish","4":"has-post-thumbnail","6":"product_cat-gesichtspflege","7":"product_cat-kosmetika","9":"first","10":"instock","11":"purchasable","12":"product-type-simple"},"acf":[],"_links":{"self":[{"href":"https:\/\/www.regionalis.shop\/rosarium-cosmetics\/wp-json\/wp\/v2\/product\/1107","targetHints":{"allow":["GET"]}}],"collection":[{"href":"https:\/\/www.regionalis.shop\/rosarium-cosmetics\/wp-json\/wp\/v2\/product"}],"about":[{"href":"https:\/\/www.regionalis.shop\/rosarium-cosmetics\/wp-json\/wp\/v2\/types\/product"}],"wp:featuredmedia":[{"embeddable":true,"href":"https:\/\/www.regionalis.shop\/rosarium-cosmetics\/wp-json\/wp\/v2\/media\/1108"}],"wp:attachment":[{"href":"https:\/\/www.regionalis.shop\/rosarium-cosmetics\/wp-json\/wp\/v2\/media?parent=1107"}],"wp:term":[{"taxonomy":"product_brand","embeddable":true,"href":"https:\/\/www.regionalis.shop\/rosarium-cosmetics\/wp-json\/wp\/v2\/product_brand?post=1107"},{"taxonomy":"product_cat","embeddable":true,"href":"https:\/\/www.regionalis.shop\/rosarium-cosmetics\/wp-json\/wp\/v2\/product_cat?post=1107"},{"taxonomy":"product_tag","embeddable":true,"href":"https:\/\/www.regionalis.shop\/rosarium-cosmetics\/wp-json\/wp\/v2\/product_tag?post=1107"}],"curies":[{"name":"wp","href":"https:\/\/api.w.org\/{rel}","templated":true}]}}