{"id":1114,"date":"2025-04-18T06:29:05","date_gmt":"2025-04-18T04:29:05","guid":{"rendered":"https:\/\/www.regionalis.shop\/rosarium-cosmetics\/product\/koerperpflege-set-2\/"},"modified":"2025-04-18T06:29:05","modified_gmt":"2025-04-18T04:29:05","slug":"koerperpflege-set-2","status":"publish","type":"product","link":"https:\/\/www.regionalis.shop\/rosarium-cosmetics\/shop\/koerperpflege-set-2\/","title":{"rendered":"K\u00f6rperpflege Set 2\u00b0"},"content":{"rendered":"<p>&#8211; Duschgel Rose 150 ml<br \/>\n&#8211; Seife Rose ca. 65 g<br \/>\n&#8211; K\u00f6rperpeeling Rohrzucker &#038; Rosenbl\u00fcten 150ml<br \/>\n&#8211; K\u00f6rperbutter &#8211; Belebender Duft des Geraniums 200ml<\/p>\n","protected":false},"excerpt":{"rendered":"<p>&#8211; Duschgel Rose 150 ml &#8211; Seife Rose ca. 65 g &#8211; K\u00f6rperpeeling Rohrzucker &#038; Rosenbl\u00fcten 150ml &#8211; K\u00f6rperbutter &#8211; Belebender Duft des Geraniums 200ml<\/p>\n","protected":false},"featured_media":1115,"template":"","meta":{"_acf_changed":false},"product_brand":[],"product_cat":[153,52],"product_tag":[],"class_list":{"0":"post-1114","1":"product","2":"type-product","3":"status-publish","4":"has-post-thumbnail","6":"product_cat-koerperpflege","7":"product_cat-kosmetika","9":"first","10":"instock","11":"purchasable","12":"product-type-simple"},"acf":[],"_links":{"self":[{"href":"https:\/\/www.regionalis.shop\/rosarium-cosmetics\/wp-json\/wp\/v2\/product\/1114","targetHints":{"allow":["GET"]}}],"collection":[{"href":"https:\/\/www.regionalis.shop\/rosarium-cosmetics\/wp-json\/wp\/v2\/product"}],"about":[{"href":"https:\/\/www.regionalis.shop\/rosarium-cosmetics\/wp-json\/wp\/v2\/types\/product"}],"wp:featuredmedia":[{"embeddable":true,"href":"https:\/\/www.regionalis.shop\/rosarium-cosmetics\/wp-json\/wp\/v2\/media\/1115"}],"wp:attachment":[{"href":"https:\/\/www.regionalis.shop\/rosarium-cosmetics\/wp-json\/wp\/v2\/media?parent=1114"}],"wp:term":[{"taxonomy":"product_brand","embeddable":true,"href":"https:\/\/www.regionalis.shop\/rosarium-cosmetics\/wp-json\/wp\/v2\/product_brand?post=1114"},{"taxonomy":"product_cat","embeddable":true,"href":"https:\/\/www.regionalis.shop\/rosarium-cosmetics\/wp-json\/wp\/v2\/product_cat?post=1114"},{"taxonomy":"product_tag","embeddable":true,"href":"https:\/\/www.regionalis.shop\/rosarium-cosmetics\/wp-json\/wp\/v2\/product_tag?post=1114"}],"curies":[{"name":"wp","href":"https:\/\/api.w.org\/{rel}","templated":true}]}}