{"id":108,"date":"2024-03-04T10:57:41","date_gmt":"2024-03-04T10:57:41","guid":{"rendered":"https:\/\/stage.shop-it.at\/?page_id=108"},"modified":"2025-10-21T17:33:35","modified_gmt":"2025-10-21T15:33:35","slug":"info","status":"publish","type":"page","link":"https:\/\/www.regionalis.shop\/rosy-cheeks\/info\/","title":{"rendered":"Info"},"content":{"rendered":"<section>\n            <p>Hi. Ich bin \u2014Annelie\u2014 und lebe im sch\u00f6nen Mostviertel (Nieder\u00f6sterreich) gemeinsam mit meinen zwei Katzenm\u00e4dels Chilli &#038; Miso <3 \n\nKreativ war ich schon als kleines M\u00e4dchen und hab am liebsten in den Schmucksachen meiner Mama, Omas und Tanten nach Sch\u00e4tzen gesucht. Im Juni 2023 habe ich beides kombiniert und habe meine Leidenschaft zum Beruf gemacht. Mein Schmucklabel \"rosy cheeks\" was born :) \nIch arbeite haupts\u00e4chlich mit Polymer Clay (bekannte Marke ist FIMO) aber auch mit Kristallen und Perlen.  Jedes Schmuckst\u00fcck wird von mir in 100% Handarbeit und mit viel Liebe hergestellt (und meistens auch mit viel Kaffee).\n\nFolge mir auch gerne auf \u2014Instagram\u2014 unter \/\/@rosycheeks_aut\/\/ Dort halte ich meine Community #rosyfam immer am Laufenden und lasse euch am Entstehungsprozess teilhaben, teile wichtige News und gebe euch einen Einblick in mein Leben als Katzenmami und Kleinunternehmerin :)\n\nWenn du ein Unikat als Schmuckst\u00fcck suchst, bist du hier genau richtig. Also dann. Happy shopping :)\n\nAlles Liebe, Annelie\n<\/p>\n\n    <\/section>\n\n\n<p><\/p>\n","protected":false},"excerpt":{"rendered":"","protected":false},"author":1,"featured_media":0,"parent":0,"menu_order":0,"comment_status":"closed","ping_status":"closed","template":"","meta":{"_acf_changed":false,"footnotes":""},"class_list":["post-108","page","type-page","status-publish","hentry"],"acf":[],"_links":{"self":[{"href":"https:\/\/www.regionalis.shop\/rosy-cheeks\/wp-json\/wp\/v2\/pages\/108","targetHints":{"allow":["GET"]}}],"collection":[{"href":"https:\/\/www.regionalis.shop\/rosy-cheeks\/wp-json\/wp\/v2\/pages"}],"about":[{"href":"https:\/\/www.regionalis.shop\/rosy-cheeks\/wp-json\/wp\/v2\/types\/page"}],"author":[{"embeddable":true,"href":"https:\/\/www.regionalis.shop\/rosy-cheeks\/wp-json\/wp\/v2\/users\/1"}],"replies":[{"embeddable":true,"href":"https:\/\/www.regionalis.shop\/rosy-cheeks\/wp-json\/wp\/v2\/comments?post=108"}],"version-history":[{"count":39,"href":"https:\/\/www.regionalis.shop\/rosy-cheeks\/wp-json\/wp\/v2\/pages\/108\/revisions"}],"predecessor-version":[{"id":1028,"href":"https:\/\/www.regionalis.shop\/rosy-cheeks\/wp-json\/wp\/v2\/pages\/108\/revisions\/1028"}],"wp:attachment":[{"href":"https:\/\/www.regionalis.shop\/rosy-cheeks\/wp-json\/wp\/v2\/media?parent=108"}],"curies":[{"name":"wp","href":"https:\/\/api.w.org\/{rel}","templated":true}]}}