{"id":862,"date":"2025-05-24T13:44:06","date_gmt":"2025-05-24T11:44:06","guid":{"rendered":"https:\/\/starter.stage.shop-it.at\/?page_id=862"},"modified":"2025-10-23T15:21:37","modified_gmt":"2025-10-23T13:21:37","slug":"startseite","status":"publish","type":"page","link":"https:\/\/www.regionalis.shop\/rotfeder-handmade\/","title":{"rendered":"Startseite"},"content":{"rendered":"<section>\n    <div class=\"header-title\">\n        <h1 class=\"h2\">Willkommen bei Rotfeder Handmade<\/h1>\n    <\/div>\n            <h2 class=\"h3\">Handgemacht in M\u00f6nchhof<\/h2>\n                <p>Hallo, ich bin Nicole, und komme aus der Region Neusiedlersee.  Neben meiner T\u00e4tigkeit als Produzentin von Rotfeder Kerzen, fertige ich auch Makrameeschmuck sowie Modeschmuck in Einzelst\u00fccken mit echten Steinperlen und anderen Materialien als Einzelst\u00fccke bzw kleiner St\u00fcckzahl an. Ich hoffe, das ein oder andere St\u00fcck gef\u00e4llt euch und findet den Weg zu euch nach Hause.<\/p>\n\n    \n    <h3>Produkte<\/h3>\n\n    <div class=\"woocommerce columns-3 \"><ul class=\"products columns-3\">\n<li class=\"product type-product post-1055 status-publish first instock product_cat-wohndekoration product_cat-wohnen-deko has-post-thumbnail purchasable product-type-simple\">\n\t<a href=\"https:\/\/www.regionalis.shop\/rotfeder-handmade\/shop\/makramee-wandbehang-ethno\/\" class=\"woocommerce-LoopProduct-link woocommerce-loop-product__link\"><div class=\"wc-block-grid__product-image\"><img loading=\"lazy\" decoding=\"async\" width=\"420\" height=\"420\" src=\"https:\/\/www.regionalis.shop\/app\/uploads\/sites\/507\/3882_2022_09_29_15_04_42_539572672.jpg\" class=\"attachment-large size-large\" alt=\"Makramee Wandbehang &quot;Ethno&quot;\" srcset=\"https:\/\/www.regionalis.shop\/app\/uploads\/sites\/507\/3882_2022_09_29_15_04_42_539572672.jpg 420w, https:\/\/www.regionalis.shop\/app\/uploads\/sites\/507\/3882_2022_09_29_15_04_42_539572672-300x300.jpg 300w, https:\/\/www.regionalis.shop\/app\/uploads\/sites\/507\/3882_2022_09_29_15_04_42_539572672-150x150.jpg 150w, https:\/\/www.regionalis.shop\/app\/uploads\/sites\/507\/3882_2022_09_29_15_04_42_539572672-100x100.jpg 100w\" sizes=\"auto, (max-width: 420px) 100vw, 420px\" \/><\/div><h2 class=\"woocommerce-loop-product__title\">Makramee Wandbehang &#8222;Ethno&#8220;<\/h2>\n\t<span class=\"price\"><span class=\"woocommerce-Price-amount amount\"><bdi>20,00&nbsp;<span class=\"woocommerce-Price-currencySymbol\">&euro;<\/span><\/bdi><\/span><\/span>\n<\/a><\/li>\n<li class=\"product type-product post-1051 status-publish instock product_cat-wohndekoration product_cat-wohnen-deko has-post-thumbnail purchasable product-type-simple\">\n\t<a href=\"https:\/\/www.regionalis.shop\/rotfeder-handmade\/shop\/makramee-wanddeko-ringe\/\" class=\"woocommerce-LoopProduct-link woocommerce-loop-product__link\"><div class=\"wc-block-grid__product-image\"><img loading=\"lazy\" decoding=\"async\" width=\"420\" height=\"420\" src=\"https:\/\/www.regionalis.shop\/app\/uploads\/sites\/507\/3882_2022_09_29_15_01_11_366706037.jpg\" class=\"attachment-large size-large\" alt=\"Makramee Wanddeko &quot;Ringe&quot;\" srcset=\"https:\/\/www.regionalis.shop\/app\/uploads\/sites\/507\/3882_2022_09_29_15_01_11_366706037.jpg 420w, https:\/\/www.regionalis.shop\/app\/uploads\/sites\/507\/3882_2022_09_29_15_01_11_366706037-300x300.jpg 300w, https:\/\/www.regionalis.shop\/app\/uploads\/sites\/507\/3882_2022_09_29_15_01_11_366706037-150x150.jpg 150w, https:\/\/www.regionalis.shop\/app\/uploads\/sites\/507\/3882_2022_09_29_15_01_11_366706037-100x100.jpg 100w\" sizes=\"auto, (max-width: 420px) 100vw, 420px\" \/><\/div><h2 class=\"woocommerce-loop-product__title\">Makramee Wanddeko &#8222;Ringe&#8220;<\/h2>\n\t<span class=\"price\"><span class=\"woocommerce-Price-amount amount\"><bdi>25,00&nbsp;<span class=\"woocommerce-Price-currencySymbol\">&euro;<\/span><\/bdi><\/span><\/span>\n<\/a><\/li>\n<li class=\"product type-product post-1059 status-publish last instock product_cat-wohndekoration product_cat-wohnen-deko has-post-thumbnail purchasable product-type-simple\">\n\t<a href=\"https:\/\/www.regionalis.shop\/rotfeder-handmade\/shop\/makramee-wandbehang-retro\/\" class=\"woocommerce-LoopProduct-link woocommerce-loop-product__link\"><div class=\"wc-block-grid__product-image\"><img loading=\"lazy\" decoding=\"async\" width=\"420\" height=\"420\" src=\"https:\/\/www.regionalis.shop\/app\/uploads\/sites\/507\/3882_2021_09_15_14_03_38_253495799.jpg\" class=\"attachment-large size-large\" alt=\"Makramee Wandbehang &quot;Retro&quot;\" srcset=\"https:\/\/www.regionalis.shop\/app\/uploads\/sites\/507\/3882_2021_09_15_14_03_38_253495799.jpg 420w, https:\/\/www.regionalis.shop\/app\/uploads\/sites\/507\/3882_2021_09_15_14_03_38_253495799-300x300.jpg 300w, https:\/\/www.regionalis.shop\/app\/uploads\/sites\/507\/3882_2021_09_15_14_03_38_253495799-150x150.jpg 150w, https:\/\/www.regionalis.shop\/app\/uploads\/sites\/507\/3882_2021_09_15_14_03_38_253495799-100x100.jpg 100w\" sizes=\"auto, (max-width: 420px) 100vw, 420px\" \/><\/div><h2 class=\"woocommerce-loop-product__title\">Makramee Wandbehang &#8222;Retro&#8220;<\/h2>\n\t<span class=\"price\"><span class=\"woocommerce-Price-amount amount\"><bdi>35,00&nbsp;<span class=\"woocommerce-Price-currencySymbol\">&euro;<\/span><\/bdi><\/span><\/span>\n<\/a><\/li>\n<\/ul>\n<\/div>\n    <p>\n        <a href=\"https:\/\/www.regionalis.shop\/rotfeder-handmade\/shop\/\" class=\"btn btn-primary btn-icon-right\">\n            Alle Produkte <i class=\"bi bi-arrow-right-short\"><\/i>\n        <\/a>\n    <\/p>\n<\/section>\n\n<div data-block-name=\"woocommerce\/store-notices\" class=\"wc-block-store-notices woocommerce alignwide alignwide wp-block-woocommerce-store-notices\"><div class=\"woocommerce-notices-wrapper\"><\/div><\/div>","protected":false},"excerpt":{"rendered":"","protected":false},"author":1,"featured_media":0,"parent":0,"menu_order":0,"comment_status":"closed","ping_status":"closed","template":"template-home.blade.php","meta":{"_acf_changed":false,"footnotes":""},"class_list":["post-862","page","type-page","status-publish","hentry"],"acf":[],"_links":{"self":[{"href":"https:\/\/www.regionalis.shop\/rotfeder-handmade\/wp-json\/wp\/v2\/pages\/862","targetHints":{"allow":["GET"]}}],"collection":[{"href":"https:\/\/www.regionalis.shop\/rotfeder-handmade\/wp-json\/wp\/v2\/pages"}],"about":[{"href":"https:\/\/www.regionalis.shop\/rotfeder-handmade\/wp-json\/wp\/v2\/types\/page"}],"author":[{"embeddable":true,"href":"https:\/\/www.regionalis.shop\/rotfeder-handmade\/wp-json\/wp\/v2\/users\/1"}],"replies":[{"embeddable":true,"href":"https:\/\/www.regionalis.shop\/rotfeder-handmade\/wp-json\/wp\/v2\/comments?post=862"}],"version-history":[{"count":28,"href":"https:\/\/www.regionalis.shop\/rotfeder-handmade\/wp-json\/wp\/v2\/pages\/862\/revisions"}],"predecessor-version":[{"id":1041,"href":"https:\/\/www.regionalis.shop\/rotfeder-handmade\/wp-json\/wp\/v2\/pages\/862\/revisions\/1041"}],"wp:attachment":[{"href":"https:\/\/www.regionalis.shop\/rotfeder-handmade\/wp-json\/wp\/v2\/media?parent=862"}],"curies":[{"name":"wp","href":"https:\/\/api.w.org\/{rel}","templated":true}]}}