{"id":1051,"date":"2025-04-18T07:54:39","date_gmt":"2025-04-18T05:54:39","guid":{"rendered":"https:\/\/www.regionalis.shop\/rotfeder-handmade\/product\/makramee-wanddeko-ringe\/"},"modified":"2025-04-18T07:54:39","modified_gmt":"2025-04-18T05:54:39","slug":"makramee-wanddeko-ringe","status":"publish","type":"product","link":"https:\/\/www.regionalis.shop\/rotfeder-handmade\/shop\/makramee-wanddeko-ringe\/","title":{"rendered":"Makramee Wanddeko &#8222;Ringe&#8220;"},"content":{"rendered":"<p>Wanddekoration zum Aufh\u00e4ngen bestehend aus 2 verschieden gro\u00dfen Metallringen und zweif\u00e4rbigem Makramee. Der wei\u00dfe Ring hat einen Durchmesser von 10cm, der schwarze von 20cm. Das sand-und naturfarbene Garn ist 3mm stark und aus recycelter Baumwolle gefertigt.<br \/>\nDie ganze Deko ist ca 92cm lang, mit Aufh\u00e4ngung ca 102 cm.<br \/>\nSch\u00f6ne, schlichte Deko die sich in jeden Einrichtungsstil gut einf\u00fcgt.<\/p>\n","protected":false},"excerpt":{"rendered":"<p>Wanddekoration zum Aufh\u00e4ngen bestehend aus 2 verschieden gro\u00dfen Metallringen und zweif\u00e4rbigem Makramee. Der wei\u00dfe Ring hat einen Durchmesser von 10cm, der schwarze von 20cm. Das sand-und naturfarbene Garn ist 3mm stark und aus recycelter Baumwolle gefertigt. Die ganze Deko ist ca 92cm lang, mit Aufh\u00e4ngung ca 102 cm. Sch\u00f6ne, schlichte Deko die sich in jeden &hellip; <a href=\"https:\/\/www.regionalis.shop\/rotfeder-handmade\/shop\/makramee-wanddeko-ringe\/\">Continued<\/a><\/p>\n","protected":false},"featured_media":1052,"template":"","meta":{"_acf_changed":false},"product_brand":[],"product_cat":[174,103],"product_tag":[],"class_list":{"0":"post-1051","1":"product","2":"type-product","3":"status-publish","4":"has-post-thumbnail","6":"product_cat-wohndekoration","7":"product_cat-wohnen-deko","9":"first","10":"instock","11":"purchasable","12":"product-type-simple"},"acf":[],"_links":{"self":[{"href":"https:\/\/www.regionalis.shop\/rotfeder-handmade\/wp-json\/wp\/v2\/product\/1051","targetHints":{"allow":["GET"]}}],"collection":[{"href":"https:\/\/www.regionalis.shop\/rotfeder-handmade\/wp-json\/wp\/v2\/product"}],"about":[{"href":"https:\/\/www.regionalis.shop\/rotfeder-handmade\/wp-json\/wp\/v2\/types\/product"}],"wp:featuredmedia":[{"embeddable":true,"href":"https:\/\/www.regionalis.shop\/rotfeder-handmade\/wp-json\/wp\/v2\/media\/1052"}],"wp:attachment":[{"href":"https:\/\/www.regionalis.shop\/rotfeder-handmade\/wp-json\/wp\/v2\/media?parent=1051"}],"wp:term":[{"taxonomy":"product_brand","embeddable":true,"href":"https:\/\/www.regionalis.shop\/rotfeder-handmade\/wp-json\/wp\/v2\/product_brand?post=1051"},{"taxonomy":"product_cat","embeddable":true,"href":"https:\/\/www.regionalis.shop\/rotfeder-handmade\/wp-json\/wp\/v2\/product_cat?post=1051"},{"taxonomy":"product_tag","embeddable":true,"href":"https:\/\/www.regionalis.shop\/rotfeder-handmade\/wp-json\/wp\/v2\/product_tag?post=1051"}],"curies":[{"name":"wp","href":"https:\/\/api.w.org\/{rel}","templated":true}]}}