{"id":1059,"date":"2025-04-18T03:41:54","date_gmt":"2025-04-18T01:41:54","guid":{"rendered":"https:\/\/www.regionalis.shop\/rotfeder-handmade\/product\/makramee-wandbehang-retro\/"},"modified":"2025-04-18T03:41:54","modified_gmt":"2025-04-18T01:41:54","slug":"makramee-wandbehang-retro","status":"publish","type":"product","link":"https:\/\/www.regionalis.shop\/rotfeder-handmade\/shop\/makramee-wandbehang-retro\/","title":{"rendered":"Makramee Wandbehang &#8222;Retro&#8220;"},"content":{"rendered":"<p>Makramee Wandbehang &#8222;Retro&#8220; aus sandfarbenem und schwarzen, 5mm starken Baumwollgarn. Der Wandbehang  ist im 70er Jahre Stil gekn\u00fcpft, mit hellen und dunklen Perlen als Dekoelementen. Aufgekn\u00fcpft ist die Deko an einem selbstgesammelten St\u00fcck Treibholz aus der Donau. Aufgrund der Farbauswahl passt der Behang sowohl zu wei\u00dfen als auch f\u00e4rbigen W\u00e4nden und gibt dem zuhause ein bisschen Hippie- und Bohoflair.<br \/>\nMa\u00dfe:<br \/>\nBreite inkl. Holz ca 50cm<br \/>\nL\u00e4nge inkl Aufh\u00e4ngung ca 94cm<\/p>\n","protected":false},"excerpt":{"rendered":"<p>Makramee Wandbehang &#8222;Retro&#8220; aus sandfarbenem und schwarzen, 5mm starken Baumwollgarn. Der Wandbehang ist im 70er Jahre Stil gekn\u00fcpft, mit hellen und dunklen Perlen als Dekoelementen. Aufgekn\u00fcpft ist die Deko an einem selbstgesammelten St\u00fcck Treibholz aus der Donau. Aufgrund der Farbauswahl passt der Behang sowohl zu wei\u00dfen als auch f\u00e4rbigen W\u00e4nden und gibt dem zuhause ein &hellip; <a href=\"https:\/\/www.regionalis.shop\/rotfeder-handmade\/shop\/makramee-wandbehang-retro\/\">Continued<\/a><\/p>\n","protected":false},"featured_media":1060,"template":"","meta":{"_acf_changed":false},"product_brand":[],"product_cat":[174,103],"product_tag":[],"class_list":{"0":"post-1059","1":"product","2":"type-product","3":"status-publish","4":"has-post-thumbnail","6":"product_cat-wohndekoration","7":"product_cat-wohnen-deko","9":"first","10":"instock","11":"purchasable","12":"product-type-simple"},"acf":[],"_links":{"self":[{"href":"https:\/\/www.regionalis.shop\/rotfeder-handmade\/wp-json\/wp\/v2\/product\/1059","targetHints":{"allow":["GET"]}}],"collection":[{"href":"https:\/\/www.regionalis.shop\/rotfeder-handmade\/wp-json\/wp\/v2\/product"}],"about":[{"href":"https:\/\/www.regionalis.shop\/rotfeder-handmade\/wp-json\/wp\/v2\/types\/product"}],"wp:featuredmedia":[{"embeddable":true,"href":"https:\/\/www.regionalis.shop\/rotfeder-handmade\/wp-json\/wp\/v2\/media\/1060"}],"wp:attachment":[{"href":"https:\/\/www.regionalis.shop\/rotfeder-handmade\/wp-json\/wp\/v2\/media?parent=1059"}],"wp:term":[{"taxonomy":"product_brand","embeddable":true,"href":"https:\/\/www.regionalis.shop\/rotfeder-handmade\/wp-json\/wp\/v2\/product_brand?post=1059"},{"taxonomy":"product_cat","embeddable":true,"href":"https:\/\/www.regionalis.shop\/rotfeder-handmade\/wp-json\/wp\/v2\/product_cat?post=1059"},{"taxonomy":"product_tag","embeddable":true,"href":"https:\/\/www.regionalis.shop\/rotfeder-handmade\/wp-json\/wp\/v2\/product_tag?post=1059"}],"curies":[{"name":"wp","href":"https:\/\/api.w.org\/{rel}","templated":true}]}}