{"id":1064,"date":"2025-04-18T01:46:15","date_gmt":"2025-04-17T23:46:15","guid":{"rendered":"https:\/\/www.regionalis.shop\/rotfeder-handmade\/product\/makramee-wandbehang-metal\/"},"modified":"2025-04-18T01:46:15","modified_gmt":"2025-04-17T23:46:15","slug":"makramee-wandbehang-metal","status":"publish","type":"product","link":"https:\/\/www.regionalis.shop\/rotfeder-handmade\/shop\/makramee-wandbehang-metal\/","title":{"rendered":"Makramee Wandbehang &#8222;Metal&#8220;"},"content":{"rendered":"<p>Makramee Wandbehang aus reyceltem T-Shirt Garn in zwei Farben (schwarz und schwarz-wei\u00df). Der Behang ist auf ein St\u00fcck Treibholz aus der Donau aufgekn\u00fcpft, weiters sind zwei schwarze Metallringe mit eingearbeitet.<br \/>\nAu\u00dfergew\u00f6hnliches Einzelst\u00fcck im Boho Style, garantiert ein Blickfang auf jeder Wand.<br \/>\nBreite inkl Holz 50cm, L\u00e4nge inkl Aufh\u00e4ngung ca 98cm.<\/p>\n","protected":false},"excerpt":{"rendered":"<p>Makramee Wandbehang aus reyceltem T-Shirt Garn in zwei Farben (schwarz und schwarz-wei\u00df). Der Behang ist auf ein St\u00fcck Treibholz aus der Donau aufgekn\u00fcpft, weiters sind zwei schwarze Metallringe mit eingearbeitet. Au\u00dfergew\u00f6hnliches Einzelst\u00fcck im Boho Style, garantiert ein Blickfang auf jeder Wand. Breite inkl Holz 50cm, L\u00e4nge inkl Aufh\u00e4ngung ca 98cm.<\/p>\n","protected":false},"featured_media":1065,"template":"","meta":{"_acf_changed":false},"product_brand":[],"product_cat":[174,103],"product_tag":[],"class_list":{"0":"post-1064","1":"product","2":"type-product","3":"status-publish","4":"has-post-thumbnail","6":"product_cat-wohndekoration","7":"product_cat-wohnen-deko","9":"first","10":"instock","11":"purchasable","12":"product-type-simple"},"acf":[],"_links":{"self":[{"href":"https:\/\/www.regionalis.shop\/rotfeder-handmade\/wp-json\/wp\/v2\/product\/1064","targetHints":{"allow":["GET"]}}],"collection":[{"href":"https:\/\/www.regionalis.shop\/rotfeder-handmade\/wp-json\/wp\/v2\/product"}],"about":[{"href":"https:\/\/www.regionalis.shop\/rotfeder-handmade\/wp-json\/wp\/v2\/types\/product"}],"wp:featuredmedia":[{"embeddable":true,"href":"https:\/\/www.regionalis.shop\/rotfeder-handmade\/wp-json\/wp\/v2\/media\/1065"}],"wp:attachment":[{"href":"https:\/\/www.regionalis.shop\/rotfeder-handmade\/wp-json\/wp\/v2\/media?parent=1064"}],"wp:term":[{"taxonomy":"product_brand","embeddable":true,"href":"https:\/\/www.regionalis.shop\/rotfeder-handmade\/wp-json\/wp\/v2\/product_brand?post=1064"},{"taxonomy":"product_cat","embeddable":true,"href":"https:\/\/www.regionalis.shop\/rotfeder-handmade\/wp-json\/wp\/v2\/product_cat?post=1064"},{"taxonomy":"product_tag","embeddable":true,"href":"https:\/\/www.regionalis.shop\/rotfeder-handmade\/wp-json\/wp\/v2\/product_tag?post=1064"}],"curies":[{"name":"wp","href":"https:\/\/api.w.org\/{rel}","templated":true}]}}