{"id":1067,"date":"2025-04-18T01:46:15","date_gmt":"2025-04-17T23:46:15","guid":{"rendered":"https:\/\/www.regionalis.shop\/rotfeder-handmade\/product\/makramee-wandbehang-noir\/"},"modified":"2025-04-18T01:46:15","modified_gmt":"2025-04-17T23:46:15","slug":"makramee-wandbehang-noir","status":"publish","type":"product","link":"https:\/\/www.regionalis.shop\/rotfeder-handmade\/shop\/makramee-wandbehang-noir\/","title":{"rendered":"Makramee Wandbehang &#8222;Noir&#8220;"},"content":{"rendered":"<p>Asymmetrischer Wandbehang aus Baumwollgarn in schwarz mit schwarz- goldenen Details und Quasten. Gekn\u00fcpft auf Treibholz aus der Donau.<br \/>\nBreite inkl Ast ist ca 80cm, L\u00e4nge am l\u00e4ngsten St\u00fcck rechts 87cm, mit Aufh\u00e4ngung ca 107 cm.<br \/>\nWundersch\u00f6nes Einzelst\u00fcck, kommt am besten auf einer hellen Wand zur Geltung.<\/p>\n","protected":false},"excerpt":{"rendered":"<p>Asymmetrischer Wandbehang aus Baumwollgarn in schwarz mit schwarz- goldenen Details und Quasten. Gekn\u00fcpft auf Treibholz aus der Donau. Breite inkl Ast ist ca 80cm, L\u00e4nge am l\u00e4ngsten St\u00fcck rechts 87cm, mit Aufh\u00e4ngung ca 107 cm. Wundersch\u00f6nes Einzelst\u00fcck, kommt am besten auf einer hellen Wand zur Geltung.<\/p>\n","protected":false},"featured_media":1068,"template":"","meta":{"_acf_changed":false},"product_brand":[],"product_cat":[174,103],"product_tag":[],"class_list":{"0":"post-1067","1":"product","2":"type-product","3":"status-publish","4":"has-post-thumbnail","6":"product_cat-wohndekoration","7":"product_cat-wohnen-deko","9":"first","10":"instock","11":"purchasable","12":"product-type-simple"},"acf":[],"_links":{"self":[{"href":"https:\/\/www.regionalis.shop\/rotfeder-handmade\/wp-json\/wp\/v2\/product\/1067","targetHints":{"allow":["GET"]}}],"collection":[{"href":"https:\/\/www.regionalis.shop\/rotfeder-handmade\/wp-json\/wp\/v2\/product"}],"about":[{"href":"https:\/\/www.regionalis.shop\/rotfeder-handmade\/wp-json\/wp\/v2\/types\/product"}],"wp:featuredmedia":[{"embeddable":true,"href":"https:\/\/www.regionalis.shop\/rotfeder-handmade\/wp-json\/wp\/v2\/media\/1068"}],"wp:attachment":[{"href":"https:\/\/www.regionalis.shop\/rotfeder-handmade\/wp-json\/wp\/v2\/media?parent=1067"}],"wp:term":[{"taxonomy":"product_brand","embeddable":true,"href":"https:\/\/www.regionalis.shop\/rotfeder-handmade\/wp-json\/wp\/v2\/product_brand?post=1067"},{"taxonomy":"product_cat","embeddable":true,"href":"https:\/\/www.regionalis.shop\/rotfeder-handmade\/wp-json\/wp\/v2\/product_cat?post=1067"},{"taxonomy":"product_tag","embeddable":true,"href":"https:\/\/www.regionalis.shop\/rotfeder-handmade\/wp-json\/wp\/v2\/product_tag?post=1067"}],"curies":[{"name":"wp","href":"https:\/\/api.w.org\/{rel}","templated":true}]}}