{"id":862,"date":"2025-05-24T13:44:06","date_gmt":"2025-05-24T11:44:06","guid":{"rendered":"https:\/\/starter.stage.shop-it.at\/?page_id=862"},"modified":"2025-10-23T15:21:37","modified_gmt":"2025-10-23T13:21:37","slug":"startseite","status":"publish","type":"page","link":"https:\/\/www.regionalis.shop\/sabines-spezerei\/","title":{"rendered":"Startseite"},"content":{"rendered":"<section>\n    <div class=\"header-title\">\n        <h1 class=\"h2\">Willkommen bei Sabines Spezerei<\/h1>\n    <\/div>\n            <h2 class=\"h3\">Handgemacht in Biedermannsdorf<\/h2>\n                <p>Sabines Spezerei ist eine kleine Manufaktur in der wir aus hochwertigen, m\u00f6glichst regionalen Zutaten Delikates herstellen.<br \/>\nUnsere K\u00f6stlichkeiten werden immer frisch in kleinen Chargen produziert, damit sie in optimaler Qualit\u00e4t auf Ihren Tisch kommen. So k\u00f6nnen sie Ihnen h\u00f6chsten Genuss bereiten.<\/p>\n\n    \n    <h3>Produkte<\/h3>\n\n    <div class=\"woocommerce columns-3 \"><ul class=\"products columns-3\">\n<li class=\"product type-product post-1062 status-publish first instock product_cat-chutneys-saucen product_cat-schmankerl-kulinarik has-post-thumbnail purchasable product-type-simple\">\n\t<a href=\"https:\/\/www.regionalis.shop\/sabines-spezerei\/shop\/pflaumen-balsamico-jus\/\" class=\"woocommerce-LoopProduct-link woocommerce-loop-product__link\"><div class=\"wc-block-grid__product-image\"><img loading=\"lazy\" decoding=\"async\" width=\"420\" height=\"420\" src=\"https:\/\/www.regionalis.shop\/app\/uploads\/sites\/513\/4254_2021_04_08_11_18_42_861189711.jpeg\" class=\"attachment-large size-large\" alt=\"Pflaumen-Balsamico-Jus\" srcset=\"https:\/\/www.regionalis.shop\/app\/uploads\/sites\/513\/4254_2021_04_08_11_18_42_861189711.jpeg 420w, https:\/\/www.regionalis.shop\/app\/uploads\/sites\/513\/4254_2021_04_08_11_18_42_861189711-300x300.jpeg 300w, https:\/\/www.regionalis.shop\/app\/uploads\/sites\/513\/4254_2021_04_08_11_18_42_861189711-150x150.jpeg 150w, https:\/\/www.regionalis.shop\/app\/uploads\/sites\/513\/4254_2021_04_08_11_18_42_861189711-100x100.jpeg 100w\" sizes=\"auto, (max-width: 420px) 100vw, 420px\" \/><\/div><h2 class=\"woocommerce-loop-product__title\">Pflaumen-Balsamico-Jus<\/h2>\n\t<span class=\"price\"><span class=\"woocommerce-Price-amount amount\"><bdi>5,30&nbsp;<span class=\"woocommerce-Price-currencySymbol\">&euro;<\/span><\/bdi><\/span><\/span>\n<\/a><\/li>\n<li class=\"product type-product post-1060 status-publish instock product_cat-chutneys-saucen product_cat-schmankerl-kulinarik has-post-thumbnail purchasable product-type-simple\">\n\t<a href=\"https:\/\/www.regionalis.shop\/sabines-spezerei\/shop\/dattel-senf-mit-ingwer\/\" class=\"woocommerce-LoopProduct-link woocommerce-loop-product__link\"><div class=\"wc-block-grid__product-image\"><img loading=\"lazy\" decoding=\"async\" width=\"420\" height=\"420\" src=\"https:\/\/www.regionalis.shop\/app\/uploads\/sites\/513\/4254_2021_04_08_11_20_38_509974953.jpeg\" class=\"attachment-large size-large\" alt=\"Dattel-Senf mit Ingwer\" srcset=\"https:\/\/www.regionalis.shop\/app\/uploads\/sites\/513\/4254_2021_04_08_11_20_38_509974953.jpeg 420w, https:\/\/www.regionalis.shop\/app\/uploads\/sites\/513\/4254_2021_04_08_11_20_38_509974953-300x300.jpeg 300w, https:\/\/www.regionalis.shop\/app\/uploads\/sites\/513\/4254_2021_04_08_11_20_38_509974953-150x150.jpeg 150w, https:\/\/www.regionalis.shop\/app\/uploads\/sites\/513\/4254_2021_04_08_11_20_38_509974953-100x100.jpeg 100w\" sizes=\"auto, (max-width: 420px) 100vw, 420px\" \/><\/div><h2 class=\"woocommerce-loop-product__title\">Dattel-Senf mit Ingwer<\/h2>\n\t<span class=\"price\"><span class=\"woocommerce-Price-amount amount\"><bdi>4,60&nbsp;<span class=\"woocommerce-Price-currencySymbol\">&euro;<\/span><\/bdi><\/span><\/span>\n<\/a><\/li>\n<li class=\"product type-product post-1058 status-publish last instock product_cat-gewuerze-kraeuter product_cat-schmankerl-kulinarik has-post-thumbnail purchasable product-type-simple\">\n\t<a href=\"https:\/\/www.regionalis.shop\/sabines-spezerei\/shop\/wurzel-wuerze\/\" class=\"woocommerce-LoopProduct-link woocommerce-loop-product__link\"><div class=\"wc-block-grid__product-image\"><img loading=\"lazy\" decoding=\"async\" width=\"420\" height=\"420\" src=\"https:\/\/www.regionalis.shop\/app\/uploads\/sites\/513\/4254_2021_04_08_11_22_38_538434564.jpeg\" class=\"attachment-large size-large\" alt=\"Wurzel W\u00fcrze\" srcset=\"https:\/\/www.regionalis.shop\/app\/uploads\/sites\/513\/4254_2021_04_08_11_22_38_538434564.jpeg 420w, https:\/\/www.regionalis.shop\/app\/uploads\/sites\/513\/4254_2021_04_08_11_22_38_538434564-300x300.jpeg 300w, https:\/\/www.regionalis.shop\/app\/uploads\/sites\/513\/4254_2021_04_08_11_22_38_538434564-150x150.jpeg 150w, https:\/\/www.regionalis.shop\/app\/uploads\/sites\/513\/4254_2021_04_08_11_22_38_538434564-100x100.jpeg 100w\" sizes=\"auto, (max-width: 420px) 100vw, 420px\" \/><\/div><h2 class=\"woocommerce-loop-product__title\">Wurzel W\u00fcrze<\/h2>\n\t<span class=\"price\"><span class=\"woocommerce-Price-amount amount\"><bdi>4,10&nbsp;<span class=\"woocommerce-Price-currencySymbol\">&euro;<\/span><\/bdi><\/span><\/span>\n<\/a><\/li>\n<\/ul>\n<\/div>\n    <p>\n        <a href=\"https:\/\/www.regionalis.shop\/sabines-spezerei\/shop\/\" class=\"btn btn-primary btn-icon-right\">\n            Alle Produkte <i class=\"bi bi-arrow-right-short\"><\/i>\n        <\/a>\n    <\/p>\n<\/section>\n\n<div data-block-name=\"woocommerce\/store-notices\" class=\"wc-block-store-notices woocommerce alignwide alignwide wp-block-woocommerce-store-notices\"><div class=\"woocommerce-notices-wrapper\"><\/div><\/div>","protected":false},"excerpt":{"rendered":"","protected":false},"author":1,"featured_media":0,"parent":0,"menu_order":0,"comment_status":"closed","ping_status":"closed","template":"template-home.blade.php","meta":{"_acf_changed":false,"footnotes":""},"class_list":["post-862","page","type-page","status-publish","hentry"],"acf":[],"_links":{"self":[{"href":"https:\/\/www.regionalis.shop\/sabines-spezerei\/wp-json\/wp\/v2\/pages\/862","targetHints":{"allow":["GET"]}}],"collection":[{"href":"https:\/\/www.regionalis.shop\/sabines-spezerei\/wp-json\/wp\/v2\/pages"}],"about":[{"href":"https:\/\/www.regionalis.shop\/sabines-spezerei\/wp-json\/wp\/v2\/types\/page"}],"author":[{"embeddable":true,"href":"https:\/\/www.regionalis.shop\/sabines-spezerei\/wp-json\/wp\/v2\/users\/1"}],"replies":[{"embeddable":true,"href":"https:\/\/www.regionalis.shop\/sabines-spezerei\/wp-json\/wp\/v2\/comments?post=862"}],"version-history":[{"count":28,"href":"https:\/\/www.regionalis.shop\/sabines-spezerei\/wp-json\/wp\/v2\/pages\/862\/revisions"}],"predecessor-version":[{"id":1041,"href":"https:\/\/www.regionalis.shop\/sabines-spezerei\/wp-json\/wp\/v2\/pages\/862\/revisions\/1041"}],"wp:attachment":[{"href":"https:\/\/www.regionalis.shop\/sabines-spezerei\/wp-json\/wp\/v2\/media?parent=862"}],"curies":[{"name":"wp","href":"https:\/\/api.w.org\/{rel}","templated":true}]}}