{"id":1054,"date":"2025-04-18T02:37:04","date_gmt":"2025-04-18T00:37:04","guid":{"rendered":"https:\/\/www.regionalis.shop\/sabines-spezerei\/product\/pistazien-creme\/"},"modified":"2025-04-18T02:37:04","modified_gmt":"2025-04-18T00:37:04","slug":"pistazien-creme","status":"publish","type":"product","link":"https:\/\/www.regionalis.shop\/sabines-spezerei\/shop\/pistazien-creme\/","title":{"rendered":"Pistazien-Creme"},"content":{"rendered":"<p>S\u00fc\u00dfe Pistaziencreme mit wei\u00dfer Schokolade, schmeckt k\u00f6stlich als Brotaufstrich, zu Desserts, Eis, in Palatschinken oder einfach so zum L\u00f6ffeln.<\/p>\n<p>Zutaten: PISTAZIEN, WEI\u00dfE SCHOKOLADE (Zucker, Kakaobutter, VOLLMILCHPULVER, S\u00dcSSMOLKENPULVER, Emulgator SOJALECITHINE), Kokos\u00f6l.<\/p>\n","protected":false},"excerpt":{"rendered":"<p>S\u00fc\u00dfe Pistaziencreme mit wei\u00dfer Schokolade, schmeckt k\u00f6stlich als Brotaufstrich, zu Desserts, Eis, in Palatschinken oder einfach so zum L\u00f6ffeln. Zutaten: PISTAZIEN, WEI\u00dfE SCHOKOLADE (Zucker, Kakaobutter, VOLLMILCHPULVER, S\u00dcSSMOLKENPULVER, Emulgator SOJALECITHINE), Kokos\u00f6l.<\/p>\n","protected":false},"featured_media":1055,"template":"","meta":{"_acf_changed":false},"product_brand":[],"product_cat":[69,86],"product_tag":[],"class_list":{"0":"post-1054","1":"product","2":"type-product","3":"status-publish","4":"has-post-thumbnail","6":"product_cat-schmankerl-kulinarik","7":"product_cat-sonstiges-schmankerl-kulinarik","9":"first","10":"instock","11":"purchasable","12":"product-type-simple"},"acf":[],"_links":{"self":[{"href":"https:\/\/www.regionalis.shop\/sabines-spezerei\/wp-json\/wp\/v2\/product\/1054","targetHints":{"allow":["GET"]}}],"collection":[{"href":"https:\/\/www.regionalis.shop\/sabines-spezerei\/wp-json\/wp\/v2\/product"}],"about":[{"href":"https:\/\/www.regionalis.shop\/sabines-spezerei\/wp-json\/wp\/v2\/types\/product"}],"wp:featuredmedia":[{"embeddable":true,"href":"https:\/\/www.regionalis.shop\/sabines-spezerei\/wp-json\/wp\/v2\/media\/1055"}],"wp:attachment":[{"href":"https:\/\/www.regionalis.shop\/sabines-spezerei\/wp-json\/wp\/v2\/media?parent=1054"}],"wp:term":[{"taxonomy":"product_brand","embeddable":true,"href":"https:\/\/www.regionalis.shop\/sabines-spezerei\/wp-json\/wp\/v2\/product_brand?post=1054"},{"taxonomy":"product_cat","embeddable":true,"href":"https:\/\/www.regionalis.shop\/sabines-spezerei\/wp-json\/wp\/v2\/product_cat?post=1054"},{"taxonomy":"product_tag","embeddable":true,"href":"https:\/\/www.regionalis.shop\/sabines-spezerei\/wp-json\/wp\/v2\/product_tag?post=1054"}],"curies":[{"name":"wp","href":"https:\/\/api.w.org\/{rel}","templated":true}]}}