{"id":1056,"date":"2025-04-18T02:37:04","date_gmt":"2025-04-18T00:37:04","guid":{"rendered":"https:\/\/www.regionalis.shop\/sabines-spezerei\/product\/karamell-creme\/"},"modified":"2025-04-18T02:37:04","modified_gmt":"2025-04-18T00:37:04","slug":"karamell-creme","status":"publish","type":"product","link":"https:\/\/www.regionalis.shop\/sabines-spezerei\/shop\/karamell-creme\/","title":{"rendered":"Karamell-Creme"},"content":{"rendered":"<p>Diese Karamellcreme ist ein Traum f\u00fcr Genie\u00dfer. Der leichte Salzton verleiht der Creme einen anregenden Geschmack. F\u00fcr Cr\u00eapes, Waffeln, auf frisches Baguettes, zu Eis und vielem mehr.<\/p>\n<p>Zutaten: Zucker, BUTTER, SCHLAGOBERS, Salz<\/p>\n","protected":false},"excerpt":{"rendered":"<p>Diese Karamellcreme ist ein Traum f\u00fcr Genie\u00dfer. Der leichte Salzton verleiht der Creme einen anregenden Geschmack. F\u00fcr Cr\u00eapes, Waffeln, auf frisches Baguettes, zu Eis und vielem mehr. Zutaten: Zucker, BUTTER, SCHLAGOBERS, Salz<\/p>\n","protected":false},"featured_media":1057,"template":"","meta":{"_acf_changed":false},"product_brand":[],"product_cat":[69,86],"product_tag":[],"class_list":{"0":"post-1056","1":"product","2":"type-product","3":"status-publish","4":"has-post-thumbnail","6":"product_cat-schmankerl-kulinarik","7":"product_cat-sonstiges-schmankerl-kulinarik","9":"first","10":"instock","11":"purchasable","12":"product-type-simple"},"acf":[],"_links":{"self":[{"href":"https:\/\/www.regionalis.shop\/sabines-spezerei\/wp-json\/wp\/v2\/product\/1056","targetHints":{"allow":["GET"]}}],"collection":[{"href":"https:\/\/www.regionalis.shop\/sabines-spezerei\/wp-json\/wp\/v2\/product"}],"about":[{"href":"https:\/\/www.regionalis.shop\/sabines-spezerei\/wp-json\/wp\/v2\/types\/product"}],"wp:featuredmedia":[{"embeddable":true,"href":"https:\/\/www.regionalis.shop\/sabines-spezerei\/wp-json\/wp\/v2\/media\/1057"}],"wp:attachment":[{"href":"https:\/\/www.regionalis.shop\/sabines-spezerei\/wp-json\/wp\/v2\/media?parent=1056"}],"wp:term":[{"taxonomy":"product_brand","embeddable":true,"href":"https:\/\/www.regionalis.shop\/sabines-spezerei\/wp-json\/wp\/v2\/product_brand?post=1056"},{"taxonomy":"product_cat","embeddable":true,"href":"https:\/\/www.regionalis.shop\/sabines-spezerei\/wp-json\/wp\/v2\/product_cat?post=1056"},{"taxonomy":"product_tag","embeddable":true,"href":"https:\/\/www.regionalis.shop\/sabines-spezerei\/wp-json\/wp\/v2\/product_tag?post=1056"}],"curies":[{"name":"wp","href":"https:\/\/api.w.org\/{rel}","templated":true}]}}