{"id":1058,"date":"2025-04-18T02:37:04","date_gmt":"2025-04-18T00:37:04","guid":{"rendered":"https:\/\/www.regionalis.shop\/sabines-spezerei\/product\/wurzel-wuerze\/"},"modified":"2025-04-18T02:37:04","modified_gmt":"2025-04-18T00:37:04","slug":"wurzel-wuerze","status":"publish","type":"product","link":"https:\/\/www.regionalis.shop\/sabines-spezerei\/shop\/wurzel-wuerze\/","title":{"rendered":"Wurzel W\u00fcrze"},"content":{"rendered":"<p>Nat\u00fcrliche W\u00fcrze f\u00fcr Suppen, Saucen, Fonds etc.<\/p>\n<p>Durch Anr\u00f6sten verst\u00e4rken sich die Aromen zus\u00e4tzlich, bitte vorsichtig mit Salz w\u00fcrzen, da die Wurzel-W\u00fcrze bereits Salz enth\u00e4lt.<\/p>\n<p>Zutaten: Salz, Karotten, Petersilwurzeln, KNOLLENSELLERIE, Lauch, Zwiebel, Knoblauch, Liebst\u00f6ckel, Petersilie, Gew\u00fcrze.<\/p>\n","protected":false},"excerpt":{"rendered":"<p>Nat\u00fcrliche W\u00fcrze f\u00fcr Suppen, Saucen, Fonds etc. Durch Anr\u00f6sten verst\u00e4rken sich die Aromen zus\u00e4tzlich, bitte vorsichtig mit Salz w\u00fcrzen, da die Wurzel-W\u00fcrze bereits Salz enth\u00e4lt. Zutaten: Salz, Karotten, Petersilwurzeln, KNOLLENSELLERIE, Lauch, Zwiebel, Knoblauch, Liebst\u00f6ckel, Petersilie, Gew\u00fcrze.<\/p>\n","protected":false},"featured_media":1059,"template":"","meta":{"_acf_changed":false},"product_brand":[],"product_cat":[139,69],"product_tag":[],"class_list":{"0":"post-1058","1":"product","2":"type-product","3":"status-publish","4":"has-post-thumbnail","6":"product_cat-gewuerze-kraeuter","7":"product_cat-schmankerl-kulinarik","9":"first","10":"instock","11":"purchasable","12":"product-type-simple"},"acf":[],"_links":{"self":[{"href":"https:\/\/www.regionalis.shop\/sabines-spezerei\/wp-json\/wp\/v2\/product\/1058","targetHints":{"allow":["GET"]}}],"collection":[{"href":"https:\/\/www.regionalis.shop\/sabines-spezerei\/wp-json\/wp\/v2\/product"}],"about":[{"href":"https:\/\/www.regionalis.shop\/sabines-spezerei\/wp-json\/wp\/v2\/types\/product"}],"wp:featuredmedia":[{"embeddable":true,"href":"https:\/\/www.regionalis.shop\/sabines-spezerei\/wp-json\/wp\/v2\/media\/1059"}],"wp:attachment":[{"href":"https:\/\/www.regionalis.shop\/sabines-spezerei\/wp-json\/wp\/v2\/media?parent=1058"}],"wp:term":[{"taxonomy":"product_brand","embeddable":true,"href":"https:\/\/www.regionalis.shop\/sabines-spezerei\/wp-json\/wp\/v2\/product_brand?post=1058"},{"taxonomy":"product_cat","embeddable":true,"href":"https:\/\/www.regionalis.shop\/sabines-spezerei\/wp-json\/wp\/v2\/product_cat?post=1058"},{"taxonomy":"product_tag","embeddable":true,"href":"https:\/\/www.regionalis.shop\/sabines-spezerei\/wp-json\/wp\/v2\/product_tag?post=1058"}],"curies":[{"name":"wp","href":"https:\/\/api.w.org\/{rel}","templated":true}]}}