{"id":1066,"date":"2025-04-18T02:36:45","date_gmt":"2025-04-18T00:36:45","guid":{"rendered":"https:\/\/www.regionalis.shop\/sabines-spezerei\/product\/smokey-spicy-bbq-sauce\/"},"modified":"2025-04-18T02:36:45","modified_gmt":"2025-04-18T00:36:45","slug":"smokey-spicy-bbq-sauce","status":"publish","type":"product","link":"https:\/\/www.regionalis.shop\/sabines-spezerei\/shop\/smokey-spicy-bbq-sauce\/","title":{"rendered":"Smokey &#038; Spicy BBQ-Sauce"},"content":{"rendered":"<p>Herrlich rauchig, w\u00fcrzig und mit Kentucky-Whiskey verfeinert.<br \/>\nEin unvergleichliches Geschmackserlebnis mit leichter S\u00fc\u00dfe und harmonischer Sch\u00e4rfe verleiht Gegrilltem eine ganz besondere Note.<\/p>\n<p>Zutaten: Tomaten, Coca Cola, Tomatenmark, Zwiebel, wei\u00dfer Balsamico, WORCESTERSAUCE (GERSTENMALZESSIG, SARDELLEN), SOJASAUCE, Whiskey, BIO-Sonnenblumen\u00f6l, Ahornsirup, Demerara-Rohrzucker, Chili, Knoblauch, Gew\u00fcrze (enth\u00e4lt SENF), BIO-Zitronenschale.<\/p>\n","protected":false},"excerpt":{"rendered":"<p>Herrlich rauchig, w\u00fcrzig und mit Kentucky-Whiskey verfeinert. Ein unvergleichliches Geschmackserlebnis mit leichter S\u00fc\u00dfe und harmonischer Sch\u00e4rfe verleiht Gegrilltem eine ganz besondere Note. Zutaten: Tomaten, Coca Cola, Tomatenmark, Zwiebel, wei\u00dfer Balsamico, WORCESTERSAUCE (GERSTENMALZESSIG, SARDELLEN), SOJASAUCE, Whiskey, BIO-Sonnenblumen\u00f6l, Ahornsirup, Demerara-Rohrzucker, Chili, Knoblauch, Gew\u00fcrze (enth\u00e4lt SENF), BIO-Zitronenschale.<\/p>\n","protected":false},"featured_media":1067,"template":"","meta":{"_acf_changed":false},"product_brand":[],"product_cat":[120,69],"product_tag":[],"class_list":{"0":"post-1066","1":"product","2":"type-product","3":"status-publish","4":"has-post-thumbnail","6":"product_cat-chutneys-saucen","7":"product_cat-schmankerl-kulinarik","9":"first","10":"instock","11":"purchasable","12":"product-type-simple"},"acf":[],"_links":{"self":[{"href":"https:\/\/www.regionalis.shop\/sabines-spezerei\/wp-json\/wp\/v2\/product\/1066","targetHints":{"allow":["GET"]}}],"collection":[{"href":"https:\/\/www.regionalis.shop\/sabines-spezerei\/wp-json\/wp\/v2\/product"}],"about":[{"href":"https:\/\/www.regionalis.shop\/sabines-spezerei\/wp-json\/wp\/v2\/types\/product"}],"wp:featuredmedia":[{"embeddable":true,"href":"https:\/\/www.regionalis.shop\/sabines-spezerei\/wp-json\/wp\/v2\/media\/1067"}],"wp:attachment":[{"href":"https:\/\/www.regionalis.shop\/sabines-spezerei\/wp-json\/wp\/v2\/media?parent=1066"}],"wp:term":[{"taxonomy":"product_brand","embeddable":true,"href":"https:\/\/www.regionalis.shop\/sabines-spezerei\/wp-json\/wp\/v2\/product_brand?post=1066"},{"taxonomy":"product_cat","embeddable":true,"href":"https:\/\/www.regionalis.shop\/sabines-spezerei\/wp-json\/wp\/v2\/product_cat?post=1066"},{"taxonomy":"product_tag","embeddable":true,"href":"https:\/\/www.regionalis.shop\/sabines-spezerei\/wp-json\/wp\/v2\/product_tag?post=1066"}],"curies":[{"name":"wp","href":"https:\/\/api.w.org\/{rel}","templated":true}]}}