{"id":1070,"date":"2025-04-18T02:36:45","date_gmt":"2025-04-18T00:36:45","guid":{"rendered":"https:\/\/www.regionalis.shop\/sabines-spezerei\/product\/ajvar-mild\/"},"modified":"2025-04-18T02:36:45","modified_gmt":"2025-04-18T00:36:45","slug":"ajvar-mild","status":"publish","type":"product","link":"https:\/\/www.regionalis.shop\/sabines-spezerei\/shop\/ajvar-mild\/","title":{"rendered":"Ajvar mild"},"content":{"rendered":"<p>Paste aus gegrilltem, gesch\u00e4ltem, rotem Paprika<br \/>\nZutaten: Rote Paprika, BIO-Sonnenblumen\u00f6l, Zwiebel, wei\u00dfer Aceto Balsamico, Tomatenmark, Knoblauch, Gew\u00fcrze.<\/p>\n","protected":false},"excerpt":{"rendered":"<p>Paste aus gegrilltem, gesch\u00e4ltem, rotem Paprika Zutaten: Rote Paprika, BIO-Sonnenblumen\u00f6l, Zwiebel, wei\u00dfer Aceto Balsamico, Tomatenmark, Knoblauch, Gew\u00fcrze.<\/p>\n","protected":false},"featured_media":1071,"template":"","meta":{"_acf_changed":false},"product_brand":[],"product_cat":[120,69],"product_tag":[],"class_list":{"0":"post-1070","1":"product","2":"type-product","3":"status-publish","4":"has-post-thumbnail","6":"product_cat-chutneys-saucen","7":"product_cat-schmankerl-kulinarik","9":"first","10":"instock","11":"purchasable","12":"product-type-simple"},"acf":[],"_links":{"self":[{"href":"https:\/\/www.regionalis.shop\/sabines-spezerei\/wp-json\/wp\/v2\/product\/1070","targetHints":{"allow":["GET"]}}],"collection":[{"href":"https:\/\/www.regionalis.shop\/sabines-spezerei\/wp-json\/wp\/v2\/product"}],"about":[{"href":"https:\/\/www.regionalis.shop\/sabines-spezerei\/wp-json\/wp\/v2\/types\/product"}],"wp:featuredmedia":[{"embeddable":true,"href":"https:\/\/www.regionalis.shop\/sabines-spezerei\/wp-json\/wp\/v2\/media\/1071"}],"wp:attachment":[{"href":"https:\/\/www.regionalis.shop\/sabines-spezerei\/wp-json\/wp\/v2\/media?parent=1070"}],"wp:term":[{"taxonomy":"product_brand","embeddable":true,"href":"https:\/\/www.regionalis.shop\/sabines-spezerei\/wp-json\/wp\/v2\/product_brand?post=1070"},{"taxonomy":"product_cat","embeddable":true,"href":"https:\/\/www.regionalis.shop\/sabines-spezerei\/wp-json\/wp\/v2\/product_cat?post=1070"},{"taxonomy":"product_tag","embeddable":true,"href":"https:\/\/www.regionalis.shop\/sabines-spezerei\/wp-json\/wp\/v2\/product_tag?post=1070"}],"curies":[{"name":"wp","href":"https:\/\/api.w.org\/{rel}","templated":true}]}}