{"id":1080,"date":"2025-04-18T02:36:17","date_gmt":"2025-04-18T00:36:17","guid":{"rendered":"https:\/\/www.regionalis.shop\/sabines-spezerei\/product\/sugo-ai-funghi-porcini\/"},"modified":"2025-04-18T02:36:17","modified_gmt":"2025-04-18T00:36:17","slug":"sugo-ai-funghi-porcini","status":"publish","type":"product","link":"https:\/\/www.regionalis.shop\/sabines-spezerei\/shop\/sugo-ai-funghi-porcini\/","title":{"rendered":"Sugo ai funghi porcini"},"content":{"rendered":"<p>Tomatensauce mit Steinpilzen.<br \/>\nF\u00fcr Nudelgerichte und Risotto, als Begleiter zu gegrilltem Fleisch und zu Gem\u00fcsegerichten mit Zucchini und Aubergine.<\/p>\n<p>Zutaten: Tomaten (70%), Zwiebel, Oliven\u00f6l extra vergine, Zucker, getrocknete Steinpilze (14 %), Salz, Knoblauch, Zitronens\u00e4ure.<\/p>\n","protected":false},"excerpt":{"rendered":"<p>Tomatensauce mit Steinpilzen. F\u00fcr Nudelgerichte und Risotto, als Begleiter zu gegrilltem Fleisch und zu Gem\u00fcsegerichten mit Zucchini und Aubergine. Zutaten: Tomaten (70%), Zwiebel, Oliven\u00f6l extra vergine, Zucker, getrocknete Steinpilze (14 %), Salz, Knoblauch, Zitronens\u00e4ure.<\/p>\n","protected":false},"featured_media":1081,"template":"","meta":{"_acf_changed":false},"product_brand":[],"product_cat":[69,94],"product_tag":[],"class_list":{"0":"post-1080","1":"product","2":"type-product","3":"status-publish","4":"has-post-thumbnail","6":"product_cat-schmankerl-kulinarik","7":"product_cat-sugo-pesto","9":"first","10":"instock","11":"purchasable","12":"product-type-simple"},"acf":[],"_links":{"self":[{"href":"https:\/\/www.regionalis.shop\/sabines-spezerei\/wp-json\/wp\/v2\/product\/1080","targetHints":{"allow":["GET"]}}],"collection":[{"href":"https:\/\/www.regionalis.shop\/sabines-spezerei\/wp-json\/wp\/v2\/product"}],"about":[{"href":"https:\/\/www.regionalis.shop\/sabines-spezerei\/wp-json\/wp\/v2\/types\/product"}],"wp:featuredmedia":[{"embeddable":true,"href":"https:\/\/www.regionalis.shop\/sabines-spezerei\/wp-json\/wp\/v2\/media\/1081"}],"wp:attachment":[{"href":"https:\/\/www.regionalis.shop\/sabines-spezerei\/wp-json\/wp\/v2\/media?parent=1080"}],"wp:term":[{"taxonomy":"product_brand","embeddable":true,"href":"https:\/\/www.regionalis.shop\/sabines-spezerei\/wp-json\/wp\/v2\/product_brand?post=1080"},{"taxonomy":"product_cat","embeddable":true,"href":"https:\/\/www.regionalis.shop\/sabines-spezerei\/wp-json\/wp\/v2\/product_cat?post=1080"},{"taxonomy":"product_tag","embeddable":true,"href":"https:\/\/www.regionalis.shop\/sabines-spezerei\/wp-json\/wp\/v2\/product_tag?post=1080"}],"curies":[{"name":"wp","href":"https:\/\/api.w.org\/{rel}","templated":true}]}}