{"id":1082,"date":"2025-04-18T02:36:17","date_gmt":"2025-04-18T00:36:17","guid":{"rendered":"https:\/\/www.regionalis.shop\/sabines-spezerei\/product\/sugo-allamatriciana\/"},"modified":"2025-04-18T02:36:17","modified_gmt":"2025-04-18T00:36:17","slug":"sugo-allamatriciana","status":"publish","type":"product","link":"https:\/\/www.regionalis.shop\/sabines-spezerei\/shop\/sugo-allamatriciana\/","title":{"rendered":"Sugo all\u00b4amatriciana"},"content":{"rendered":"<p>Tomatensauce mit Speck.Dieses Sugo nach altem Rezept enth\u00e4lt neben Tomaten vor allem ger\u00e4ucherten Schweinespeck, herzhaft gew\u00fcrzt mit Zwiebeln, Knoblauch und Chili.<\/p>\n<p>Zutaten: Tomaten (70%), Schweinespeck (Schweinefleisch, Wasser, Speck, Speisesalz, Natriumnitrit, Di- u. Triphosphat, Dextrose, Maltodextrin, Antioxidationsmittel: Natriumisoascorbat, W\u00fcrze, Gew\u00fcrzextrakte. Kann Spuren von SENFSAAT und SELLERIE enthalten) (15%), Zwiebel, Oliven\u00f6l extra vergine, Zucker, Salz, Knoblauch, Chili, Oregano, Zitronens\u00e4ure.<\/p>\n","protected":false},"excerpt":{"rendered":"<p>Tomatensauce mit Speck.Dieses Sugo nach altem Rezept enth\u00e4lt neben Tomaten vor allem ger\u00e4ucherten Schweinespeck, herzhaft gew\u00fcrzt mit Zwiebeln, Knoblauch und Chili. Zutaten: Tomaten (70%), Schweinespeck (Schweinefleisch, Wasser, Speck, Speisesalz, Natriumnitrit, Di- u. Triphosphat, Dextrose, Maltodextrin, Antioxidationsmittel: Natriumisoascorbat, W\u00fcrze, Gew\u00fcrzextrakte. Kann Spuren von SENFSAAT und SELLERIE enthalten) (15%), Zwiebel, Oliven\u00f6l extra vergine, Zucker, Salz, Knoblauch, Chili, &hellip; <a href=\"https:\/\/www.regionalis.shop\/sabines-spezerei\/shop\/sugo-allamatriciana\/\">Continued<\/a><\/p>\n","protected":false},"featured_media":1083,"template":"","meta":{"_acf_changed":false},"product_brand":[],"product_cat":[69,94],"product_tag":[],"class_list":{"0":"post-1082","1":"product","2":"type-product","3":"status-publish","4":"has-post-thumbnail","6":"product_cat-schmankerl-kulinarik","7":"product_cat-sugo-pesto","9":"first","10":"instock","11":"purchasable","12":"product-type-simple"},"acf":[],"_links":{"self":[{"href":"https:\/\/www.regionalis.shop\/sabines-spezerei\/wp-json\/wp\/v2\/product\/1082","targetHints":{"allow":["GET"]}}],"collection":[{"href":"https:\/\/www.regionalis.shop\/sabines-spezerei\/wp-json\/wp\/v2\/product"}],"about":[{"href":"https:\/\/www.regionalis.shop\/sabines-spezerei\/wp-json\/wp\/v2\/types\/product"}],"wp:featuredmedia":[{"embeddable":true,"href":"https:\/\/www.regionalis.shop\/sabines-spezerei\/wp-json\/wp\/v2\/media\/1083"}],"wp:attachment":[{"href":"https:\/\/www.regionalis.shop\/sabines-spezerei\/wp-json\/wp\/v2\/media?parent=1082"}],"wp:term":[{"taxonomy":"product_brand","embeddable":true,"href":"https:\/\/www.regionalis.shop\/sabines-spezerei\/wp-json\/wp\/v2\/product_brand?post=1082"},{"taxonomy":"product_cat","embeddable":true,"href":"https:\/\/www.regionalis.shop\/sabines-spezerei\/wp-json\/wp\/v2\/product_cat?post=1082"},{"taxonomy":"product_tag","embeddable":true,"href":"https:\/\/www.regionalis.shop\/sabines-spezerei\/wp-json\/wp\/v2\/product_tag?post=1082"}],"curies":[{"name":"wp","href":"https:\/\/api.w.org\/{rel}","templated":true}]}}