{"id":1084,"date":"2025-04-18T02:36:17","date_gmt":"2025-04-18T00:36:17","guid":{"rendered":"https:\/\/www.regionalis.shop\/sabines-spezerei\/product\/sugo-alle-olive\/"},"modified":"2025-04-18T02:36:17","modified_gmt":"2025-04-18T00:36:17","slug":"sugo-alle-olive","status":"publish","type":"product","link":"https:\/\/www.regionalis.shop\/sabines-spezerei\/shop\/sugo-alle-olive\/","title":{"rendered":"Sugo alle olive"},"content":{"rendered":"<p>Tomatensauce mit Oliven.<br \/>\nTomatensauce, gew\u00fcrzt mit dem feinen Aroma gr\u00fcner und schwarzer Oliven. Abgeschmeckt mit Zwiebeln, Kapern und Kr\u00e4utern. Universell einsetzbar und eine gute Basis f\u00fcr Eigenkreationen.<\/p>\n<p>Zutaten: Tomaten (60%), gr\u00fcne und schwarze Oliven (20 %), Zwiebel, Oliven\u00f6l extra vergine, Zucker, Kapern, Salz, Knoblauch, Kr\u00e4uter, Zitronens\u00e4ure.<\/p>\n","protected":false},"excerpt":{"rendered":"<p>Tomatensauce mit Oliven. Tomatensauce, gew\u00fcrzt mit dem feinen Aroma gr\u00fcner und schwarzer Oliven. Abgeschmeckt mit Zwiebeln, Kapern und Kr\u00e4utern. Universell einsetzbar und eine gute Basis f\u00fcr Eigenkreationen. Zutaten: Tomaten (60%), gr\u00fcne und schwarze Oliven (20 %), Zwiebel, Oliven\u00f6l extra vergine, Zucker, Kapern, Salz, Knoblauch, Kr\u00e4uter, Zitronens\u00e4ure.<\/p>\n","protected":false},"featured_media":1085,"template":"","meta":{"_acf_changed":false},"product_brand":[],"product_cat":[69,94],"product_tag":[],"class_list":{"0":"post-1084","1":"product","2":"type-product","3":"status-publish","4":"has-post-thumbnail","6":"product_cat-schmankerl-kulinarik","7":"product_cat-sugo-pesto","9":"first","10":"instock","11":"purchasable","12":"product-type-simple"},"acf":[],"_links":{"self":[{"href":"https:\/\/www.regionalis.shop\/sabines-spezerei\/wp-json\/wp\/v2\/product\/1084","targetHints":{"allow":["GET"]}}],"collection":[{"href":"https:\/\/www.regionalis.shop\/sabines-spezerei\/wp-json\/wp\/v2\/product"}],"about":[{"href":"https:\/\/www.regionalis.shop\/sabines-spezerei\/wp-json\/wp\/v2\/types\/product"}],"wp:featuredmedia":[{"embeddable":true,"href":"https:\/\/www.regionalis.shop\/sabines-spezerei\/wp-json\/wp\/v2\/media\/1085"}],"wp:attachment":[{"href":"https:\/\/www.regionalis.shop\/sabines-spezerei\/wp-json\/wp\/v2\/media?parent=1084"}],"wp:term":[{"taxonomy":"product_brand","embeddable":true,"href":"https:\/\/www.regionalis.shop\/sabines-spezerei\/wp-json\/wp\/v2\/product_brand?post=1084"},{"taxonomy":"product_cat","embeddable":true,"href":"https:\/\/www.regionalis.shop\/sabines-spezerei\/wp-json\/wp\/v2\/product_cat?post=1084"},{"taxonomy":"product_tag","embeddable":true,"href":"https:\/\/www.regionalis.shop\/sabines-spezerei\/wp-json\/wp\/v2\/product_tag?post=1084"}],"curies":[{"name":"wp","href":"https:\/\/api.w.org\/{rel}","templated":true}]}}