{"id":1063,"date":"2025-04-28T04:18:16","date_gmt":"2025-04-28T02:18:16","guid":{"rendered":"https:\/\/www.regionalis.shop\/salzliebe\/product\/bio-ananas-chili-salz-2\/"},"modified":"2025-12-10T16:38:22","modified_gmt":"2025-12-10T15:38:22","slug":"bio-ananas-chili-salz-2","status":"publish","type":"product","link":"https:\/\/www.regionalis.shop\/salzliebe\/shop\/bio-ananas-chili-salz-2\/","title":{"rendered":"Bio Ananas Chili Salz"},"content":{"rendered":"<p>Steinsalz mit Bio-Ananas und Bio-Chili in der wieder bef\u00fcllbaren 80g M\u00fchle.<\/p>\n<p>Ein echtes Allroundtalent. Diese besondere Kombination passt einfach zu allen Gerichten. Wir lieben es als vollmundigen Geschmacksgeber zu Gem\u00fcsepasta und Gefl\u00fcgel.<\/p>\n<p>Handgemacht<br \/>\nBiozertifiziert AT-Bio-501<br \/>\n100% nat\u00fcrliche Zutaten<br \/>\nSteinsalz also Mikroplastikfrei<br \/>\nkeine Rieselhilfen<br \/>\nkeine k\u00fcnstlichen Zusatzstoffe<br \/>\nkeine Geschmacksverst\u00e4rker<br \/>\nkein zus\u00e4tzliches Jod<br \/>\nunglaublich k\u00f6stlich<\/p>\n<p>Inhalt: 80g<br \/>\nZutaten: Steinsalz 33% Ananas 3% Chili<\/p>\n","protected":false},"excerpt":{"rendered":"<p>Steinsalz mit Bio-Ananas und Bio-Chili in der wieder bef\u00fcllbaren 80g M\u00fchle. Ein echtes Allroundtalent. Diese besondere Kombination passt einfach zu allen Gerichten. Wir lieben es als vollmundigen Geschmacksgeber zu Gem\u00fcsepasta und Gefl\u00fcgel. Handgemacht Biozertifiziert AT-Bio-501 100% nat\u00fcrliche Zutaten Steinsalz also Mikroplastikfrei keine Rieselhilfen keine k\u00fcnstlichen Zusatzstoffe keine Geschmacksverst\u00e4rker kein zus\u00e4tzliches Jod unglaublich k\u00f6stlich Inhalt: 80g &hellip; <a href=\"https:\/\/www.regionalis.shop\/salzliebe\/shop\/bio-ananas-chili-salz-2\/\">Continued<\/a><\/p>\n","protected":false},"featured_media":1064,"template":"","meta":{"_acf_changed":false},"product_brand":[],"product_cat":[139,69],"product_tag":[],"class_list":{"0":"post-1063","1":"product","2":"type-product","3":"status-publish","4":"has-post-thumbnail","6":"product_cat-gewuerze-kraeuter","7":"product_cat-schmankerl-kulinarik","9":"first","10":"instock","11":"purchasable","12":"product-type-simple"},"acf":[],"_links":{"self":[{"href":"https:\/\/www.regionalis.shop\/salzliebe\/wp-json\/wp\/v2\/product\/1063","targetHints":{"allow":["GET"]}}],"collection":[{"href":"https:\/\/www.regionalis.shop\/salzliebe\/wp-json\/wp\/v2\/product"}],"about":[{"href":"https:\/\/www.regionalis.shop\/salzliebe\/wp-json\/wp\/v2\/types\/product"}],"wp:featuredmedia":[{"embeddable":true,"href":"https:\/\/www.regionalis.shop\/salzliebe\/wp-json\/wp\/v2\/media\/1064"}],"wp:attachment":[{"href":"https:\/\/www.regionalis.shop\/salzliebe\/wp-json\/wp\/v2\/media?parent=1063"}],"wp:term":[{"taxonomy":"product_brand","embeddable":true,"href":"https:\/\/www.regionalis.shop\/salzliebe\/wp-json\/wp\/v2\/product_brand?post=1063"},{"taxonomy":"product_cat","embeddable":true,"href":"https:\/\/www.regionalis.shop\/salzliebe\/wp-json\/wp\/v2\/product_cat?post=1063"},{"taxonomy":"product_tag","embeddable":true,"href":"https:\/\/www.regionalis.shop\/salzliebe\/wp-json\/wp\/v2\/product_tag?post=1063"}],"curies":[{"name":"wp","href":"https:\/\/api.w.org\/{rel}","templated":true}]}}