{"id":1068,"date":"2025-04-28T04:17:12","date_gmt":"2025-04-28T02:17:12","guid":{"rendered":"https:\/\/www.regionalis.shop\/salzliebe\/product\/bio-schwarzbeere-lavendel-salz\/"},"modified":"2025-12-10T16:38:46","modified_gmt":"2025-12-10T15:38:46","slug":"bio-schwarzbeere-lavendel-salz","status":"publish","type":"product","link":"https:\/\/www.regionalis.shop\/salzliebe\/shop\/bio-schwarzbeere-lavendel-salz\/","title":{"rendered":"Bio Schwarzbeere &#8211; Lavendel Salz"},"content":{"rendered":"<p>Steinsalz mit Bio-Schwarzbeere und Bio-Lavendelbl\u00fcten in der wieder bef\u00fcllbaren Mini-M\u00fchle.<\/p>\n<p>Dieses Salz kann sich nicht nur sehen, sondern auch schmecken lassen. Besonders empfehlenswert zu dunklem Fleisch wie Lamm und Rind und zu allen mediterranen Gerichten. Uns schmeckt es auch ausgezeichnet zu Weichk\u00e4se.<\/p>\n<p>Handgemacht<br \/>\nBiozertifiziert AT-Bio-501<br \/>\n100% nat\u00fcrliche Zutaten<br \/>\nSteinsalz also Mikroplastikfrei<br \/>\nKeine Rieselhilfen<br \/>\nkeine k\u00fcnstlichen Zusatzstoffe<br \/>\nkeine Geschmacksverst\u00e4rker<br \/>\nkein zus\u00e4tzliches Jod<br \/>\nunglaublich k\u00f6stlich<\/p>\n<p>Zutaten: Steinsalz33% Schwarzbeere (Blaubeere)1% Lavendelbl\u00fcten<br \/>\nInhalt: 25g<\/p>\n","protected":false},"excerpt":{"rendered":"<p>Steinsalz mit Bio-Schwarzbeere und Bio-Lavendelbl\u00fcten in der wieder bef\u00fcllbaren Mini-M\u00fchle. Dieses Salz kann sich nicht nur sehen, sondern auch schmecken lassen. Besonders empfehlenswert zu dunklem Fleisch wie Lamm und Rind und zu allen mediterranen Gerichten. Uns schmeckt es auch ausgezeichnet zu Weichk\u00e4se. Handgemacht Biozertifiziert AT-Bio-501 100% nat\u00fcrliche Zutaten Steinsalz also Mikroplastikfrei Keine Rieselhilfen keine k\u00fcnstlichen &hellip; <a href=\"https:\/\/www.regionalis.shop\/salzliebe\/shop\/bio-schwarzbeere-lavendel-salz\/\">Continued<\/a><\/p>\n","protected":false},"featured_media":1069,"template":"","meta":{"_acf_changed":false},"product_brand":[],"product_cat":[139,69],"product_tag":[],"class_list":{"0":"post-1068","1":"product","2":"type-product","3":"status-publish","4":"has-post-thumbnail","6":"product_cat-gewuerze-kraeuter","7":"product_cat-schmankerl-kulinarik","9":"first","10":"instock","11":"purchasable","12":"product-type-simple"},"acf":[],"_links":{"self":[{"href":"https:\/\/www.regionalis.shop\/salzliebe\/wp-json\/wp\/v2\/product\/1068","targetHints":{"allow":["GET"]}}],"collection":[{"href":"https:\/\/www.regionalis.shop\/salzliebe\/wp-json\/wp\/v2\/product"}],"about":[{"href":"https:\/\/www.regionalis.shop\/salzliebe\/wp-json\/wp\/v2\/types\/product"}],"wp:featuredmedia":[{"embeddable":true,"href":"https:\/\/www.regionalis.shop\/salzliebe\/wp-json\/wp\/v2\/media\/1069"}],"wp:attachment":[{"href":"https:\/\/www.regionalis.shop\/salzliebe\/wp-json\/wp\/v2\/media?parent=1068"}],"wp:term":[{"taxonomy":"product_brand","embeddable":true,"href":"https:\/\/www.regionalis.shop\/salzliebe\/wp-json\/wp\/v2\/product_brand?post=1068"},{"taxonomy":"product_cat","embeddable":true,"href":"https:\/\/www.regionalis.shop\/salzliebe\/wp-json\/wp\/v2\/product_cat?post=1068"},{"taxonomy":"product_tag","embeddable":true,"href":"https:\/\/www.regionalis.shop\/salzliebe\/wp-json\/wp\/v2\/product_tag?post=1068"}],"curies":[{"name":"wp","href":"https:\/\/api.w.org\/{rel}","templated":true}]}}