{"id":1073,"date":"2025-04-28T04:17:12","date_gmt":"2025-04-28T02:17:12","guid":{"rendered":"https:\/\/www.regionalis.shop\/salzliebe\/product\/bio-ananas-chili-salz\/"},"modified":"2025-12-10T16:39:14","modified_gmt":"2025-12-10T15:39:14","slug":"bio-ananas-chili-salz","status":"publish","type":"product","link":"https:\/\/www.regionalis.shop\/salzliebe\/shop\/bio-ananas-chili-salz\/","title":{"rendered":"Bio Ananas Chili Salz"},"content":{"rendered":"<p>Steinsalz mit Bio-Ananas und Bio-Chili in der wieder bef\u00fcllbaren 25g Mini-M\u00fchle.<\/p>\n<p>Ein echtes Allroundtalent. Diese besondere Kombination passt einfach zu allen Gerichten. Wir lieben es als vollmundigen Geschmacksgeber zu Gem\u00fcsepasta und Gefl\u00fcgel.<\/p>\n<p>Handgemacht<br \/>\nBiozertifiziert AT-Bio-501<br \/>\n100% nat\u00fcrliche Zutaten<br \/>\nSteinsalz also Mikroplastikfrei<br \/>\nKeine Rieselhilfen<br \/>\nkeine k\u00fcnstlichen Zusatzstoffe<br \/>\nkeine Geschmacksverst\u00e4rker<br \/>\nkein zus\u00e4tzliches Jod<br \/>\nunglaublich k\u00f6stlich<\/p>\n<p>Inhalt: 25g<br \/>\nZutaten: Steinsalz33% Ananas3% Chili<\/p>\n","protected":false},"excerpt":{"rendered":"<p>Steinsalz mit Bio-Ananas und Bio-Chili in der wieder bef\u00fcllbaren 25g Mini-M\u00fchle. Ein echtes Allroundtalent. Diese besondere Kombination passt einfach zu allen Gerichten. Wir lieben es als vollmundigen Geschmacksgeber zu Gem\u00fcsepasta und Gefl\u00fcgel. Handgemacht Biozertifiziert AT-Bio-501 100% nat\u00fcrliche Zutaten Steinsalz also Mikroplastikfrei Keine Rieselhilfen keine k\u00fcnstlichen Zusatzstoffe keine Geschmacksverst\u00e4rker kein zus\u00e4tzliches Jod unglaublich k\u00f6stlich Inhalt: 25g &hellip; <a href=\"https:\/\/www.regionalis.shop\/salzliebe\/shop\/bio-ananas-chili-salz\/\">Continued<\/a><\/p>\n","protected":false},"featured_media":1074,"template":"","meta":{"_acf_changed":false},"product_brand":[],"product_cat":[139,69],"product_tag":[],"class_list":{"0":"post-1073","1":"product","2":"type-product","3":"status-publish","4":"has-post-thumbnail","6":"product_cat-gewuerze-kraeuter","7":"product_cat-schmankerl-kulinarik","9":"first","10":"instock","11":"purchasable","12":"product-type-simple"},"acf":[],"_links":{"self":[{"href":"https:\/\/www.regionalis.shop\/salzliebe\/wp-json\/wp\/v2\/product\/1073","targetHints":{"allow":["GET"]}}],"collection":[{"href":"https:\/\/www.regionalis.shop\/salzliebe\/wp-json\/wp\/v2\/product"}],"about":[{"href":"https:\/\/www.regionalis.shop\/salzliebe\/wp-json\/wp\/v2\/types\/product"}],"wp:featuredmedia":[{"embeddable":true,"href":"https:\/\/www.regionalis.shop\/salzliebe\/wp-json\/wp\/v2\/media\/1074"}],"wp:attachment":[{"href":"https:\/\/www.regionalis.shop\/salzliebe\/wp-json\/wp\/v2\/media?parent=1073"}],"wp:term":[{"taxonomy":"product_brand","embeddable":true,"href":"https:\/\/www.regionalis.shop\/salzliebe\/wp-json\/wp\/v2\/product_brand?post=1073"},{"taxonomy":"product_cat","embeddable":true,"href":"https:\/\/www.regionalis.shop\/salzliebe\/wp-json\/wp\/v2\/product_cat?post=1073"},{"taxonomy":"product_tag","embeddable":true,"href":"https:\/\/www.regionalis.shop\/salzliebe\/wp-json\/wp\/v2\/product_tag?post=1073"}],"curies":[{"name":"wp","href":"https:\/\/api.w.org\/{rel}","templated":true}]}}