{"id":1078,"date":"2025-04-28T04:17:12","date_gmt":"2025-04-28T02:17:12","guid":{"rendered":"https:\/\/www.regionalis.shop\/salzliebe\/product\/bio-zitrone-pinien-rosmarin-salz\/"},"modified":"2025-12-10T16:39:35","modified_gmt":"2025-12-10T15:39:35","slug":"bio-zitrone-pinien-rosmarin-salz","status":"publish","type":"product","link":"https:\/\/www.regionalis.shop\/salzliebe\/shop\/bio-zitrone-pinien-rosmarin-salz\/","title":{"rendered":"BIO Zitrone Pinien- Rosmarin Salz"},"content":{"rendered":"<p>Steinsalz mit Bio-Zitrone und Bio Pinienrosmarin in der wieder bef\u00fcllbaren Mini-M\u00fchle.<\/p>\n<p>Ein Klassiker unter den Kr\u00e4utersalzen, der durch den aromatischen Pinien- Rosmarin, ein<br \/>\nneues Gesicht bekommen hat. Die Nadeln dieses speziellen Rosmarins verstr\u00f6men ein einzigartiges und w\u00fcrziges Pinien Aroma. Gemeinsam mit dem Duft nach frischen Zitronen entf\u00fchrt Sie diese Kombination direkt ans Mittelmeer. K\u00f6stlich zu frischen Salaten, Fisch und Fleisch.<\/p>\n<p>Handgemacht<br \/>\nBiozertifiziert AT-Bio-501<br \/>\n100% nat\u00fcrliche Zutaten<br \/>\nSteinsalz also Mikroplastikfrei<br \/>\nkeine Rieselhilfen<br \/>\nkeine k\u00fcnstlichen Zusatzstoffe<br \/>\nkeine Geschmacksverst\u00e4rker<br \/>\nkein zus\u00e4tzliches Jod<br \/>\nunglaublich k\u00f6stlich<\/p>\n<p>Inhalt: 25g<br \/>\nZutaten: Steinsalz23% Zitrone2% Pinienrosmarin<\/p>\n","protected":false},"excerpt":{"rendered":"<p>Steinsalz mit Bio-Zitrone und Bio Pinienrosmarin in der wieder bef\u00fcllbaren Mini-M\u00fchle. Ein Klassiker unter den Kr\u00e4utersalzen, der durch den aromatischen Pinien- Rosmarin, ein neues Gesicht bekommen hat. Die Nadeln dieses speziellen Rosmarins verstr\u00f6men ein einzigartiges und w\u00fcrziges Pinien Aroma. Gemeinsam mit dem Duft nach frischen Zitronen entf\u00fchrt Sie diese Kombination direkt ans Mittelmeer. K\u00f6stlich zu &hellip; <a href=\"https:\/\/www.regionalis.shop\/salzliebe\/shop\/bio-zitrone-pinien-rosmarin-salz\/\">Continued<\/a><\/p>\n","protected":false},"featured_media":1079,"template":"","meta":{"_acf_changed":false},"product_brand":[],"product_cat":[139,69],"product_tag":[],"class_list":{"0":"post-1078","1":"product","2":"type-product","3":"status-publish","4":"has-post-thumbnail","6":"product_cat-gewuerze-kraeuter","7":"product_cat-schmankerl-kulinarik","9":"first","10":"instock","11":"purchasable","12":"product-type-simple"},"acf":[],"_links":{"self":[{"href":"https:\/\/www.regionalis.shop\/salzliebe\/wp-json\/wp\/v2\/product\/1078","targetHints":{"allow":["GET"]}}],"collection":[{"href":"https:\/\/www.regionalis.shop\/salzliebe\/wp-json\/wp\/v2\/product"}],"about":[{"href":"https:\/\/www.regionalis.shop\/salzliebe\/wp-json\/wp\/v2\/types\/product"}],"wp:featuredmedia":[{"embeddable":true,"href":"https:\/\/www.regionalis.shop\/salzliebe\/wp-json\/wp\/v2\/media\/1079"}],"wp:attachment":[{"href":"https:\/\/www.regionalis.shop\/salzliebe\/wp-json\/wp\/v2\/media?parent=1078"}],"wp:term":[{"taxonomy":"product_brand","embeddable":true,"href":"https:\/\/www.regionalis.shop\/salzliebe\/wp-json\/wp\/v2\/product_brand?post=1078"},{"taxonomy":"product_cat","embeddable":true,"href":"https:\/\/www.regionalis.shop\/salzliebe\/wp-json\/wp\/v2\/product_cat?post=1078"},{"taxonomy":"product_tag","embeddable":true,"href":"https:\/\/www.regionalis.shop\/salzliebe\/wp-json\/wp\/v2\/product_tag?post=1078"}],"curies":[{"name":"wp","href":"https:\/\/api.w.org\/{rel}","templated":true}]}}