{"id":1042,"date":"2025-10-23T16:14:07","date_gmt":"2025-10-23T14:14:07","guid":{"rendered":"https:\/\/www.regionalis.shop\/sammercosmetics-natur-wissen\/?page_id=1042"},"modified":"2025-10-23T16:16:34","modified_gmt":"2025-10-23T14:16:34","slug":"impressum","status":"publish","type":"page","link":"https:\/\/www.regionalis.shop\/sammercosmetics-natur-wissen\/impressum\/","title":{"rendered":"Impressum"},"content":{"rendered":"<section>\n            <p>SammerCosmetics ist ein regionales Familienunternehmen im wundersch\u00f6nen Weinviertel. Unsere Idee: Natur und Wissen unter einem Dach. <\/p>\n<p>Im eigenen Labor werden unsere Pflege- und Wohlf\u00fchlprodukte entwickelt und getestet bevor sie f\u00fcr die Herstellung durch interne und externe Bewerter freigegeben werden. Jede Etappe von der Entwicklung \u00fcber die Beschaffung der Rohstoffe bis zur Produktion wird sorgsam durchgef\u00fchrt und gewissenhaft dokumentiert. <\/p>\n<p>Die Nachhaltigkeit, von den Rohstoffen bis zur Verpackung, sowie eine weitgehend vegane Herstellung ohne Tierversuche ist unser Qualit\u00e4tsmerkmal. Wir sehen eine unserer wichtigsten Aufgaben darin, auf ganz pers\u00f6nliche Weise Natur und Wissen zu vermitteln, regional zu produzieren und zu verkaufen. <\/p>\n<p>Unsere Produkte vereinen gute Hautvertr\u00e4glichkeit mit Performance und schenken den Anwendern sch\u00f6ne, strahlende und gepflegte Haut.<br \/>\nSammerCosmetics Kreationen sind perfekt f\u00fcr das t\u00e4gliche Pflegeritual, einfach in der Anwendung bieten sie ein entspannendes Wohlf\u00fchlerlebnis. <\/p>\n<p>Zwetschkenkern\u00f6l mit seinem marzipan\u00e4hnlichen Duft ist einer unserer wesentlichen Bestandteile. Es wirkt feuchtigkeitsspendend, r\u00fcckfettend, zieht schnell ein und sorgt f\u00fcr ein unglaublich seidiges Hautgef\u00fchl. Das hochwertige Pflanzen\u00f6l ist bestens zur sanften Hautpflege geeignet.<\/p>\n<p>Pflege- und Wohlf\u00fchlprodukte \u2013 hergestellt in \u00d6sterreich<\/p>\n\n    <\/section>","protected":false},"excerpt":{"rendered":"","protected":false},"author":1,"featured_media":0,"parent":0,"menu_order":0,"comment_status":"closed","ping_status":"closed","template":"","meta":{"_acf_changed":false,"footnotes":""},"class_list":["post-1042","page","type-page","status-publish","hentry"],"acf":[],"_links":{"self":[{"href":"https:\/\/www.regionalis.shop\/sammercosmetics-natur-wissen\/wp-json\/wp\/v2\/pages\/1042","targetHints":{"allow":["GET"]}}],"collection":[{"href":"https:\/\/www.regionalis.shop\/sammercosmetics-natur-wissen\/wp-json\/wp\/v2\/pages"}],"about":[{"href":"https:\/\/www.regionalis.shop\/sammercosmetics-natur-wissen\/wp-json\/wp\/v2\/types\/page"}],"author":[{"embeddable":true,"href":"https:\/\/www.regionalis.shop\/sammercosmetics-natur-wissen\/wp-json\/wp\/v2\/users\/1"}],"replies":[{"embeddable":true,"href":"https:\/\/www.regionalis.shop\/sammercosmetics-natur-wissen\/wp-json\/wp\/v2\/comments?post=1042"}],"version-history":[{"count":2,"href":"https:\/\/www.regionalis.shop\/sammercosmetics-natur-wissen\/wp-json\/wp\/v2\/pages\/1042\/revisions"}],"predecessor-version":[{"id":1044,"href":"https:\/\/www.regionalis.shop\/sammercosmetics-natur-wissen\/wp-json\/wp\/v2\/pages\/1042\/revisions\/1044"}],"wp:attachment":[{"href":"https:\/\/www.regionalis.shop\/sammercosmetics-natur-wissen\/wp-json\/wp\/v2\/media?parent=1042"}],"curies":[{"name":"wp","href":"https:\/\/api.w.org\/{rel}","templated":true}]}}