{"id":862,"date":"2025-05-24T13:44:06","date_gmt":"2025-05-24T11:44:06","guid":{"rendered":"https:\/\/starter.stage.shop-it.at\/?page_id=862"},"modified":"2025-10-23T15:21:37","modified_gmt":"2025-10-23T13:21:37","slug":"startseite","status":"publish","type":"page","link":"https:\/\/www.regionalis.shop\/sammercosmetics-natur-wissen\/","title":{"rendered":"Startseite"},"content":{"rendered":"<section>\n        <div class=\"header-image\">\n            <img decoding=\"async\" src=\"https:\/\/www.regionalis.shop\/app\/uploads\/sites\/520\/4887_2021_11_21_18_19_14_418077150.jpg\" alt=\"\">\n        <\/div>\n    \n    <\/section>\n    <section>\n    <div class=\"header-title\">\n        <h1 class=\"h2\">Willkommen bei SammerCosmetics &#8211; Natur &amp; Wissen<\/h1>\n    <\/div>\n            <h2 class=\"h3\">Handgemacht in Grossrussbach<\/h2>\n                <p>SammerCosmetics ist ein regionales Familienunternehmen im wundersch\u00f6nen Weinviertel. Unsere Idee: Natur und Wissen unter einem Dach. <\/p>\n<p>Im eigenen Labor werden unsere Pflege- und Wohlf\u00fchlprodukte entwickelt und getestet bevor sie f\u00fcr die Herstellung durch interne und externe Bewerter freigegeben werden. Jede Etappe von der Entwicklung \u00fcber die Beschaffung der Rohstoffe bis zur Produktion wird sorgsam durchgef\u00fchrt und gewissenhaft dokumentiert. <\/p>\n<p>Die Nachhaltigkeit, von den Rohstoffen bis zur Verpackung, sowie eine weitgehend vegane Herstellung ohne Tierversuche ist unser Qualit\u00e4tsmerkmal. Wir sehen eine unserer wichtigsten Aufgaben darin, auf ganz pers\u00f6nliche Weise Natur und Wissen zu vermitteln, regional zu produzieren und zu verkaufen. <\/p>\n<p>Unsere Produkte vereinen gute Hautvertr\u00e4glichkeit mit Performance und schenken den Anwendern sch\u00f6ne, strahlende und gepflegte Haut.<br \/>\nSammerCosmetics Kreationen sind perfekt f\u00fcr das t\u00e4gliche Pflegeritual, einfach in der Anwendung bieten sie ein entspannendes Wohlf\u00fchlerlebnis. <\/p>\n<p>Zwetschkenkern\u00f6l mit seinem marzipan\u00e4hnlichen Duft ist einer unserer wesentlichen Bestandteile. Es wirkt feuchtigkeitsspendend, r\u00fcckfettend, zieht schnell ein und sorgt f\u00fcr ein unglaublich seidiges Hautgef\u00fchl. Das hochwertige Pflanzen\u00f6l ist bestens zur sanften Hautpflege geeignet.<\/p>\n<p>Pflege- und Wohlf\u00fchlprodukte \u2013 hergestellt in \u00d6sterreich<\/p>\n\n    \n    <h3>Produkte<\/h3>\n\n    <div class=\"woocommerce columns-3 \"><ul class=\"products columns-3\">\n<li class=\"product type-product post-1055 status-publish first instock product_cat-koerperpflege product_cat-kosmetika has-post-thumbnail purchasable product-type-simple\">\n\t<a href=\"https:\/\/www.regionalis.shop\/sammercosmetics-natur-wissen\/shop\/geschenkpaket-gross\/\" class=\"woocommerce-LoopProduct-link woocommerce-loop-product__link\"><div class=\"wc-block-grid__product-image\"><img loading=\"lazy\" decoding=\"async\" width=\"420\" height=\"420\" src=\"https:\/\/www.regionalis.shop\/app\/uploads\/sites\/520\/4887_2021_11_21_20_29_52_104040129.jpeg\" class=\"attachment-large size-large\" alt=\"Geschenkpaket gro\u00df\" srcset=\"https:\/\/www.regionalis.shop\/app\/uploads\/sites\/520\/4887_2021_11_21_20_29_52_104040129.jpeg 420w, https:\/\/www.regionalis.shop\/app\/uploads\/sites\/520\/4887_2021_11_21_20_29_52_104040129-300x300.jpeg 300w, https:\/\/www.regionalis.shop\/app\/uploads\/sites\/520\/4887_2021_11_21_20_29_52_104040129-150x150.jpeg 150w, https:\/\/www.regionalis.shop\/app\/uploads\/sites\/520\/4887_2021_11_21_20_29_52_104040129-100x100.jpeg 100w\" sizes=\"auto, (max-width: 420px) 100vw, 420px\" \/><\/div><h2 class=\"woocommerce-loop-product__title\">Geschenkpaket gro\u00df<\/h2>\n\t<span class=\"price\"><span class=\"woocommerce-Price-amount amount\"><bdi>109,00&nbsp;<span class=\"woocommerce-Price-currencySymbol\">&euro;<\/span><\/bdi><\/span><\/span>\n<\/a><\/li>\n<li class=\"product type-product post-1053 status-publish instock product_cat-koerperpflege product_cat-kosmetika has-post-thumbnail purchasable product-type-simple\">\n\t<a href=\"https:\/\/www.regionalis.shop\/sammercosmetics-natur-wissen\/shop\/wohlfuehl-paket\/\" class=\"woocommerce-LoopProduct-link woocommerce-loop-product__link\"><div class=\"wc-block-grid__product-image\"><img loading=\"lazy\" decoding=\"async\" width=\"420\" height=\"420\" src=\"https:\/\/www.regionalis.shop\/app\/uploads\/sites\/520\/4887_2021_11_21_20_24_55_953137778.jpeg\" class=\"attachment-large size-large\" alt=\"Wohlf\u00fchl Paket\" srcset=\"https:\/\/www.regionalis.shop\/app\/uploads\/sites\/520\/4887_2021_11_21_20_24_55_953137778.jpeg 420w, https:\/\/www.regionalis.shop\/app\/uploads\/sites\/520\/4887_2021_11_21_20_24_55_953137778-300x300.jpeg 300w, https:\/\/www.regionalis.shop\/app\/uploads\/sites\/520\/4887_2021_11_21_20_24_55_953137778-150x150.jpeg 150w, https:\/\/www.regionalis.shop\/app\/uploads\/sites\/520\/4887_2021_11_21_20_24_55_953137778-100x100.jpeg 100w\" sizes=\"auto, (max-width: 420px) 100vw, 420px\" \/><\/div><h2 class=\"woocommerce-loop-product__title\">Wohlf\u00fchl Paket<\/h2>\n\t<span class=\"price\"><span class=\"woocommerce-Price-amount amount\"><bdi>69,00&nbsp;<span class=\"woocommerce-Price-currencySymbol\">&euro;<\/span><\/bdi><\/span><\/span>\n<\/a><\/li>\n<li class=\"product type-product post-1075 status-publish last instock product_cat-koerperpflege product_cat-kosmetika has-post-thumbnail purchasable product-type-simple\">\n\t<a href=\"https:\/\/www.regionalis.shop\/sammercosmetics-natur-wissen\/shop\/wellness-paket-2\/\" class=\"woocommerce-LoopProduct-link woocommerce-loop-product__link\"><div class=\"wc-block-grid__product-image\"><img loading=\"lazy\" decoding=\"async\" width=\"420\" height=\"420\" src=\"https:\/\/www.regionalis.shop\/app\/uploads\/sites\/520\/4887_2021_11_21_20_19_28_734129539.jpeg\" class=\"attachment-large size-large\" alt=\"Wellness Paket\" srcset=\"https:\/\/www.regionalis.shop\/app\/uploads\/sites\/520\/4887_2021_11_21_20_19_28_734129539.jpeg 420w, https:\/\/www.regionalis.shop\/app\/uploads\/sites\/520\/4887_2021_11_21_20_19_28_734129539-300x300.jpeg 300w, https:\/\/www.regionalis.shop\/app\/uploads\/sites\/520\/4887_2021_11_21_20_19_28_734129539-150x150.jpeg 150w, https:\/\/www.regionalis.shop\/app\/uploads\/sites\/520\/4887_2021_11_21_20_19_28_734129539-100x100.jpeg 100w\" sizes=\"auto, (max-width: 420px) 100vw, 420px\" \/><\/div><h2 class=\"woocommerce-loop-product__title\">Wellness Paket<\/h2>\n\t<span class=\"price\"><span class=\"woocommerce-Price-amount amount\"><bdi>47,00&nbsp;<span class=\"woocommerce-Price-currencySymbol\">&euro;<\/span><\/bdi><\/span><\/span>\n<\/a><\/li>\n<\/ul>\n<\/div>\n    <p>\n        <a href=\"https:\/\/www.regionalis.shop\/sammercosmetics-natur-wissen\/shop\/\" class=\"btn btn-primary btn-icon-right\">\n            Alle Produkte <i class=\"bi bi-arrow-right-short\"><\/i>\n        <\/a>\n    <\/p>\n<\/section>\n\n<div data-block-name=\"woocommerce\/store-notices\" class=\"wc-block-store-notices woocommerce alignwide alignwide wp-block-woocommerce-store-notices\"><div class=\"woocommerce-notices-wrapper\"><\/div><\/div>","protected":false},"excerpt":{"rendered":"","protected":false},"author":1,"featured_media":0,"parent":0,"menu_order":0,"comment_status":"closed","ping_status":"closed","template":"template-home.blade.php","meta":{"_acf_changed":false,"footnotes":""},"class_list":["post-862","page","type-page","status-publish","hentry"],"acf":[],"_links":{"self":[{"href":"https:\/\/www.regionalis.shop\/sammercosmetics-natur-wissen\/wp-json\/wp\/v2\/pages\/862","targetHints":{"allow":["GET"]}}],"collection":[{"href":"https:\/\/www.regionalis.shop\/sammercosmetics-natur-wissen\/wp-json\/wp\/v2\/pages"}],"about":[{"href":"https:\/\/www.regionalis.shop\/sammercosmetics-natur-wissen\/wp-json\/wp\/v2\/types\/page"}],"author":[{"embeddable":true,"href":"https:\/\/www.regionalis.shop\/sammercosmetics-natur-wissen\/wp-json\/wp\/v2\/users\/1"}],"replies":[{"embeddable":true,"href":"https:\/\/www.regionalis.shop\/sammercosmetics-natur-wissen\/wp-json\/wp\/v2\/comments?post=862"}],"version-history":[{"count":28,"href":"https:\/\/www.regionalis.shop\/sammercosmetics-natur-wissen\/wp-json\/wp\/v2\/pages\/862\/revisions"}],"predecessor-version":[{"id":1041,"href":"https:\/\/www.regionalis.shop\/sammercosmetics-natur-wissen\/wp-json\/wp\/v2\/pages\/862\/revisions\/1041"}],"wp:attachment":[{"href":"https:\/\/www.regionalis.shop\/sammercosmetics-natur-wissen\/wp-json\/wp\/v2\/media?parent=862"}],"curies":[{"name":"wp","href":"https:\/\/api.w.org\/{rel}","templated":true}]}}