{"id":1053,"date":"2025-04-18T04:25:19","date_gmt":"2025-04-18T02:25:19","guid":{"rendered":"https:\/\/www.regionalis.shop\/sammercosmetics-natur-wissen\/product\/wohlfuehl-paket\/"},"modified":"2025-04-18T04:25:19","modified_gmt":"2025-04-18T02:25:19","slug":"wohlfuehl-paket","status":"publish","type":"product","link":"https:\/\/www.regionalis.shop\/sammercosmetics-natur-wissen\/shop\/wohlfuehl-paket\/","title":{"rendered":"Wohlf\u00fchl Paket"},"content":{"rendered":"<p>Wohlf\u00fchl Paket:<br \/>\n1x &#8222;Coffee Kiss&#8220; &#8211; Lippenpflege<br \/>\n1x &#8222;Marzipan&#8220; &#8211; Handcreme 50ml (vegan)<br \/>\n1x &#8222;Marzipan&#8220; &#8211; Handcreme 30ml (vegan)<br \/>\n1x &#8222;Gute Nacht&#8220; &#8211; Gesichts\u00f6l (vegan)<\/p>\n<p>Das &#8222;Gute Nacht&#8220; &#8211; Gesichts\u00f6l mit hochwertigen Pflanzen\u00f6len (Zwetschkenkern\u00f6l mit seinem lieblichen Marzipanduft, Wiesenschaumkraut\u00f6l, Jojoba\u00f6l, Wildrosen\u00f6l , Weizenkeim\u00f6l) und Vitamin E pflegt die Haut, spendet Feuchtigkeit und wirkt weichmachend. F\u00fcr alle Hauttypen geeignet.<\/p>\n<p>Die Marzipan Handcreme mit hochwertigen Pflanzen\u00f6len (Zwetschkenkern\u00f6l mit seinem lieblichen Marzipanduft, Wiesenschaumkraut\u00f6l, Marula\u00f6l), Kakaobutter, Aloe Vera und Provitamin B5 (Panthenol) pflegt die Haut zart und geschmeidig und versorgt sie mit Feuchtigkeit.<\/p>\n<p>Die &#8222;Coffee Kiss&#8220; Lippenpflege mit hochwertigen Pflanzen\u00f6len und -Butter (Zwetschkenkern\u00f6l mit seinem lieblichen Marzipanduft, Jojoba\u00f6l, Kaffee\u00f6l, Murumurubutter) pflegt die Lippen zart und geschmeidig und versorgt sie mit Feuchtigkeit.<\/p>\n","protected":false},"excerpt":{"rendered":"<p>Wohlf\u00fchl Paket: 1x &#8222;Coffee Kiss&#8220; &#8211; Lippenpflege 1x &#8222;Marzipan&#8220; &#8211; Handcreme 50ml (vegan) 1x &#8222;Marzipan&#8220; &#8211; Handcreme 30ml (vegan) 1x &#8222;Gute Nacht&#8220; &#8211; Gesichts\u00f6l (vegan) Das &#8222;Gute Nacht&#8220; &#8211; Gesichts\u00f6l mit hochwertigen Pflanzen\u00f6len (Zwetschkenkern\u00f6l mit seinem lieblichen Marzipanduft, Wiesenschaumkraut\u00f6l, Jojoba\u00f6l, Wildrosen\u00f6l , Weizenkeim\u00f6l) und Vitamin E pflegt die Haut, spendet Feuchtigkeit und wirkt weichmachend. F\u00fcr &hellip; <a href=\"https:\/\/www.regionalis.shop\/sammercosmetics-natur-wissen\/shop\/wohlfuehl-paket\/\">Continued<\/a><\/p>\n","protected":false},"featured_media":1054,"template":"","meta":{"_acf_changed":false},"product_brand":[],"product_cat":[153,52],"product_tag":[],"class_list":{"0":"post-1053","1":"product","2":"type-product","3":"status-publish","4":"has-post-thumbnail","6":"product_cat-koerperpflege","7":"product_cat-kosmetika","9":"first","10":"instock","11":"purchasable","12":"product-type-simple"},"acf":[],"_links":{"self":[{"href":"https:\/\/www.regionalis.shop\/sammercosmetics-natur-wissen\/wp-json\/wp\/v2\/product\/1053","targetHints":{"allow":["GET"]}}],"collection":[{"href":"https:\/\/www.regionalis.shop\/sammercosmetics-natur-wissen\/wp-json\/wp\/v2\/product"}],"about":[{"href":"https:\/\/www.regionalis.shop\/sammercosmetics-natur-wissen\/wp-json\/wp\/v2\/types\/product"}],"wp:featuredmedia":[{"embeddable":true,"href":"https:\/\/www.regionalis.shop\/sammercosmetics-natur-wissen\/wp-json\/wp\/v2\/media\/1054"}],"wp:attachment":[{"href":"https:\/\/www.regionalis.shop\/sammercosmetics-natur-wissen\/wp-json\/wp\/v2\/media?parent=1053"}],"wp:term":[{"taxonomy":"product_brand","embeddable":true,"href":"https:\/\/www.regionalis.shop\/sammercosmetics-natur-wissen\/wp-json\/wp\/v2\/product_brand?post=1053"},{"taxonomy":"product_cat","embeddable":true,"href":"https:\/\/www.regionalis.shop\/sammercosmetics-natur-wissen\/wp-json\/wp\/v2\/product_cat?post=1053"},{"taxonomy":"product_tag","embeddable":true,"href":"https:\/\/www.regionalis.shop\/sammercosmetics-natur-wissen\/wp-json\/wp\/v2\/product_tag?post=1053"}],"curies":[{"name":"wp","href":"https:\/\/api.w.org\/{rel}","templated":true}]}}