{"id":1061,"date":"2025-04-18T04:24:48","date_gmt":"2025-04-18T02:24:48","guid":{"rendered":"https:\/\/www.regionalis.shop\/sammercosmetics-natur-wissen\/product\/coffee-kiss-lippenpflege\/"},"modified":"2025-04-18T04:24:48","modified_gmt":"2025-04-18T02:24:48","slug":"coffee-kiss-lippenpflege","status":"publish","type":"product","link":"https:\/\/www.regionalis.shop\/sammercosmetics-natur-wissen\/shop\/coffee-kiss-lippenpflege\/","title":{"rendered":"&#8222;Coffee Kiss&#8220;- Lippenpflege"},"content":{"rendered":"<p>&#8222;Coffee Kiss&#8220;- Lippenpflege: mit hochwertiger Pflanzenbutter und &#8211; \u00d6len f\u00fcr eine sanfte Pflege.<\/p>\n<p>Die &#8222;Coffee Kiss&#8220;- Lippenpflege mit hochwertigen Pflanzen\u00f6len und -Butter (Zwetschkenkern\u00f6l mit seinem lieblichen Marzipanduft, Jojoba\u00f6l, Kaffee\u00f6l, Murumurubutter) pflegt die Lippen zart und geschmeidig und versorgt sie mit Feuchtigkeit.<\/p>\n<p>Anwendung:<br \/>\nDen Lippenbalsam auf die Lippen auftragen und gut verteilen bis die Lippen g\u00e4nzlich benetzt sind.<\/p>\n<p>Ingredients:<br \/>\nPrunus Domestica (Plum) Seed Oil, Cera Alba (Beeswax), Astrocaryum Murumuru Seed Butter, Simmondsia Chinensis (Jojoba) Seed Oil, Phytosteryl Macadamiate, Coffea Arabica (Coffee) Seed Oil, Hydrogenated Vegetable Oil, Prunus Amygdalus Dulcis (Sweet Almond) Oil, Copernicia Cerifera (Carnauba) Wax, Tocopherol<\/p>\n<p>Lagerung:<br \/>\nBei Raumtemperatur lagern, trocken halten und vor direkter Sonneneinstrahlung sch\u00fctzen.<\/p>\n","protected":false},"excerpt":{"rendered":"<p>&#8222;Coffee Kiss&#8220;- Lippenpflege: mit hochwertiger Pflanzenbutter und &#8211; \u00d6len f\u00fcr eine sanfte Pflege. Die &#8222;Coffee Kiss&#8220;- Lippenpflege mit hochwertigen Pflanzen\u00f6len und -Butter (Zwetschkenkern\u00f6l mit seinem lieblichen Marzipanduft, Jojoba\u00f6l, Kaffee\u00f6l, Murumurubutter) pflegt die Lippen zart und geschmeidig und versorgt sie mit Feuchtigkeit. Anwendung: Den Lippenbalsam auf die Lippen auftragen und gut verteilen bis die Lippen g\u00e4nzlich &hellip; <a href=\"https:\/\/www.regionalis.shop\/sammercosmetics-natur-wissen\/shop\/coffee-kiss-lippenpflege\/\">Continued<\/a><\/p>\n","protected":false},"featured_media":1062,"template":"","meta":{"_acf_changed":false},"product_brand":[],"product_cat":[52,56],"product_tag":[],"class_list":{"0":"post-1061","1":"product","2":"type-product","3":"status-publish","4":"has-post-thumbnail","6":"product_cat-kosmetika","7":"product_cat-lippenpflege","9":"first","10":"instock","11":"purchasable","12":"product-type-simple"},"acf":[],"_links":{"self":[{"href":"https:\/\/www.regionalis.shop\/sammercosmetics-natur-wissen\/wp-json\/wp\/v2\/product\/1061","targetHints":{"allow":["GET"]}}],"collection":[{"href":"https:\/\/www.regionalis.shop\/sammercosmetics-natur-wissen\/wp-json\/wp\/v2\/product"}],"about":[{"href":"https:\/\/www.regionalis.shop\/sammercosmetics-natur-wissen\/wp-json\/wp\/v2\/types\/product"}],"wp:featuredmedia":[{"embeddable":true,"href":"https:\/\/www.regionalis.shop\/sammercosmetics-natur-wissen\/wp-json\/wp\/v2\/media\/1062"}],"wp:attachment":[{"href":"https:\/\/www.regionalis.shop\/sammercosmetics-natur-wissen\/wp-json\/wp\/v2\/media?parent=1061"}],"wp:term":[{"taxonomy":"product_brand","embeddable":true,"href":"https:\/\/www.regionalis.shop\/sammercosmetics-natur-wissen\/wp-json\/wp\/v2\/product_brand?post=1061"},{"taxonomy":"product_cat","embeddable":true,"href":"https:\/\/www.regionalis.shop\/sammercosmetics-natur-wissen\/wp-json\/wp\/v2\/product_cat?post=1061"},{"taxonomy":"product_tag","embeddable":true,"href":"https:\/\/www.regionalis.shop\/sammercosmetics-natur-wissen\/wp-json\/wp\/v2\/product_tag?post=1061"}],"curies":[{"name":"wp","href":"https:\/\/api.w.org\/{rel}","templated":true}]}}