{"id":1070,"date":"2025-04-18T04:24:48","date_gmt":"2025-04-18T02:24:48","guid":{"rendered":"https:\/\/www.regionalis.shop\/sammercosmetics-natur-wissen\/product\/badepralinen-lavendel\/"},"modified":"2025-04-18T04:24:48","modified_gmt":"2025-04-18T02:24:48","slug":"badepralinen-lavendel","status":"publish","type":"product","link":"https:\/\/www.regionalis.shop\/sammercosmetics-natur-wissen\/shop\/badepralinen-lavendel\/","title":{"rendered":"Badepralinen-Lavendel"},"content":{"rendered":"<p>Badepralinen-Lavendel: f\u00fcr ein perfektes Wellness-Erlebnis<\/p>\n<p>Die &#8222;Badepralinen Lavendel&#8220; mit Kakaobutter, Kokosnussmilch und Lavendel\u00f6l pflegen die Haut zart und geschmeidig und verwandeln das Badezimmer in eine Wellness\u2013Oase.<\/p>\n<p>Anwendung:<br \/>\nZwei Badepralinen in der Badewanne oder eine Badepraline f\u00fcr ein Fu\u00dfbad f\u00fcr maximal 20 Minuten einwirken lassen. Danach mit flie\u00dfendem Wasser absp\u00fclen und die R\u00fcckst\u00e4nde abwaschen.<\/p>\n<p>Ingredients:<br \/>\nSodium Bicarbonate, Theobroma Cacao Seed Butter, Citric Acid, Tapioca Starch, Sodium Lauryl Sulfoacetate, Cocos Nucifera Fruit Extract, Maltodextrin, Lavandula Angustifolia Oil, Sodium caseinate, Lavandula Angustifolia Flower, Geraniol*, Linalool*, Citral*, Farnesol*, Limonene*.<\/p>\n<p>* = nat\u00fcrliche Bestandteile \u00e4therischer \u00d6le<\/p>\n<p>Lagerung:<br \/>\nBei Raumtemperatur lagern, trocken halten und vor direkter Sonneneinstrahlung sch\u00fctzen.<\/p>\n","protected":false},"excerpt":{"rendered":"<p>Badepralinen-Lavendel: f\u00fcr ein perfektes Wellness-Erlebnis Die &#8222;Badepralinen Lavendel&#8220; mit Kakaobutter, Kokosnussmilch und Lavendel\u00f6l pflegen die Haut zart und geschmeidig und verwandeln das Badezimmer in eine Wellness\u2013Oase. Anwendung: Zwei Badepralinen in der Badewanne oder eine Badepraline f\u00fcr ein Fu\u00dfbad f\u00fcr maximal 20 Minuten einwirken lassen. Danach mit flie\u00dfendem Wasser absp\u00fclen und die R\u00fcckst\u00e4nde abwaschen. Ingredients: Sodium &hellip; <a href=\"https:\/\/www.regionalis.shop\/sammercosmetics-natur-wissen\/shop\/badepralinen-lavendel\/\">Continued<\/a><\/p>\n","protected":false},"featured_media":1071,"template":"","meta":{"_acf_changed":false},"product_brand":[],"product_cat":[114,52],"product_tag":[],"class_list":{"0":"post-1070","1":"product","2":"type-product","3":"status-publish","4":"has-post-thumbnail","6":"product_cat-badezusaetze","7":"product_cat-kosmetika","9":"first","10":"instock","11":"purchasable","12":"product-type-simple"},"acf":[],"_links":{"self":[{"href":"https:\/\/www.regionalis.shop\/sammercosmetics-natur-wissen\/wp-json\/wp\/v2\/product\/1070","targetHints":{"allow":["GET"]}}],"collection":[{"href":"https:\/\/www.regionalis.shop\/sammercosmetics-natur-wissen\/wp-json\/wp\/v2\/product"}],"about":[{"href":"https:\/\/www.regionalis.shop\/sammercosmetics-natur-wissen\/wp-json\/wp\/v2\/types\/product"}],"wp:featuredmedia":[{"embeddable":true,"href":"https:\/\/www.regionalis.shop\/sammercosmetics-natur-wissen\/wp-json\/wp\/v2\/media\/1071"}],"wp:attachment":[{"href":"https:\/\/www.regionalis.shop\/sammercosmetics-natur-wissen\/wp-json\/wp\/v2\/media?parent=1070"}],"wp:term":[{"taxonomy":"product_brand","embeddable":true,"href":"https:\/\/www.regionalis.shop\/sammercosmetics-natur-wissen\/wp-json\/wp\/v2\/product_brand?post=1070"},{"taxonomy":"product_cat","embeddable":true,"href":"https:\/\/www.regionalis.shop\/sammercosmetics-natur-wissen\/wp-json\/wp\/v2\/product_cat?post=1070"},{"taxonomy":"product_tag","embeddable":true,"href":"https:\/\/www.regionalis.shop\/sammercosmetics-natur-wissen\/wp-json\/wp\/v2\/product_tag?post=1070"}],"curies":[{"name":"wp","href":"https:\/\/api.w.org\/{rel}","templated":true}]}}