{"id":1085,"date":"2025-04-18T04:23:45","date_gmt":"2025-04-18T02:23:45","guid":{"rendered":"https:\/\/www.regionalis.shop\/sammercosmetics-natur-wissen\/product\/gute-nacht-gesichtsoel\/"},"modified":"2025-04-18T04:23:45","modified_gmt":"2025-04-18T02:23:45","slug":"gute-nacht-gesichtsoel","status":"publish","type":"product","link":"https:\/\/www.regionalis.shop\/sammercosmetics-natur-wissen\/shop\/gute-nacht-gesichtsoel\/","title":{"rendered":"&#8222;Gute Nacht&#8220; &#8211; Gesichts\u00f6l"},"content":{"rendered":"<p>&#8222;Gute Nacht&#8220; &#8211; Gesichts\u00f6l &#8211; f\u00fcr eine sanfte Nachtpflege (vegan)<\/p>\n<p>Das &#8222;Gute Nacht&#8220; &#8211; Gesichts\u00f6l mit hochwertigen Pflanzen\u00f6len (Zwetschkenkern\u00f6l mit seinem lieblichen Marzipanduft, Wiesenschaumkraut\u00f6l, Jojoba\u00f6l, Wildrosen\u00f6l, Weizenkeim\u00f6l) und Vitamin E pflegt die Haut, spendet Feuchtigkeit und wirkt weichmachend.<\/p>\n<p>F\u00fcr alle Hauttypen geeignet.<\/p>\n<p>Anwendung: 1x t\u00e4glich, abends<br \/>\nVor Anwendung das Gesicht reinigen. 2-5 Tropfen Gesichts\u00f6l auf die Handfl\u00e4che tropfen, ohne die Pipettenspitze zu ber\u00fchren. Auf das trockene oder leicht feuchte Gesicht auftragen und sanft einmassieren.<\/p>\n<p>Ingredients:<br \/>\nPrunus Domestica (Plum ) Seed Oil, Limnanthes Alba (Meadowfoam) Seed Oil, Simmondsia Chinensis ( Jojoba) Seed Oil, Rosa Canina Fruit Oil \/ Rosa Moschata Seed Oil \/ Rosa Rubiginosa (Rosehip) Seed Oil, Triticum Vulgare (Wheat) Germ Oil, Tocopherol<\/p>\n<p>Lagerung:<br \/>\nBei Raumtemperatur lagern, trocken halten und vor direkter Sonneneinstrahlung sch\u00fctzen.<\/p>\n","protected":false},"excerpt":{"rendered":"<p>&#8222;Gute Nacht&#8220; &#8211; Gesichts\u00f6l &#8211; f\u00fcr eine sanfte Nachtpflege (vegan) Das &#8222;Gute Nacht&#8220; &#8211; Gesichts\u00f6l mit hochwertigen Pflanzen\u00f6len (Zwetschkenkern\u00f6l mit seinem lieblichen Marzipanduft, Wiesenschaumkraut\u00f6l, Jojoba\u00f6l, Wildrosen\u00f6l, Weizenkeim\u00f6l) und Vitamin E pflegt die Haut, spendet Feuchtigkeit und wirkt weichmachend. F\u00fcr alle Hauttypen geeignet. Anwendung: 1x t\u00e4glich, abends Vor Anwendung das Gesicht reinigen. 2-5 Tropfen Gesichts\u00f6l auf &hellip; <a href=\"https:\/\/www.regionalis.shop\/sammercosmetics-natur-wissen\/shop\/gute-nacht-gesichtsoel\/\">Continued<\/a><\/p>\n","protected":false},"featured_media":1086,"template":"","meta":{"_acf_changed":false},"product_brand":[],"product_cat":[138,52],"product_tag":[],"class_list":{"0":"post-1085","1":"product","2":"type-product","3":"status-publish","4":"has-post-thumbnail","6":"product_cat-gesichtspflege","7":"product_cat-kosmetika","9":"first","10":"instock","11":"purchasable","12":"product-type-simple"},"acf":[],"_links":{"self":[{"href":"https:\/\/www.regionalis.shop\/sammercosmetics-natur-wissen\/wp-json\/wp\/v2\/product\/1085","targetHints":{"allow":["GET"]}}],"collection":[{"href":"https:\/\/www.regionalis.shop\/sammercosmetics-natur-wissen\/wp-json\/wp\/v2\/product"}],"about":[{"href":"https:\/\/www.regionalis.shop\/sammercosmetics-natur-wissen\/wp-json\/wp\/v2\/types\/product"}],"wp:featuredmedia":[{"embeddable":true,"href":"https:\/\/www.regionalis.shop\/sammercosmetics-natur-wissen\/wp-json\/wp\/v2\/media\/1086"}],"wp:attachment":[{"href":"https:\/\/www.regionalis.shop\/sammercosmetics-natur-wissen\/wp-json\/wp\/v2\/media?parent=1085"}],"wp:term":[{"taxonomy":"product_brand","embeddable":true,"href":"https:\/\/www.regionalis.shop\/sammercosmetics-natur-wissen\/wp-json\/wp\/v2\/product_brand?post=1085"},{"taxonomy":"product_cat","embeddable":true,"href":"https:\/\/www.regionalis.shop\/sammercosmetics-natur-wissen\/wp-json\/wp\/v2\/product_cat?post=1085"},{"taxonomy":"product_tag","embeddable":true,"href":"https:\/\/www.regionalis.shop\/sammercosmetics-natur-wissen\/wp-json\/wp\/v2\/product_tag?post=1085"}],"curies":[{"name":"wp","href":"https:\/\/api.w.org\/{rel}","templated":true}]}}