{"id":862,"date":"2025-05-24T13:44:06","date_gmt":"2025-05-24T11:44:06","guid":{"rendered":"https:\/\/starter.stage.shop-it.at\/?page_id=862"},"modified":"2025-10-23T15:21:37","modified_gmt":"2025-10-23T13:21:37","slug":"startseite","status":"publish","type":"page","link":"https:\/\/www.regionalis.shop\/schau-auf-di-handgeruehrte-biokosmetik\/","title":{"rendered":"Startseite"},"content":{"rendered":"<section>\n        <div class=\"header-image\">\n            <img decoding=\"async\" src=\"https:\/\/www.regionalis.shop\/app\/uploads\/sites\/526\/banner_quer_pink-scaled.jpg\" alt=\"\">\n        <\/div>\n    \n    <\/section>\n    <section>\n    <div class=\"header-title\">\n        <h1 class=\"h2\">Willkommen bei Schau auf di &#8211; handger\u00fchrte BIOkosmetik<\/h1>\n    <\/div>\n            <h2 class=\"h3\">Handgemacht in Zwettl<\/h2>\n                <h1>Warum SCHAU AUF DI?<\/h1>\n<h2>Weil wir mitten in der Natur wohnen<\/h2>\n<p>Wir leben, wo andere Urlaub machen \u2013 mitten im Waldviertel, umgeben von W\u00e4ldern, Wiesen und klarer Luft. Diese N\u00e4he zur Natur pr\u00e4gt nicht nur unser Leben, sondern auch alles, was wir tun.<\/p>\n<p>Wir sind keine Weltverbesserer \u2026 oder vielleicht doch.<br \/>\nDenn unser Ziel ist es, die Welt Schritt f\u00fcr Schritt nachhaltiger zu machen \u2013 mit ehrlicher Biokosmetik, die regional produziert, plastikarm verpackt und mit ganz viel Herz handgemacht ist.<\/p>\n<p>Wir glauben: Wer Verantwortung lebt, ver\u00e4ndert etwas.<br \/>\nNicht laut, sondern konsequent.<br \/>\nF\u00fcr unsere Umwelt. F\u00fcr unsere Kinder. F\u00fcr eine Zukunft, die bunt bleibt.<\/p>\n<p>\ud83c\udf3f Ein St\u00fcck Natur zum Mitnehmen.<br \/>\nIn jedem Produkt steckt ein bisschen Waldviertel \u2013 und ganz viel von dem, woran wir glauben.<\/p>\n\n    \n    <h3>Produkte<\/h3>\n\n    <div class=\"woocommerce columns-3 \"><ul class=\"products columns-3\">\n<li class=\"product type-product post-1200 status-publish first instock product_cat-uncategorised taxable shipping-taxable purchasable product-type-simple\">\n\t<a href=\"https:\/\/www.regionalis.shop\/schau-auf-di-handgeruehrte-biokosmetik\/shop\/lippenpflegeoel-bio\/\" class=\"woocommerce-LoopProduct-link woocommerce-loop-product__link\"><div class=\"wc-block-grid__product-image\"><img loading=\"lazy\" decoding=\"async\" width=\"1024\" height=\"1024\" src=\"https:\/\/www.regionalis.shop\/app\/uploads\/sites\/526\/woocommerce-placeholder-1024x1024.webp\" class=\"woocommerce-placeholder wp-post-image\" alt=\"Platzhalter\" srcset=\"https:\/\/www.regionalis.shop\/app\/uploads\/sites\/526\/woocommerce-placeholder-1024x1024.webp 1024w, https:\/\/www.regionalis.shop\/app\/uploads\/sites\/526\/woocommerce-placeholder-300x300.webp 300w, https:\/\/www.regionalis.shop\/app\/uploads\/sites\/526\/woocommerce-placeholder-150x150.webp 150w, https:\/\/www.regionalis.shop\/app\/uploads\/sites\/526\/woocommerce-placeholder-768x768.webp 768w, https:\/\/www.regionalis.shop\/app\/uploads\/sites\/526\/woocommerce-placeholder.webp 1200w\" sizes=\"auto, (max-width: 1024px) 100vw, 1024px\" \/><\/div><h2 class=\"woocommerce-loop-product__title\">Lippenpflege\u00f6l BIO<\/h2>\n\t<span class=\"price\"><span class=\"woocommerce-Price-amount amount\"><bdi>9,90&nbsp;<span class=\"woocommerce-Price-currencySymbol\">&euro;<\/span><\/bdi><\/span><\/span>\n<\/a><\/li>\n<li class=\"product type-product post-1197 status-publish instock product_cat-uncategorised has-post-thumbnail taxable shipping-taxable purchasable product-type-simple\">\n\t<a href=\"https:\/\/www.regionalis.shop\/schau-auf-di-handgeruehrte-biokosmetik\/shop\/lippenbalsam-bio\/\" class=\"woocommerce-LoopProduct-link woocommerce-loop-product__link\"><div class=\"wc-block-grid__product-image\"><img loading=\"lazy\" decoding=\"async\" width=\"1024\" height=\"1024\" src=\"https:\/\/www.regionalis.shop\/app\/uploads\/sites\/526\/Lippenbalsam-1-1024x1024.png\" class=\"attachment-large size-large\" alt=\"Lippenbalsam BIO\" srcset=\"https:\/\/www.regionalis.shop\/app\/uploads\/sites\/526\/Lippenbalsam-1-1024x1024.png 1024w, https:\/\/www.regionalis.shop\/app\/uploads\/sites\/526\/Lippenbalsam-1-300x300.png 300w, https:\/\/www.regionalis.shop\/app\/uploads\/sites\/526\/Lippenbalsam-1-150x150.png 150w, https:\/\/www.regionalis.shop\/app\/uploads\/sites\/526\/Lippenbalsam-1-768x768.png 768w, https:\/\/www.regionalis.shop\/app\/uploads\/sites\/526\/Lippenbalsam-1-1536x1536.png 1536w, https:\/\/www.regionalis.shop\/app\/uploads\/sites\/526\/Lippenbalsam-1-600x600.png 600w, https:\/\/www.regionalis.shop\/app\/uploads\/sites\/526\/Lippenbalsam-1-100x100.png 100w, https:\/\/www.regionalis.shop\/app\/uploads\/sites\/526\/Lippenbalsam-1.png 2000w\" sizes=\"auto, (max-width: 1024px) 100vw, 1024px\" \/><\/div><h2 class=\"woocommerce-loop-product__title\">Lippenbalsam BIO<\/h2>\n\t<span class=\"price\"><span class=\"woocommerce-Price-amount amount\"><bdi>9,90&nbsp;<span class=\"woocommerce-Price-currencySymbol\">&euro;<\/span><\/bdi><\/span><\/span>\n<\/a><\/li>\n<li class=\"product type-product post-1192 status-publish last instock product_cat-uncategorised has-post-thumbnail taxable shipping-taxable purchasable product-type-simple\">\n\t<a href=\"https:\/\/www.regionalis.shop\/schau-auf-di-handgeruehrte-biokosmetik\/shop\/lippenpflegestift-minz-frisch-bio\/\" class=\"woocommerce-LoopProduct-link woocommerce-loop-product__link\"><div class=\"wc-block-grid__product-image\"><img loading=\"lazy\" decoding=\"async\" width=\"1024\" height=\"1024\" src=\"https:\/\/www.regionalis.shop\/app\/uploads\/sites\/526\/Lippenpflege_Minzfrisch-1024x1024.png\" class=\"attachment-large size-large\" alt=\"Lippenpflegestift minz.frisch BIO\" srcset=\"https:\/\/www.regionalis.shop\/app\/uploads\/sites\/526\/Lippenpflege_Minzfrisch-1024x1024.png 1024w, https:\/\/www.regionalis.shop\/app\/uploads\/sites\/526\/Lippenpflege_Minzfrisch-300x300.png 300w, https:\/\/www.regionalis.shop\/app\/uploads\/sites\/526\/Lippenpflege_Minzfrisch-150x150.png 150w, https:\/\/www.regionalis.shop\/app\/uploads\/sites\/526\/Lippenpflege_Minzfrisch-768x768.png 768w, https:\/\/www.regionalis.shop\/app\/uploads\/sites\/526\/Lippenpflege_Minzfrisch-1536x1536.png 1536w, https:\/\/www.regionalis.shop\/app\/uploads\/sites\/526\/Lippenpflege_Minzfrisch-600x600.png 600w, https:\/\/www.regionalis.shop\/app\/uploads\/sites\/526\/Lippenpflege_Minzfrisch-100x100.png 100w, https:\/\/www.regionalis.shop\/app\/uploads\/sites\/526\/Lippenpflege_Minzfrisch.png 2000w\" sizes=\"auto, (max-width: 1024px) 100vw, 1024px\" \/><\/div><h2 class=\"woocommerce-loop-product__title\">Lippenpflegestift minz.frisch BIO<\/h2>\n\t<span class=\"price\"><span class=\"woocommerce-Price-amount amount\"><bdi>9,90&nbsp;<span class=\"woocommerce-Price-currencySymbol\">&euro;<\/span><\/bdi><\/span><\/span>\n<\/a><\/li>\n<\/ul>\n<\/div>\n    <p>\n        <a href=\"https:\/\/www.regionalis.shop\/schau-auf-di-handgeruehrte-biokosmetik\/shop\/\" class=\"btn btn-primary btn-icon-right\">\n            Alle Produkte <i class=\"bi bi-arrow-right-short\"><\/i>\n        <\/a>\n    <\/p>\n<\/section>\n\n<div data-block-name=\"woocommerce\/store-notices\" class=\"wc-block-store-notices woocommerce alignwide alignwide wp-block-woocommerce-store-notices\"><div class=\"woocommerce-notices-wrapper\"><\/div><\/div>","protected":false},"excerpt":{"rendered":"","protected":false},"author":1,"featured_media":0,"parent":0,"menu_order":0,"comment_status":"closed","ping_status":"closed","template":"template-home.blade.php","meta":{"_acf_changed":false,"footnotes":""},"class_list":["post-862","page","type-page","status-publish","hentry"],"acf":[],"_links":{"self":[{"href":"https:\/\/www.regionalis.shop\/schau-auf-di-handgeruehrte-biokosmetik\/wp-json\/wp\/v2\/pages\/862","targetHints":{"allow":["GET"]}}],"collection":[{"href":"https:\/\/www.regionalis.shop\/schau-auf-di-handgeruehrte-biokosmetik\/wp-json\/wp\/v2\/pages"}],"about":[{"href":"https:\/\/www.regionalis.shop\/schau-auf-di-handgeruehrte-biokosmetik\/wp-json\/wp\/v2\/types\/page"}],"author":[{"embeddable":true,"href":"https:\/\/www.regionalis.shop\/schau-auf-di-handgeruehrte-biokosmetik\/wp-json\/wp\/v2\/users\/1"}],"replies":[{"embeddable":true,"href":"https:\/\/www.regionalis.shop\/schau-auf-di-handgeruehrte-biokosmetik\/wp-json\/wp\/v2\/comments?post=862"}],"version-history":[{"count":28,"href":"https:\/\/www.regionalis.shop\/schau-auf-di-handgeruehrte-biokosmetik\/wp-json\/wp\/v2\/pages\/862\/revisions"}],"predecessor-version":[{"id":1041,"href":"https:\/\/www.regionalis.shop\/schau-auf-di-handgeruehrte-biokosmetik\/wp-json\/wp\/v2\/pages\/862\/revisions\/1041"}],"wp:attachment":[{"href":"https:\/\/www.regionalis.shop\/schau-auf-di-handgeruehrte-biokosmetik\/wp-json\/wp\/v2\/media?parent=862"}],"curies":[{"name":"wp","href":"https:\/\/api.w.org\/{rel}","templated":true}]}}