{"id":1054,"date":"2025-04-28T03:44:11","date_gmt":"2025-04-28T01:44:11","guid":{"rendered":"https:\/\/www.regionalis.shop\/schau-auf-di-handgeruehrte-biokosmetik\/product\/pflegeoel-haselnuss-bio\/"},"modified":"2025-04-28T03:44:11","modified_gmt":"2025-04-28T01:44:11","slug":"pflegeoel-haselnuss-bio","status":"publish","type":"product","link":"https:\/\/www.regionalis.shop\/schau-auf-di-handgeruehrte-biokosmetik\/shop\/pflegeoel-haselnuss-bio\/","title":{"rendered":"Pflege\u00f6l Haselnuss BIO"},"content":{"rendered":"<p>Eine perfekte 3er Kombination aus Haselnuss-, Sonnenblumen- und Mandel\u00f6l vereint sich hier in einem feinen Gesichtspflege\u00f6l. Der hohe Tocopherolgehalt (Vit E) des Haselnuss\u00f6ls wirkt sehr hautgl\u00e4ttend und gegen freie Radikale, die die Ursache f\u00fcr den Alterungsprozess sind. Das Sonnenblumen\u00f6l ist ein leichtes, nicht aufliegendes, entz\u00fcndungshemmendes und mild pflegendes \u00d6l mit hoher Vertr\u00e4glichkeit, auch bei sehr sensibler, empfindlicher Haut. Das Mandel\u00f6l dringt tief in die Barriereschicht des Stratum Corneum, der Hornschicht unserer Haut, ein, wo es reizlindernd wirkt und die Feuchtigkeit bindet und speichert. Das Pflege\u00f6l wird als Zusatzprodukt oder alleine verwendet. Ein kleiner Tropfen \u00d6l allein oder unter die Gesichtscreme gen\u00fcgt, um die Pflege rund um die Augen zu verst\u00e4rken oder auch feine Mimikf\u00e4ltchen zu gl\u00e4tten.<\/p>\n","protected":false},"excerpt":{"rendered":"<p>Eine perfekte 3er Kombination aus Haselnuss-, Sonnenblumen- und Mandel\u00f6l vereint sich hier in einem feinen Gesichtspflege\u00f6l. Der hohe Tocopherolgehalt (Vit E) des Haselnuss\u00f6ls wirkt sehr hautgl\u00e4ttend und gegen freie Radikale, die die Ursache f\u00fcr den Alterungsprozess sind. Das Sonnenblumen\u00f6l ist ein leichtes, nicht aufliegendes, entz\u00fcndungshemmendes und mild pflegendes \u00d6l mit hoher Vertr\u00e4glichkeit, auch bei sehr &hellip; <a href=\"https:\/\/www.regionalis.shop\/schau-auf-di-handgeruehrte-biokosmetik\/shop\/pflegeoel-haselnuss-bio\/\">Continued<\/a><\/p>\n","protected":false},"featured_media":1055,"template":"","meta":{"_acf_changed":false},"product_brand":[],"product_cat":[138,52],"product_tag":[],"class_list":{"0":"post-1054","1":"product","2":"type-product","3":"status-publish","4":"has-post-thumbnail","6":"product_cat-gesichtspflege","7":"product_cat-kosmetika","9":"first","10":"instock","11":"purchasable","12":"product-type-simple"},"acf":[],"_links":{"self":[{"href":"https:\/\/www.regionalis.shop\/schau-auf-di-handgeruehrte-biokosmetik\/wp-json\/wp\/v2\/product\/1054","targetHints":{"allow":["GET"]}}],"collection":[{"href":"https:\/\/www.regionalis.shop\/schau-auf-di-handgeruehrte-biokosmetik\/wp-json\/wp\/v2\/product"}],"about":[{"href":"https:\/\/www.regionalis.shop\/schau-auf-di-handgeruehrte-biokosmetik\/wp-json\/wp\/v2\/types\/product"}],"wp:featuredmedia":[{"embeddable":true,"href":"https:\/\/www.regionalis.shop\/schau-auf-di-handgeruehrte-biokosmetik\/wp-json\/wp\/v2\/media\/1055"}],"wp:attachment":[{"href":"https:\/\/www.regionalis.shop\/schau-auf-di-handgeruehrte-biokosmetik\/wp-json\/wp\/v2\/media?parent=1054"}],"wp:term":[{"taxonomy":"product_brand","embeddable":true,"href":"https:\/\/www.regionalis.shop\/schau-auf-di-handgeruehrte-biokosmetik\/wp-json\/wp\/v2\/product_brand?post=1054"},{"taxonomy":"product_cat","embeddable":true,"href":"https:\/\/www.regionalis.shop\/schau-auf-di-handgeruehrte-biokosmetik\/wp-json\/wp\/v2\/product_cat?post=1054"},{"taxonomy":"product_tag","embeddable":true,"href":"https:\/\/www.regionalis.shop\/schau-auf-di-handgeruehrte-biokosmetik\/wp-json\/wp\/v2\/product_tag?post=1054"}],"curies":[{"name":"wp","href":"https:\/\/api.w.org\/{rel}","templated":true}]}}