{"id":1060,"date":"2025-04-28T03:44:11","date_gmt":"2025-04-28T01:44:11","guid":{"rendered":"https:\/\/www.regionalis.shop\/schau-auf-di-handgeruehrte-biokosmetik\/product\/duschbad-kids-bio\/"},"modified":"2025-04-28T03:44:11","modified_gmt":"2025-04-28T01:44:11","slug":"duschbad-kids-bio","status":"publish","type":"product","link":"https:\/\/www.regionalis.shop\/schau-auf-di-handgeruehrte-biokosmetik\/shop\/duschbad-kids-bio\/","title":{"rendered":"Duschbad KIDS BIO"},"content":{"rendered":"<p>Das milde Bio-Duschbad f\u00fcr Kids reinigt sanft mit nat\u00fcrlichen Wirkstoffen. Ringelblumen\u00f6l ist heilungsf\u00f6rdernd und hilft der Haut geschmeidig zu bleiben. Mandel\u00f6l pflegt die empfindliche Kinderhaut nachhaltig. Ohne Duftstoffe oder \u00e4therische \u00d6le ist unser Bio-Duschbad die perfekte, t\u00e4gliche Pflege f\u00fcr die Kids.<\/p>\n","protected":false},"excerpt":{"rendered":"<p>Das milde Bio-Duschbad f\u00fcr Kids reinigt sanft mit nat\u00fcrlichen Wirkstoffen. Ringelblumen\u00f6l ist heilungsf\u00f6rdernd und hilft der Haut geschmeidig zu bleiben. Mandel\u00f6l pflegt die empfindliche Kinderhaut nachhaltig. Ohne Duftstoffe oder \u00e4therische \u00d6le ist unser Bio-Duschbad die perfekte, t\u00e4gliche Pflege f\u00fcr die Kids.<\/p>\n","protected":false},"featured_media":1061,"template":"","meta":{"_acf_changed":false},"product_brand":[],"product_cat":[112,52],"product_tag":[],"class_list":{"0":"post-1060","1":"product","2":"type-product","3":"status-publish","4":"has-post-thumbnail","6":"product_cat-babys-muetter","7":"product_cat-kosmetika","9":"first","10":"instock","11":"purchasable","12":"product-type-simple"},"acf":[],"_links":{"self":[{"href":"https:\/\/www.regionalis.shop\/schau-auf-di-handgeruehrte-biokosmetik\/wp-json\/wp\/v2\/product\/1060","targetHints":{"allow":["GET"]}}],"collection":[{"href":"https:\/\/www.regionalis.shop\/schau-auf-di-handgeruehrte-biokosmetik\/wp-json\/wp\/v2\/product"}],"about":[{"href":"https:\/\/www.regionalis.shop\/schau-auf-di-handgeruehrte-biokosmetik\/wp-json\/wp\/v2\/types\/product"}],"wp:featuredmedia":[{"embeddable":true,"href":"https:\/\/www.regionalis.shop\/schau-auf-di-handgeruehrte-biokosmetik\/wp-json\/wp\/v2\/media\/1061"}],"wp:attachment":[{"href":"https:\/\/www.regionalis.shop\/schau-auf-di-handgeruehrte-biokosmetik\/wp-json\/wp\/v2\/media?parent=1060"}],"wp:term":[{"taxonomy":"product_brand","embeddable":true,"href":"https:\/\/www.regionalis.shop\/schau-auf-di-handgeruehrte-biokosmetik\/wp-json\/wp\/v2\/product_brand?post=1060"},{"taxonomy":"product_cat","embeddable":true,"href":"https:\/\/www.regionalis.shop\/schau-auf-di-handgeruehrte-biokosmetik\/wp-json\/wp\/v2\/product_cat?post=1060"},{"taxonomy":"product_tag","embeddable":true,"href":"https:\/\/www.regionalis.shop\/schau-auf-di-handgeruehrte-biokosmetik\/wp-json\/wp\/v2\/product_tag?post=1060"}],"curies":[{"name":"wp","href":"https:\/\/api.w.org\/{rel}","templated":true}]}}