{"id":1062,"date":"2025-04-28T03:44:11","date_gmt":"2025-04-28T01:44:11","guid":{"rendered":"https:\/\/www.regionalis.shop\/schau-auf-di-handgeruehrte-biokosmetik\/product\/zauberbalsam-kids-bio\/"},"modified":"2025-04-28T03:44:11","modified_gmt":"2025-04-28T01:44:11","slug":"zauberbalsam-kids-bio","status":"publish","type":"product","link":"https:\/\/www.regionalis.shop\/schau-auf-di-handgeruehrte-biokosmetik\/shop\/zauberbalsam-kids-bio\/","title":{"rendered":"Zauberbalsam KIDS BIO"},"content":{"rendered":"<p>Ohne Parfumstoffe und ohne \u00e4therische \u00d6le pflegt dieser Balsam die empfindliche Kinderhaut. Das Ringelblumen\u00f6l in diesem Schutzbalsam ist heilungsf\u00f6rdernd und entz\u00fcndungshemmend. Da das Mandel\u00f6l r\u00fcckfettend ist, erh\u00e4lt es die nat\u00fcrliche Geschmeidigkeit der Haut. F\u00fcr die t\u00e4gliche Pflege bewirkt der Zauberbalsam nur das Beste f\u00fcr die feine Haut der Kids.<\/p>\n","protected":false},"excerpt":{"rendered":"<p>Ohne Parfumstoffe und ohne \u00e4therische \u00d6le pflegt dieser Balsam die empfindliche Kinderhaut. Das Ringelblumen\u00f6l in diesem Schutzbalsam ist heilungsf\u00f6rdernd und entz\u00fcndungshemmend. Da das Mandel\u00f6l r\u00fcckfettend ist, erh\u00e4lt es die nat\u00fcrliche Geschmeidigkeit der Haut. F\u00fcr die t\u00e4gliche Pflege bewirkt der Zauberbalsam nur das Beste f\u00fcr die feine Haut der Kids.<\/p>\n","protected":false},"featured_media":1063,"template":"","meta":{"_acf_changed":false},"product_brand":[],"product_cat":[112,52],"product_tag":[],"class_list":{"0":"post-1062","1":"product","2":"type-product","3":"status-publish","4":"has-post-thumbnail","6":"product_cat-babys-muetter","7":"product_cat-kosmetika","9":"first","10":"instock","11":"purchasable","12":"product-type-simple"},"acf":[],"_links":{"self":[{"href":"https:\/\/www.regionalis.shop\/schau-auf-di-handgeruehrte-biokosmetik\/wp-json\/wp\/v2\/product\/1062","targetHints":{"allow":["GET"]}}],"collection":[{"href":"https:\/\/www.regionalis.shop\/schau-auf-di-handgeruehrte-biokosmetik\/wp-json\/wp\/v2\/product"}],"about":[{"href":"https:\/\/www.regionalis.shop\/schau-auf-di-handgeruehrte-biokosmetik\/wp-json\/wp\/v2\/types\/product"}],"wp:featuredmedia":[{"embeddable":true,"href":"https:\/\/www.regionalis.shop\/schau-auf-di-handgeruehrte-biokosmetik\/wp-json\/wp\/v2\/media\/1063"}],"wp:attachment":[{"href":"https:\/\/www.regionalis.shop\/schau-auf-di-handgeruehrte-biokosmetik\/wp-json\/wp\/v2\/media?parent=1062"}],"wp:term":[{"taxonomy":"product_brand","embeddable":true,"href":"https:\/\/www.regionalis.shop\/schau-auf-di-handgeruehrte-biokosmetik\/wp-json\/wp\/v2\/product_brand?post=1062"},{"taxonomy":"product_cat","embeddable":true,"href":"https:\/\/www.regionalis.shop\/schau-auf-di-handgeruehrte-biokosmetik\/wp-json\/wp\/v2\/product_cat?post=1062"},{"taxonomy":"product_tag","embeddable":true,"href":"https:\/\/www.regionalis.shop\/schau-auf-di-handgeruehrte-biokosmetik\/wp-json\/wp\/v2\/product_tag?post=1062"}],"curies":[{"name":"wp","href":"https:\/\/api.w.org\/{rel}","templated":true}]}}