{"id":1066,"date":"2025-04-28T03:44:11","date_gmt":"2025-04-28T01:44:11","guid":{"rendered":"https:\/\/www.regionalis.shop\/schau-auf-di-handgeruehrte-biokosmetik\/product\/handbalsam-bio\/"},"modified":"2025-11-10T16:17:42","modified_gmt":"2025-11-10T15:17:42","slug":"handbalsam-bio","status":"publish","type":"product","link":"https:\/\/www.regionalis.shop\/schau-auf-di-handgeruehrte-biokosmetik\/shop\/handbalsam-bio\/","title":{"rendered":"Handbalsam BIO"},"content":{"rendered":"<p class=\"\" data-start=\"188\" data-end=\"580\">Unser Bio-Handbalsam verw\u00f6hnt trockene und beanspruchte H\u00e4nde mit einer reichhaltigen Formulierung aus Lavendel- und Birkenhydrolat, Sonnenblumen- und Distel\u00f6l sowie Mandel\u00f6l. Er zieht schnell ein, st\u00e4rkt die nat\u00fcrliche Hautbarriere und hinterl\u00e4sst ein seidig weiches Hautgef\u00fchl \u2013 ganz ohne klebrigen Film. Der dezente Kr\u00e4uterduft sorgt f\u00fcr ein belebendes Pflege-Erlebnis.<\/p>\n<p class=\"\" data-start=\"582\" data-end=\"801\"><strong data-start=\"582\" data-end=\"595\">Vorteile:<\/strong><br data-start=\"595\" data-end=\"598\" \/>\u2022 Spendet langanhaltende, intensive Feuchtigkeit<br data-start=\"646\" data-end=\"649\" \/>\u2022 Zieht schnell ein \u2013 kein klebriges Gef\u00fchl<br data-start=\"692\" data-end=\"695\" \/>\u2022 St\u00e4rkt und regeneriert die Hautbarriere<br data-start=\"736\" data-end=\"739\" \/>\u2022 Beruhigt raue, gereizte Stellen<br data-start=\"772\" data-end=\"775\" \/>\u2022 Sanft nat\u00fcrlicher Duft<\/p>\n<p class=\"\" data-start=\"803\" data-end=\"969\"><strong data-start=\"803\" data-end=\"817\">Anwendung:<\/strong><br data-start=\"817\" data-end=\"820\" \/>Eine erbsengro\u00dfe Menge auf die gereinigten H\u00e4nde geben und sanft einmassieren. Besonders angenehm nach dem H\u00e4ndewaschen oder bei sehr trockener Haut.<\/p>\n<p class=\"\" data-start=\"971\" data-end=\"1267\"><strong data-start=\"971\" data-end=\"999\">Inhaltsstoffe (Deutsch):<\/strong><br data-start=\"999\" data-end=\"1002\" \/>Wasser, Lavendelhydrolat*, Birkenhydrolat*, Sonnenblumen\u00f6l*, Distel\u00f6l*, Mandel\u00f6l*, Polyglyceryl-3 Dicitrate\/Stearate, Parfum (reine \u00e4therische Bio\u00f6le), Benzylalkohol, Benzoes\u00e4ure, Sorbins\u00e4ure, Xanthan, Limonen, Linalool<br data-start=\"1221\" data-end=\"1224\" \/>*aus kontrolliert biologischem Anbau (Bio)<\/p>\n","protected":false},"excerpt":{"rendered":"<p>Unser Bio-Handbalsam verw\u00f6hnt trockene und beanspruchte H\u00e4nde mit einer reichhaltigen Formulierung aus Lavendel- und Birkenhydrolat, Sonnenblumen- und Distel\u00f6l sowie Mandel\u00f6l. Er zieht schnell ein, st\u00e4rkt die nat\u00fcrliche Hautbarriere und hinterl\u00e4sst ein seidig weiches Hautgef\u00fchl \u2013 ganz ohne klebrigen Film. Der dezente Kr\u00e4uterduft sorgt f\u00fcr ein belebendes Pflege-Erlebnis.<\/p>\n","protected":false},"featured_media":1153,"template":"","meta":{"_acf_changed":false},"product_brand":[],"product_cat":[122,153,52],"product_tag":[],"class_list":{"0":"post-1066","1":"product","2":"type-product","3":"status-publish","4":"has-post-thumbnail","6":"product_cat-cremen-salben","7":"product_cat-koerperpflege","8":"product_cat-kosmetika","10":"first","11":"instock","12":"purchasable","13":"product-type-simple"},"acf":[],"_links":{"self":[{"href":"https:\/\/www.regionalis.shop\/schau-auf-di-handgeruehrte-biokosmetik\/wp-json\/wp\/v2\/product\/1066","targetHints":{"allow":["GET"]}}],"collection":[{"href":"https:\/\/www.regionalis.shop\/schau-auf-di-handgeruehrte-biokosmetik\/wp-json\/wp\/v2\/product"}],"about":[{"href":"https:\/\/www.regionalis.shop\/schau-auf-di-handgeruehrte-biokosmetik\/wp-json\/wp\/v2\/types\/product"}],"wp:featuredmedia":[{"embeddable":true,"href":"https:\/\/www.regionalis.shop\/schau-auf-di-handgeruehrte-biokosmetik\/wp-json\/wp\/v2\/media\/1153"}],"wp:attachment":[{"href":"https:\/\/www.regionalis.shop\/schau-auf-di-handgeruehrte-biokosmetik\/wp-json\/wp\/v2\/media?parent=1066"}],"wp:term":[{"taxonomy":"product_brand","embeddable":true,"href":"https:\/\/www.regionalis.shop\/schau-auf-di-handgeruehrte-biokosmetik\/wp-json\/wp\/v2\/product_brand?post=1066"},{"taxonomy":"product_cat","embeddable":true,"href":"https:\/\/www.regionalis.shop\/schau-auf-di-handgeruehrte-biokosmetik\/wp-json\/wp\/v2\/product_cat?post=1066"},{"taxonomy":"product_tag","embeddable":true,"href":"https:\/\/www.regionalis.shop\/schau-auf-di-handgeruehrte-biokosmetik\/wp-json\/wp\/v2\/product_tag?post=1066"}],"curies":[{"name":"wp","href":"https:\/\/api.w.org\/{rel}","templated":true}]}}