{"id":1072,"date":"2025-04-28T03:44:11","date_gmt":"2025-04-28T01:44:11","guid":{"rendered":"https:\/\/www.regionalis.shop\/schau-auf-di-handgeruehrte-biokosmetik\/product\/gesichtswasser-rose-bio\/"},"modified":"2025-04-28T03:44:11","modified_gmt":"2025-04-28T01:44:11","slug":"gesichtswasser-rose-bio","status":"publish","type":"product","link":"https:\/\/www.regionalis.shop\/schau-auf-di-handgeruehrte-biokosmetik\/shop\/gesichtswasser-rose-bio\/","title":{"rendered":"Gesichtswasser Rose BIO"},"content":{"rendered":"<p>Feines Rosenhydrolat ist ein wunderbares Hautpflegemittel. Es wirkt revitalisierend und ist besonders erfrischend f\u00fcr anspruchsvolle Haut. Als Spray verwendet verleiht es einen sanften Duft der Rose, ideal an hei\u00dfen Tagen, auf Reisen oder einfach im Alltag zum K\u00fchlen von Gesicht, Hals Dekollet\u00e9 oder Nacken. Unser sensitives Gesichtswasser hat eine intensive Wirkung und ist trotzdem sanft zu unserer Haut.<\/p>\n","protected":false},"excerpt":{"rendered":"<p>Feines Rosenhydrolat ist ein wunderbares Hautpflegemittel. Es wirkt revitalisierend und ist besonders erfrischend f\u00fcr anspruchsvolle Haut. Als Spray verwendet verleiht es einen sanften Duft der Rose, ideal an hei\u00dfen Tagen, auf Reisen oder einfach im Alltag zum K\u00fchlen von Gesicht, Hals Dekollet\u00e9 oder Nacken. Unser sensitives Gesichtswasser hat eine intensive Wirkung und ist trotzdem sanft &hellip; <a href=\"https:\/\/www.regionalis.shop\/schau-auf-di-handgeruehrte-biokosmetik\/shop\/gesichtswasser-rose-bio\/\">Continued<\/a><\/p>\n","protected":false},"featured_media":1073,"template":"","meta":{"_acf_changed":false},"product_brand":[],"product_cat":[138,52],"product_tag":[],"class_list":{"0":"post-1072","1":"product","2":"type-product","3":"status-publish","4":"has-post-thumbnail","6":"product_cat-gesichtspflege","7":"product_cat-kosmetika","9":"first","10":"instock","11":"purchasable","12":"product-type-simple"},"acf":[],"_links":{"self":[{"href":"https:\/\/www.regionalis.shop\/schau-auf-di-handgeruehrte-biokosmetik\/wp-json\/wp\/v2\/product\/1072","targetHints":{"allow":["GET"]}}],"collection":[{"href":"https:\/\/www.regionalis.shop\/schau-auf-di-handgeruehrte-biokosmetik\/wp-json\/wp\/v2\/product"}],"about":[{"href":"https:\/\/www.regionalis.shop\/schau-auf-di-handgeruehrte-biokosmetik\/wp-json\/wp\/v2\/types\/product"}],"wp:featuredmedia":[{"embeddable":true,"href":"https:\/\/www.regionalis.shop\/schau-auf-di-handgeruehrte-biokosmetik\/wp-json\/wp\/v2\/media\/1073"}],"wp:attachment":[{"href":"https:\/\/www.regionalis.shop\/schau-auf-di-handgeruehrte-biokosmetik\/wp-json\/wp\/v2\/media?parent=1072"}],"wp:term":[{"taxonomy":"product_brand","embeddable":true,"href":"https:\/\/www.regionalis.shop\/schau-auf-di-handgeruehrte-biokosmetik\/wp-json\/wp\/v2\/product_brand?post=1072"},{"taxonomy":"product_cat","embeddable":true,"href":"https:\/\/www.regionalis.shop\/schau-auf-di-handgeruehrte-biokosmetik\/wp-json\/wp\/v2\/product_cat?post=1072"},{"taxonomy":"product_tag","embeddable":true,"href":"https:\/\/www.regionalis.shop\/schau-auf-di-handgeruehrte-biokosmetik\/wp-json\/wp\/v2\/product_tag?post=1072"}],"curies":[{"name":"wp","href":"https:\/\/api.w.org\/{rel}","templated":true}]}}