{"id":1074,"date":"2025-04-28T03:44:11","date_gmt":"2025-04-28T01:44:11","guid":{"rendered":"https:\/\/www.regionalis.shop\/schau-auf-di-handgeruehrte-biokosmetik\/product\/gesichtswasser-lavendel-bio\/"},"modified":"2025-04-28T03:44:11","modified_gmt":"2025-04-28T01:44:11","slug":"gesichtswasser-lavendel-bio","status":"publish","type":"product","link":"https:\/\/www.regionalis.shop\/schau-auf-di-handgeruehrte-biokosmetik\/shop\/gesichtswasser-lavendel-bio\/","title":{"rendered":"Gesichtswasser Lavendel BIO"},"content":{"rendered":"<p>Das naturreine Lavendelhydrolat wirkt besonders mild, pflegend und beruhigend. Die Anwendungsgebiete sind breit gef\u00e4chert. Es eignet sich zur Gesichtsreinigung von Mischhaut, sowie fettiger, unreiner oder gro\u00dfporiger Haut und zur Milderung bei R\u00f6tungen oder Juckreiz. Auch wirkt es ausgleichend vor dem Schlafen gehen. Ein sanfter Spr\u00fcher auf die Haut, ins Badewasser oder als Raumspray hilft Babys sanft in den Schlaf zu finden.<\/p>\n","protected":false},"excerpt":{"rendered":"<p>Das naturreine Lavendelhydrolat wirkt besonders mild, pflegend und beruhigend. Die Anwendungsgebiete sind breit gef\u00e4chert. Es eignet sich zur Gesichtsreinigung von Mischhaut, sowie fettiger, unreiner oder gro\u00dfporiger Haut und zur Milderung bei R\u00f6tungen oder Juckreiz. Auch wirkt es ausgleichend vor dem Schlafen gehen. Ein sanfter Spr\u00fcher auf die Haut, ins Badewasser oder als Raumspray hilft Babys &hellip; <a href=\"https:\/\/www.regionalis.shop\/schau-auf-di-handgeruehrte-biokosmetik\/shop\/gesichtswasser-lavendel-bio\/\">Continued<\/a><\/p>\n","protected":false},"featured_media":1075,"template":"","meta":{"_acf_changed":false},"product_brand":[],"product_cat":[138,52],"product_tag":[],"class_list":{"0":"post-1074","1":"product","2":"type-product","3":"status-publish","4":"has-post-thumbnail","6":"product_cat-gesichtspflege","7":"product_cat-kosmetika","9":"first","10":"instock","11":"purchasable","12":"product-type-simple"},"acf":[],"_links":{"self":[{"href":"https:\/\/www.regionalis.shop\/schau-auf-di-handgeruehrte-biokosmetik\/wp-json\/wp\/v2\/product\/1074","targetHints":{"allow":["GET"]}}],"collection":[{"href":"https:\/\/www.regionalis.shop\/schau-auf-di-handgeruehrte-biokosmetik\/wp-json\/wp\/v2\/product"}],"about":[{"href":"https:\/\/www.regionalis.shop\/schau-auf-di-handgeruehrte-biokosmetik\/wp-json\/wp\/v2\/types\/product"}],"wp:featuredmedia":[{"embeddable":true,"href":"https:\/\/www.regionalis.shop\/schau-auf-di-handgeruehrte-biokosmetik\/wp-json\/wp\/v2\/media\/1075"}],"wp:attachment":[{"href":"https:\/\/www.regionalis.shop\/schau-auf-di-handgeruehrte-biokosmetik\/wp-json\/wp\/v2\/media?parent=1074"}],"wp:term":[{"taxonomy":"product_brand","embeddable":true,"href":"https:\/\/www.regionalis.shop\/schau-auf-di-handgeruehrte-biokosmetik\/wp-json\/wp\/v2\/product_brand?post=1074"},{"taxonomy":"product_cat","embeddable":true,"href":"https:\/\/www.regionalis.shop\/schau-auf-di-handgeruehrte-biokosmetik\/wp-json\/wp\/v2\/product_cat?post=1074"},{"taxonomy":"product_tag","embeddable":true,"href":"https:\/\/www.regionalis.shop\/schau-auf-di-handgeruehrte-biokosmetik\/wp-json\/wp\/v2\/product_tag?post=1074"}],"curies":[{"name":"wp","href":"https:\/\/api.w.org\/{rel}","templated":true}]}}