{"id":1076,"date":"2025-04-28T03:43:11","date_gmt":"2025-04-28T01:43:11","guid":{"rendered":"https:\/\/www.regionalis.shop\/schau-auf-di-handgeruehrte-biokosmetik\/product\/kaeltebalsam-bio\/"},"modified":"2025-04-28T03:43:11","modified_gmt":"2025-04-28T01:43:11","slug":"kaeltebalsam-bio","status":"publish","type":"product","link":"https:\/\/www.regionalis.shop\/schau-auf-di-handgeruehrte-biokosmetik\/shop\/kaeltebalsam-bio\/","title":{"rendered":"K\u00e4ltebalsam BIO"},"content":{"rendered":"<p>Als Balsam bezeichnen wir dickfl\u00fcssige, sirupartige bis feste Gemische nat\u00fcrlicher Bio\u00f6le und Bienenwachs mit fein duftenden \u00e4therischen \u00d6len. <\/p>\n<p>Dieser reichhaltige K\u00e4ltebalsam ist ein Gemisch von Biobienenwachs mit Raps- und Sonnenblumen\u00f6l. Er sch\u00fctzt die Haut bei jeglichen Outdoor Aktivit\u00e4ten gegen Wind, Wasser und K\u00e4lte. <\/p>\n<p>Hinzu kommt seine regenerative Wirkung bei trockener, empfindlicher, schuppiger oder rissige Haut. Vitamin E dient als Schutzschirm, macht zudem die Haut zart und geschmeidig und beugt Entz\u00fcndungen vor. Im Raps\u00f6l enthaltenes Lecithin wirkt r\u00fcckfettend und unterst\u00fctzt den Feuchtigkeitshaushalt der Haut.<\/p>\n","protected":false},"excerpt":{"rendered":"<p>Als Balsam bezeichnen wir dickfl\u00fcssige, sirupartige bis feste Gemische nat\u00fcrlicher Bio\u00f6le und Bienenwachs mit fein duftenden \u00e4therischen \u00d6len. Dieser reichhaltige K\u00e4ltebalsam ist ein Gemisch von Biobienenwachs mit Raps- und Sonnenblumen\u00f6l. Er sch\u00fctzt die Haut bei jeglichen Outdoor Aktivit\u00e4ten gegen Wind, Wasser und K\u00e4lte. Hinzu kommt seine regenerative Wirkung bei trockener, empfindlicher, schuppiger oder rissige Haut. &hellip; <a href=\"https:\/\/www.regionalis.shop\/schau-auf-di-handgeruehrte-biokosmetik\/shop\/kaeltebalsam-bio\/\">Continued<\/a><\/p>\n","protected":false},"featured_media":1077,"template":"","meta":{"_acf_changed":false},"product_brand":[],"product_cat":[122,52],"product_tag":[],"class_list":{"0":"post-1076","1":"product","2":"type-product","3":"status-publish","4":"has-post-thumbnail","6":"product_cat-cremen-salben","7":"product_cat-kosmetika","9":"first","10":"instock","11":"purchasable","12":"product-type-simple"},"acf":[],"_links":{"self":[{"href":"https:\/\/www.regionalis.shop\/schau-auf-di-handgeruehrte-biokosmetik\/wp-json\/wp\/v2\/product\/1076","targetHints":{"allow":["GET"]}}],"collection":[{"href":"https:\/\/www.regionalis.shop\/schau-auf-di-handgeruehrte-biokosmetik\/wp-json\/wp\/v2\/product"}],"about":[{"href":"https:\/\/www.regionalis.shop\/schau-auf-di-handgeruehrte-biokosmetik\/wp-json\/wp\/v2\/types\/product"}],"wp:featuredmedia":[{"embeddable":true,"href":"https:\/\/www.regionalis.shop\/schau-auf-di-handgeruehrte-biokosmetik\/wp-json\/wp\/v2\/media\/1077"}],"wp:attachment":[{"href":"https:\/\/www.regionalis.shop\/schau-auf-di-handgeruehrte-biokosmetik\/wp-json\/wp\/v2\/media?parent=1076"}],"wp:term":[{"taxonomy":"product_brand","embeddable":true,"href":"https:\/\/www.regionalis.shop\/schau-auf-di-handgeruehrte-biokosmetik\/wp-json\/wp\/v2\/product_brand?post=1076"},{"taxonomy":"product_cat","embeddable":true,"href":"https:\/\/www.regionalis.shop\/schau-auf-di-handgeruehrte-biokosmetik\/wp-json\/wp\/v2\/product_cat?post=1076"},{"taxonomy":"product_tag","embeddable":true,"href":"https:\/\/www.regionalis.shop\/schau-auf-di-handgeruehrte-biokosmetik\/wp-json\/wp\/v2\/product_tag?post=1076"}],"curies":[{"name":"wp","href":"https:\/\/api.w.org\/{rel}","templated":true}]}}