{"id":1078,"date":"2025-04-28T03:43:11","date_gmt":"2025-04-28T01:43:11","guid":{"rendered":"https:\/\/www.regionalis.shop\/schau-auf-di-handgeruehrte-biokosmetik\/product\/lippenbalsam-outdoor-bio\/"},"modified":"2025-04-28T03:43:11","modified_gmt":"2025-04-28T01:43:11","slug":"lippenbalsam-outdoor-bio","status":"publish","type":"product","link":"https:\/\/www.regionalis.shop\/schau-auf-di-handgeruehrte-biokosmetik\/shop\/lippenbalsam-outdoor-bio\/","title":{"rendered":"Lippenbalsam Outdoor Bio"},"content":{"rendered":"<p>Das Biobienenwachs zusammen mit feinem Bio\u00f6l ergibt eine leichte Konsistenz und bildet einen zarten, einh\u00fcllenden Schutzfilm, welcher besonders bei K\u00e4lte, N\u00e4sse und Wind deine Lippen sch\u00fctzt und spr\u00f6de, trockene Lippen vorbeugt und ausgesprochen wohltuend wirkt.<\/p>\n<p>Unser kostbares Biobienenwachs wird behutsam im Wasserbad geschmolzen, da empfindliche Naturstoffe nie zu stark erhitzt werden d\u00fcrfen, bevor diese danach weiterverarbeitet werden.<\/p>\n","protected":false},"excerpt":{"rendered":"<p>Das Biobienenwachs zusammen mit feinem Bio\u00f6l ergibt eine leichte Konsistenz und bildet einen zarten, einh\u00fcllenden Schutzfilm, welcher besonders bei K\u00e4lte, N\u00e4sse und Wind deine Lippen sch\u00fctzt und spr\u00f6de, trockene Lippen vorbeugt und ausgesprochen wohltuend wirkt. Unser kostbares Biobienenwachs wird behutsam im Wasserbad geschmolzen, da empfindliche Naturstoffe nie zu stark erhitzt werden d\u00fcrfen, bevor diese danach &hellip; <a href=\"https:\/\/www.regionalis.shop\/schau-auf-di-handgeruehrte-biokosmetik\/shop\/lippenbalsam-outdoor-bio\/\">Continued<\/a><\/p>\n","protected":false},"featured_media":1079,"template":"","meta":{"_acf_changed":false},"product_brand":[],"product_cat":[52,56],"product_tag":[],"class_list":{"0":"post-1078","1":"product","2":"type-product","3":"status-publish","4":"has-post-thumbnail","6":"product_cat-kosmetika","7":"product_cat-lippenpflege","9":"first","10":"instock","11":"purchasable","12":"product-type-simple"},"acf":[],"_links":{"self":[{"href":"https:\/\/www.regionalis.shop\/schau-auf-di-handgeruehrte-biokosmetik\/wp-json\/wp\/v2\/product\/1078","targetHints":{"allow":["GET"]}}],"collection":[{"href":"https:\/\/www.regionalis.shop\/schau-auf-di-handgeruehrte-biokosmetik\/wp-json\/wp\/v2\/product"}],"about":[{"href":"https:\/\/www.regionalis.shop\/schau-auf-di-handgeruehrte-biokosmetik\/wp-json\/wp\/v2\/types\/product"}],"wp:featuredmedia":[{"embeddable":true,"href":"https:\/\/www.regionalis.shop\/schau-auf-di-handgeruehrte-biokosmetik\/wp-json\/wp\/v2\/media\/1079"}],"wp:attachment":[{"href":"https:\/\/www.regionalis.shop\/schau-auf-di-handgeruehrte-biokosmetik\/wp-json\/wp\/v2\/media?parent=1078"}],"wp:term":[{"taxonomy":"product_brand","embeddable":true,"href":"https:\/\/www.regionalis.shop\/schau-auf-di-handgeruehrte-biokosmetik\/wp-json\/wp\/v2\/product_brand?post=1078"},{"taxonomy":"product_cat","embeddable":true,"href":"https:\/\/www.regionalis.shop\/schau-auf-di-handgeruehrte-biokosmetik\/wp-json\/wp\/v2\/product_cat?post=1078"},{"taxonomy":"product_tag","embeddable":true,"href":"https:\/\/www.regionalis.shop\/schau-auf-di-handgeruehrte-biokosmetik\/wp-json\/wp\/v2\/product_tag?post=1078"}],"curies":[{"name":"wp","href":"https:\/\/api.w.org\/{rel}","templated":true}]}}