{"id":1084,"date":"2025-11-03T16:13:53","date_gmt":"2025-11-03T15:13:53","guid":{"rendered":"https:\/\/www.regionalis.shop\/schau-auf-di-handgeruehrte-biokosmetik\/?post_type=product&#038;p=1084"},"modified":"2025-11-03T16:13:53","modified_gmt":"2025-11-03T15:13:53","slug":"raumspray-zimtsalabim-bio","status":"publish","type":"product","link":"https:\/\/www.regionalis.shop\/schau-auf-di-handgeruehrte-biokosmetik\/shop\/raumspray-zimtsalabim-bio\/","title":{"rendered":"Raumspray Zimtsalabim bio"},"content":{"rendered":"<p>Unser <em>Bio-Raumspray ZimtSalabim<\/em> verzaubert dein Zuhause mit dem warm-w\u00fcrzigen Duft der Adventszeit. Die feine Spr\u00fchnebel-Formel kombiniert sanften <strong>Bio-Alkohol<\/strong> mit klarem <strong>\u00e4therischem Lemongras\u00f6l<\/strong>, sonnigem <strong>Orangen\u00f6l<\/strong>, erdendem <strong>Wacholder\u00f6l<\/strong> und w\u00fcrzigem <strong>Zimtrinden\u00f6l<\/strong> \u2013 f\u00fcr eine gem\u00fctliche, einladende Atmosph\u00e4re an kalten Tagen.<\/p>\n<ul>\n<li>Schafft warme, heimelige Stimmung<\/li>\n<li>Belebt und kl\u00e4rt die Raumluft<\/li>\n<li>Neutralisiert leichte Ger\u00fcche auf nat\u00fcrliche Weise<\/li>\n<li>100 % naturreine \u00e4therische Bio\u00f6le<\/li>\n<\/ul>\n<p><strong>Anwendung:<\/strong><br \/>\n2\u20133 Spr\u00fchst\u00f6\u00dfe in die Luft oder auf Textilien geben. Kurz verfliegen lassen und die festliche Duftwolke genie\u00dfen \u2013 ideal f\u00fcr Wohnzimmer, Arbeitszimmer oder WC.<\/p>\n<p><strong>Verpackungseinheit:<\/strong><br \/>\n100 ml in der eleganten Glasflasche mit feinem Spr\u00fchaufsatz<\/p>\n<p><strong>Inhaltsstoffe (Deutsch):<\/strong><br \/>\nWasser, Alkohol*, \u00e4therisches Lemongras\u00f6l*, \u00e4therisches Orangen\u00f6l*, \u00e4therisches Wacholder\u00f6l*, \u00e4therisches Zimtrinden\u00f6l*<br \/>\n*aus kontrolliert biologischem Anbau (Bio)<\/p>\n","protected":false},"excerpt":{"rendered":"<p>Unser Bio-Raumspray ZimtSalabim verzaubert dein Zuhause mit dem warm-w\u00fcrzigen Duft der Adventszeit. Die feine Spr\u00fchnebel-Formel kombiniert sanften Bio-Alkohol mit klarem \u00e4therischem Lemongras\u00f6l, sonnigem Orangen\u00f6l, erdendem Wacholder\u00f6l und w\u00fcrzigem Zimtrinden\u00f6l \u2013 f\u00fcr eine gem\u00fctliche, einladende Atmosph\u00e4re an kalten Tagen. Schafft warme, heimelige Stimmung Belebt und kl\u00e4rt die Raumluft Neutralisiert leichte Ger\u00fcche auf nat\u00fcrliche Weise 100 % &hellip; <a href=\"https:\/\/www.regionalis.shop\/schau-auf-di-handgeruehrte-biokosmetik\/shop\/raumspray-zimtsalabim-bio\/\">Continued<\/a><\/p>\n","protected":false},"featured_media":1146,"template":"","meta":{"_acf_changed":false},"product_brand":[],"product_cat":[18],"product_tag":[],"class_list":{"0":"post-1084","1":"product","2":"type-product","3":"status-publish","4":"has-post-thumbnail","6":"product_cat-uncategorised","8":"first","9":"instock","10":"taxable","11":"shipping-taxable","12":"purchasable","13":"product-type-simple"},"acf":[],"_links":{"self":[{"href":"https:\/\/www.regionalis.shop\/schau-auf-di-handgeruehrte-biokosmetik\/wp-json\/wp\/v2\/product\/1084","targetHints":{"allow":["GET"]}}],"collection":[{"href":"https:\/\/www.regionalis.shop\/schau-auf-di-handgeruehrte-biokosmetik\/wp-json\/wp\/v2\/product"}],"about":[{"href":"https:\/\/www.regionalis.shop\/schau-auf-di-handgeruehrte-biokosmetik\/wp-json\/wp\/v2\/types\/product"}],"wp:featuredmedia":[{"embeddable":true,"href":"https:\/\/www.regionalis.shop\/schau-auf-di-handgeruehrte-biokosmetik\/wp-json\/wp\/v2\/media\/1146"}],"wp:attachment":[{"href":"https:\/\/www.regionalis.shop\/schau-auf-di-handgeruehrte-biokosmetik\/wp-json\/wp\/v2\/media?parent=1084"}],"wp:term":[{"taxonomy":"product_brand","embeddable":true,"href":"https:\/\/www.regionalis.shop\/schau-auf-di-handgeruehrte-biokosmetik\/wp-json\/wp\/v2\/product_brand?post=1084"},{"taxonomy":"product_cat","embeddable":true,"href":"https:\/\/www.regionalis.shop\/schau-auf-di-handgeruehrte-biokosmetik\/wp-json\/wp\/v2\/product_cat?post=1084"},{"taxonomy":"product_tag","embeddable":true,"href":"https:\/\/www.regionalis.shop\/schau-auf-di-handgeruehrte-biokosmetik\/wp-json\/wp\/v2\/product_tag?post=1084"}],"curies":[{"name":"wp","href":"https:\/\/api.w.org\/{rel}","templated":true}]}}