{"id":1157,"date":"2025-11-10T16:26:00","date_gmt":"2025-11-10T15:26:00","guid":{"rendered":"https:\/\/www.regionalis.shop\/schau-auf-di-handgeruehrte-biokosmetik\/?post_type=product&#038;p=1157"},"modified":"2025-11-10T16:29:56","modified_gmt":"2025-11-10T15:29:56","slug":"aetherische-oelmischung-zimtsalabim","status":"publish","type":"product","link":"https:\/\/www.regionalis.shop\/schau-auf-di-handgeruehrte-biokosmetik\/shop\/aetherische-oelmischung-zimtsalabim\/","title":{"rendered":"\u00c4therische \u00d6lmischung \u2013 ZimtSalabim BIO"},"content":{"rendered":"<div class=\"text-holder\">\n<p class=\"\" data-start=\"220\" data-end=\"554\">Unsere <em data-start=\"227\" data-end=\"262\">\u00e4therische \u00d6lmischung ZimtSalabim<\/em> bringt die Magie der Winterzeit in dein Zuhause. Die w\u00e4rmende Mischung aus <strong data-start=\"338\" data-end=\"354\">Zimtrinden\u00f6l<\/strong>, <strong data-start=\"356\" data-end=\"369\">Orangen\u00f6l<\/strong> und <strong data-start=\"374\" data-end=\"386\">Salbei\u00f6l<\/strong> schafft eine gem\u00fctliche, einladende Atmosph\u00e4re \u2013 perfekt f\u00fcr kalte Tage, kuschelige Abende und festliche Stimmung. Ideal f\u00fcr alle, die den Duft von Weihnachten lieben.<\/p>\n<p class=\"\" data-start=\"556\" data-end=\"569\"><strong data-start=\"556\" data-end=\"569\">Vorteile:<\/strong><\/p>\n<ul data-start=\"570\" data-end=\"722\">\n<li class=\"\" data-start=\"570\" data-end=\"612\">\n<p class=\"\" data-start=\"572\" data-end=\"612\">W\u00fcrzig-warmer Duft f\u00fcr Wohlf\u00fchlmomente<\/p>\n<\/li>\n<li class=\"\" data-start=\"613\" data-end=\"670\">\n<p class=\"\" data-start=\"615\" data-end=\"670\">Schafft Geborgenheit &amp; eine entspannte Raumatmosph\u00e4re<\/p>\n<\/li>\n<li class=\"\" data-start=\"671\" data-end=\"722\">\n<p class=\"\" data-start=\"673\" data-end=\"722\">Ideal f\u00fcr die Adventzeit, Rituale &amp; ruhige Abende<\/p>\n<\/li>\n<\/ul>\n<p class=\"\" data-start=\"724\" data-end=\"907\"><strong data-start=\"724\" data-end=\"738\">Anwendung:<\/strong><br data-start=\"738\" data-end=\"741\" \/>Einige Tropfen in den Diffuser oder die Duftlampe geben \u2013 f\u00fcr gem\u00fctliche, festliche Stimmung. Auch geeignet f\u00fcr Potpourris, Duftsteine oder selbstgemachte Raumsprays.<\/p>\n<p class=\"\" data-start=\"909\" data-end=\"1018\"><strong data-start=\"909\" data-end=\"932\">Verpackungseinheit:<\/strong><br data-start=\"932\" data-end=\"935\" \/>10 ml in der Braunglasflasche mit Tropfeinsatz \u2013 lichtgesch\u00fctzt &amp; pr\u00e4zise dosierbar<\/p>\n<p class=\"\" data-start=\"1020\" data-end=\"1159\"><strong data-start=\"1020\" data-end=\"1038\">Inhaltsstoffe:<\/strong><br data-start=\"1038\" data-end=\"1041\" \/>\u00c4therisches Zimtrinden\u00f6l*, \u00e4therisches Orangen\u00f6l*, \u00e4therisches Salbei\u00f6l*<br data-start=\"1113\" data-end=\"1116\" \/>*aus kontrolliert biologischem Anbau (Bio)<\/p>\n<\/div>\n","protected":false},"excerpt":{"rendered":"<p>Unsere <em data-start=\"227\" data-end=\"262\">\u00e4therische \u00d6lmischung ZimtSalabim<\/em> bringt die Magie der Winterzeit in dein Zuhause. Die w\u00e4rmende Mischung aus <strong data-start=\"338\" data-end=\"354\">Zimtrinden\u00f6l<\/strong>, <strong data-start=\"356\" data-end=\"369\">Orangen\u00f6l<\/strong> und <strong data-start=\"374\" data-end=\"386\">Salbei\u00f6l<\/strong> schafft eine gem\u00fctliche, einladende Atmosph\u00e4re \u2013 perfekt f\u00fcr kalte Tage, kuschelige Abende und festliche Stimmung. Ideal f\u00fcr alle, die den Duft von Weihnachten lieben.<\/p>\n","protected":false},"featured_media":1158,"template":"","meta":{"_acf_changed":false},"product_brand":[],"product_cat":[111],"product_tag":[],"class_list":{"0":"post-1157","1":"product","2":"type-product","3":"status-publish","4":"has-post-thumbnail","6":"product_cat-aromasprays-duftoele","8":"first","9":"instock","10":"taxable","11":"shipping-taxable","12":"purchasable","13":"product-type-simple"},"acf":[],"_links":{"self":[{"href":"https:\/\/www.regionalis.shop\/schau-auf-di-handgeruehrte-biokosmetik\/wp-json\/wp\/v2\/product\/1157","targetHints":{"allow":["GET"]}}],"collection":[{"href":"https:\/\/www.regionalis.shop\/schau-auf-di-handgeruehrte-biokosmetik\/wp-json\/wp\/v2\/product"}],"about":[{"href":"https:\/\/www.regionalis.shop\/schau-auf-di-handgeruehrte-biokosmetik\/wp-json\/wp\/v2\/types\/product"}],"wp:featuredmedia":[{"embeddable":true,"href":"https:\/\/www.regionalis.shop\/schau-auf-di-handgeruehrte-biokosmetik\/wp-json\/wp\/v2\/media\/1158"}],"wp:attachment":[{"href":"https:\/\/www.regionalis.shop\/schau-auf-di-handgeruehrte-biokosmetik\/wp-json\/wp\/v2\/media?parent=1157"}],"wp:term":[{"taxonomy":"product_brand","embeddable":true,"href":"https:\/\/www.regionalis.shop\/schau-auf-di-handgeruehrte-biokosmetik\/wp-json\/wp\/v2\/product_brand?post=1157"},{"taxonomy":"product_cat","embeddable":true,"href":"https:\/\/www.regionalis.shop\/schau-auf-di-handgeruehrte-biokosmetik\/wp-json\/wp\/v2\/product_cat?post=1157"},{"taxonomy":"product_tag","embeddable":true,"href":"https:\/\/www.regionalis.shop\/schau-auf-di-handgeruehrte-biokosmetik\/wp-json\/wp\/v2\/product_tag?post=1157"}],"curies":[{"name":"wp","href":"https:\/\/api.w.org\/{rel}","templated":true}]}}